{"id":32170,"date":"2020-09-30T12:06:41","date_gmt":"2020-09-30T16:06:41","guid":{"rendered":"http:\/\/wp-pgs-equipements-adrien-phaneuf.elidevapp1aws.elisys-servers.ca\/product\/laveuse-a-pression-7hp-3100psi-pe-cih\/"},"modified":"2025-09-30T06:04:04","modified_gmt":"2025-09-30T10:04:04","slug":"laveuse-a-pression-7hp-3100psi-pe-cih","status":"publish","type":"product","link":"http:\/\/wp-pgs-equipements-adrien-phaneuf.elidevapp1aws.elisys-servers.ca\/fr\/produit\/laveuse-a-pression-7hp-3100psi-pe-cih\/","title":{"rendered":"LAVEUSE A PRESSION 7HP 3100PSI PE CIH"},"content":{"rendered":"<p>Moteur PowerEase OHV R210<br \/>\nDirect -drive , pompe axiale de qualit\u00e9 commerciale<br \/>\nTuyau \u00e0 haute pression avec raccords rapides 25 pieds x 1 \/4-pouce<br \/>\nPistolet 36 pouces de qualit\u00e9 industrielle \/ assemblage de baguette<br \/>\n4 buses de pulv\u00e9risation (0 degr\u00e9s, 15 degr\u00e9s, 40 degr\u00e9s, soaper ), injecteur de savon en aval ( basse pression )<\/p>\n","protected":false},"excerpt":{"rendered":"<p>Moteur PowerEase OHV R210 Direct -drive , pompe axiale de qualit\u00e9 commerciale Tuyau \u00e0 haute pression avec raccords rapides 25 pieds x 1 \/4-pouce Pistolet 36 pouces de qualit\u00e9 industrielle \/ assemblage de baguette 4 buses de pulv\u00e9risation (0 degr\u00e9s, 15 degr\u00e9s, 40 degr\u00e9s, soaper ), injecteur de savon en aval ( basse pression )<\/p>\n","protected":false},"featured_media":32171,"template":"","meta":[],"product-sub-category":[394],"brand":[111],"product-third-category":[],"acf":{"product_vendor":"CAS","product_stock_victoriaville":"1","product_stock_shefford":"0","product_stock_upton":"0","product_stock_durantaye":"0","product_stock_marieville":"0","product_stock_stematine":"0","product_stock_stclet":"","product_stock_huntingdon":"0","child_inventory_variation":""},"_links":{"self":[{"href":"http:\/\/wp-pgs-equipements-adrien-phaneuf.elidevapp1aws.elisys-servers.ca\/fr\/wp-json\/wp\/v2\/product\/32170"}],"collection":[{"href":"http:\/\/wp-pgs-equipements-adrien-phaneuf.elidevapp1aws.elisys-servers.ca\/fr\/wp-json\/wp\/v2\/product"}],"about":[{"href":"http:\/\/wp-pgs-equipements-adrien-phaneuf.elidevapp1aws.elisys-servers.ca\/fr\/wp-json\/wp\/v2\/types\/product"}],"wp:featuredmedia":[{"embeddable":true,"href":"http:\/\/wp-pgs-equipements-adrien-phaneuf.elidevapp1aws.elisys-servers.ca\/fr\/wp-json\/wp\/v2\/media\/32171"}],"wp:attachment":[{"href":"http:\/\/wp-pgs-equipements-adrien-phaneuf.elidevapp1aws.elisys-servers.ca\/fr\/wp-json\/wp\/v2\/media?parent=32170"}],"wp:term":[{"taxonomy":"product-sub-category","embeddable":true,"href":"http:\/\/wp-pgs-equipements-adrien-phaneuf.elidevapp1aws.elisys-servers.ca\/fr\/wp-json\/wp\/v2\/product-sub-category?post=32170"},{"taxonomy":"brand","embeddable":true,"href":"http:\/\/wp-pgs-equipements-adrien-phaneuf.elidevapp1aws.elisys-servers.ca\/fr\/wp-json\/wp\/v2\/brand?post=32170"},{"taxonomy":"product-third-category","embeddable":true,"href":"http:\/\/wp-pgs-equipements-adrien-phaneuf.elidevapp1aws.elisys-servers.ca\/fr\/wp-json\/wp\/v2\/product-third-category?post=32170"}],"curies":[{"name":"wp","href":"https:\/\/api.w.org\/{rel}","templated":true}]}}