{"id":32173,"date":"2020-09-30T12:07:12","date_gmt":"2020-09-30T16:07:12","guid":{"rendered":"http:\/\/wp-pgs-equipements-adrien-phaneuf.elidevapp1aws.elisys-servers.ca\/product\/couvercle-pour-tube-verseur-caseih-mc3250\/"},"modified":"2025-09-30T06:04:04","modified_gmt":"2025-09-30T10:04:04","slug":"couvercle-pour-tube-verseur-caseih-mc3250","status":"publish","type":"product","link":"http:\/\/wp-pgs-equipements-adrien-phaneuf.elidevapp1aws.elisys-servers.ca\/fr\/produit\/couvercle-pour-tube-verseur-caseih-mc3250\/","title":{"rendered":"Couvercle pour tube verseur CASEIH (Mc3250)"},"content":{"rendered":"<p>Conception \u00e0 deux filets pour un gallon jarres, seaux de cinq gallons et un quart conteneurs<\/p>\n<p>L&rsquo;admission d&rsquo;air ventil\u00e9 permet un \u00e9coulement rapide et facile sans rote<\/p>\n<p>Comprend un capuchon pour \u00e9liminer les gouttes ind\u00e9sirables ou la contamination<\/p>\n<p>Parfait pour les lubrifiants, les liquides de refroidissement et les produits chimiques<\/p>\n","protected":false},"excerpt":{"rendered":"<p>Conception \u00e0 deux filets pour un gallon jarres, seaux de cinq gallons et un quart conteneurs L&rsquo;admission d&rsquo;air ventil\u00e9 permet un \u00e9coulement rapide et facile sans rote Comprend un capuchon pour \u00e9liminer les gouttes ind\u00e9sirables ou la contamination Parfait pour les lubrifiants, les liquides de refroidissement et les produits chimiques<\/p>\n","protected":false},"featured_media":32174,"template":"","meta":[],"product-sub-category":[236,248],"brand":[114],"product-third-category":[],"acf":{"product_vendor":"CAS","product_stock_durantaye":"3","product_stock_marieville":"4"},"_links":{"self":[{"href":"http:\/\/wp-pgs-equipements-adrien-phaneuf.elidevapp1aws.elisys-servers.ca\/fr\/wp-json\/wp\/v2\/product\/32173"}],"collection":[{"href":"http:\/\/wp-pgs-equipements-adrien-phaneuf.elidevapp1aws.elisys-servers.ca\/fr\/wp-json\/wp\/v2\/product"}],"about":[{"href":"http:\/\/wp-pgs-equipements-adrien-phaneuf.elidevapp1aws.elisys-servers.ca\/fr\/wp-json\/wp\/v2\/types\/product"}],"wp:featuredmedia":[{"embeddable":true,"href":"http:\/\/wp-pgs-equipements-adrien-phaneuf.elidevapp1aws.elisys-servers.ca\/fr\/wp-json\/wp\/v2\/media\/32174"}],"wp:attachment":[{"href":"http:\/\/wp-pgs-equipements-adrien-phaneuf.elidevapp1aws.elisys-servers.ca\/fr\/wp-json\/wp\/v2\/media?parent=32173"}],"wp:term":[{"taxonomy":"product-sub-category","embeddable":true,"href":"http:\/\/wp-pgs-equipements-adrien-phaneuf.elidevapp1aws.elisys-servers.ca\/fr\/wp-json\/wp\/v2\/product-sub-category?post=32173"},{"taxonomy":"brand","embeddable":true,"href":"http:\/\/wp-pgs-equipements-adrien-phaneuf.elidevapp1aws.elisys-servers.ca\/fr\/wp-json\/wp\/v2\/brand?post=32173"},{"taxonomy":"product-third-category","embeddable":true,"href":"http:\/\/wp-pgs-equipements-adrien-phaneuf.elidevapp1aws.elisys-servers.ca\/fr\/wp-json\/wp\/v2\/product-third-category?post=32173"}],"curies":[{"name":"wp","href":"https:\/\/api.w.org\/{rel}","templated":true}]}}