{"id":32176,"date":"2020-09-30T12:07:12","date_gmt":"2020-09-30T16:07:12","guid":{"rendered":"http:\/\/wp-pgs-equipements-adrien-phaneuf.elidevapp1aws.elisys-servers.ca\/product\/attache-a-cliquet-standard-crochets-en-j-manche-a-poignee-flex-grip-caseih-mc3300\/"},"modified":"2025-09-30T06:04:05","modified_gmt":"2025-09-30T10:04:05","slug":"attache-a-cliquet-standard-crochets-en-j-manche-a-poignee-flex-grip-caseih-mc3300","status":"publish","type":"product","link":"http:\/\/wp-pgs-equipements-adrien-phaneuf.elidevapp1aws.elisys-servers.ca\/fr\/produit\/attache-a-cliquet-standard-crochets-en-j-manche-a-poignee-flex-grip-caseih-mc3300\/","title":{"rendered":"Attache \u00e0 cliquet standard, crochets en J, manche \u00e0 poign\u00e9e Flex Grip CASEIH (MC3300)"},"content":{"rendered":"<p>16 &lsquo;x 1 \u00a0\u00bb<\/p>\n<p>R\u00e9sistance \u00e0 la rupture 1,500 lbs<\/p>\n<p>Charge de travail 500 lbs<\/p>\n<p>Poign\u00e9es en caoutchouc thermoplastique<\/p>\n<p>Mat\u00e9riel r\u00e9sistant \u00e0 la chaleur et \u00e0 la corrosion<\/p>\n<p>La sangle coup\u00e9e et r\u00e9sistante \u00e0 l&rsquo;abrasion est tiss\u00e9e \u00e0 partir d&rsquo;un polyester \u00e0 haute r\u00e9sistance \u00e0 la traction<\/p>\n","protected":false},"excerpt":{"rendered":"<p>16 &lsquo;x 1 \u00a0\u00bb R\u00e9sistance \u00e0 la rupture 1,500 lbs Charge de travail 500 lbs Poign\u00e9es en caoutchouc thermoplastique Mat\u00e9riel r\u00e9sistant \u00e0 la chaleur et \u00e0 la corrosion La sangle coup\u00e9e et r\u00e9sistante \u00e0 l&rsquo;abrasion est tiss\u00e9e \u00e0 partir d&rsquo;un polyester \u00e0 haute r\u00e9sistance \u00e0 la traction<\/p>\n","protected":false},"featured_media":32177,"template":"","meta":[],"product-sub-category":[236,248],"brand":[111],"product-third-category":[],"acf":{"product_vendor":"CAS","product_stock_shefford":"1","product_stock_upton":"8","product_stock_victoriaville":"8"},"_links":{"self":[{"href":"http:\/\/wp-pgs-equipements-adrien-phaneuf.elidevapp1aws.elisys-servers.ca\/fr\/wp-json\/wp\/v2\/product\/32176"}],"collection":[{"href":"http:\/\/wp-pgs-equipements-adrien-phaneuf.elidevapp1aws.elisys-servers.ca\/fr\/wp-json\/wp\/v2\/product"}],"about":[{"href":"http:\/\/wp-pgs-equipements-adrien-phaneuf.elidevapp1aws.elisys-servers.ca\/fr\/wp-json\/wp\/v2\/types\/product"}],"wp:featuredmedia":[{"embeddable":true,"href":"http:\/\/wp-pgs-equipements-adrien-phaneuf.elidevapp1aws.elisys-servers.ca\/fr\/wp-json\/wp\/v2\/media\/32177"}],"wp:attachment":[{"href":"http:\/\/wp-pgs-equipements-adrien-phaneuf.elidevapp1aws.elisys-servers.ca\/fr\/wp-json\/wp\/v2\/media?parent=32176"}],"wp:term":[{"taxonomy":"product-sub-category","embeddable":true,"href":"http:\/\/wp-pgs-equipements-adrien-phaneuf.elidevapp1aws.elisys-servers.ca\/fr\/wp-json\/wp\/v2\/product-sub-category?post=32176"},{"taxonomy":"brand","embeddable":true,"href":"http:\/\/wp-pgs-equipements-adrien-phaneuf.elidevapp1aws.elisys-servers.ca\/fr\/wp-json\/wp\/v2\/brand?post=32176"},{"taxonomy":"product-third-category","embeddable":true,"href":"http:\/\/wp-pgs-equipements-adrien-phaneuf.elidevapp1aws.elisys-servers.ca\/fr\/wp-json\/wp\/v2\/product-third-category?post=32176"}],"curies":[{"name":"wp","href":"https:\/\/api.w.org\/{rel}","templated":true}]}}