{"id":32182,"date":"2020-09-30T12:07:12","date_gmt":"2020-09-30T16:07:12","guid":{"rendered":"http:\/\/wp-pgs-equipements-adrien-phaneuf.elidevapp1aws.elisys-servers.ca\/product\/attache-a-cliquet-standard-crochets-en-jj-poignee-anti-grip-caseih-mc3600\/"},"modified":"2025-09-30T06:04:05","modified_gmt":"2025-09-30T10:04:05","slug":"attache-a-cliquet-standard-crochets-en-jj-poignee-anti-grip-caseih-mc3600","status":"publish","type":"product","link":"http:\/\/wp-pgs-equipements-adrien-phaneuf.elidevapp1aws.elisys-servers.ca\/fr\/produit\/attache-a-cliquet-standard-crochets-en-jj-poignee-anti-grip-caseih-mc3600\/","title":{"rendered":"Attache \u00e0 cliquet standard, crochets en JJ,  poign\u00e9e anti-Grip CASEIH (MC3600)"},"content":{"rendered":"<p>16 &lsquo;x 1-1 \/ 2 \u00a0\u00bb<\/p>\n<p>R\u00e9sistance \u00e0 la rupture 5,000 lbs<\/p>\n<p>Charge de travail 1,665 lbs<\/p>\n<p>Poign\u00e9es en caoutchouc thermoplastique<\/p>\n<p>Mat\u00e9riel r\u00e9sistant \u00e0 la chaleur et \u00e0 la corrosion<\/p>\n<p>La sangle coup\u00e9e et r\u00e9sistante \u00e0 l&rsquo;abrasion est tiss\u00e9e \u00e0 partir d&rsquo;un polyester \u00e0 haute r\u00e9sistance \u00e0 la traction<\/p>\n","protected":false},"excerpt":{"rendered":"<p>16 &lsquo;x 1-1 \/ 2 \u00a0\u00bb R\u00e9sistance \u00e0 la rupture 5,000 lbs Charge de travail 1,665 lbs Poign\u00e9es en caoutchouc thermoplastique Mat\u00e9riel r\u00e9sistant \u00e0 la chaleur et \u00e0 la corrosion La sangle coup\u00e9e et r\u00e9sistante \u00e0 l&rsquo;abrasion est tiss\u00e9e \u00e0 partir d&rsquo;un polyester \u00e0 haute r\u00e9sistance \u00e0 la traction<\/p>\n","protected":false},"featured_media":32183,"template":"","meta":[],"product-sub-category":[236,248],"brand":[111],"product-third-category":[],"acf":{"product_vendor":"CAS","product_stock_victoriaville":"9","product_stock_upton":"7"},"_links":{"self":[{"href":"http:\/\/wp-pgs-equipements-adrien-phaneuf.elidevapp1aws.elisys-servers.ca\/fr\/wp-json\/wp\/v2\/product\/32182"}],"collection":[{"href":"http:\/\/wp-pgs-equipements-adrien-phaneuf.elidevapp1aws.elisys-servers.ca\/fr\/wp-json\/wp\/v2\/product"}],"about":[{"href":"http:\/\/wp-pgs-equipements-adrien-phaneuf.elidevapp1aws.elisys-servers.ca\/fr\/wp-json\/wp\/v2\/types\/product"}],"wp:featuredmedia":[{"embeddable":true,"href":"http:\/\/wp-pgs-equipements-adrien-phaneuf.elidevapp1aws.elisys-servers.ca\/fr\/wp-json\/wp\/v2\/media\/32183"}],"wp:attachment":[{"href":"http:\/\/wp-pgs-equipements-adrien-phaneuf.elidevapp1aws.elisys-servers.ca\/fr\/wp-json\/wp\/v2\/media?parent=32182"}],"wp:term":[{"taxonomy":"product-sub-category","embeddable":true,"href":"http:\/\/wp-pgs-equipements-adrien-phaneuf.elidevapp1aws.elisys-servers.ca\/fr\/wp-json\/wp\/v2\/product-sub-category?post=32182"},{"taxonomy":"brand","embeddable":true,"href":"http:\/\/wp-pgs-equipements-adrien-phaneuf.elidevapp1aws.elisys-servers.ca\/fr\/wp-json\/wp\/v2\/brand?post=32182"},{"taxonomy":"product-third-category","embeddable":true,"href":"http:\/\/wp-pgs-equipements-adrien-phaneuf.elidevapp1aws.elisys-servers.ca\/fr\/wp-json\/wp\/v2\/product-third-category?post=32182"}],"curies":[{"name":"wp","href":"https:\/\/api.w.org\/{rel}","templated":true}]}}