{"id":32185,"date":"2020-09-30T12:07:12","date_gmt":"2020-09-30T16:07:12","guid":{"rendered":"http:\/\/wp-pgs-equipements-adrien-phaneuf.elidevapp1aws.elisys-servers.ca\/product\/laveuse-pression-a-essence-4000-psi\/"},"modified":"2025-09-30T06:04:06","modified_gmt":"2025-09-30T10:04:06","slug":"laveuse-pression-a-essence-4000-psi","status":"publish","type":"product","link":"http:\/\/wp-pgs-equipements-adrien-phaneuf.elidevapp1aws.elisys-servers.ca\/fr\/produit\/laveuse-pression-a-essence-4000-psi\/","title":{"rendered":"Laveuse pression \u00e0 Essence 4000 PSI"},"content":{"rendered":"<p>Moteur PowerEase OHV R420<br \/>\nDirect -drive , de qualit\u00e9 commerciale pompe triplex \u00e0 piston<br \/>\nTuyau \u00e0 haute pression avec raccords rapides 50 pieds x 3 \/8-pouce<br \/>\nPistolet 36 pouces de qualit\u00e9 industrielle \/ assemblage de baguette<br \/>\n4 buses de pulv\u00e9risation (0 degr\u00e9s, 15 degr\u00e9s, 40 degr\u00e9s, soaper ), injecteur de savon en aval ( basse pression )<\/p>\n","protected":false},"excerpt":{"rendered":"<p>Moteur PowerEase OHV R420 Direct -drive , de qualit\u00e9 commerciale pompe triplex \u00e0 piston Tuyau \u00e0 haute pression avec raccords rapides 50 pieds x 3 \/8-pouce Pistolet 36 pouces de qualit\u00e9 industrielle \/ assemblage de baguette 4 buses de pulv\u00e9risation (0 degr\u00e9s, 15 degr\u00e9s, 40 degr\u00e9s, soaper ), injecteur de savon en aval ( basse &hellip; <a href=\"http:\/\/wp-pgs-equipements-adrien-phaneuf.elidevapp1aws.elisys-servers.ca\/fr\/produit\/laveuse-pression-a-essence-4000-psi\/\">Suite<\/a><\/p>\n","protected":false},"featured_media":32186,"template":"","meta":[],"product-sub-category":[394],"brand":[111],"product-third-category":[],"acf":{"product_vendor":"CAS","product_stock_stematine":"0","product_stock_victoriaville":"1","product_stock_shefford":"0","product_stock_upton":"0","product_stock_marieville":"0","product_stock_durantaye":"","product_stock_stclet":"0","product_stock_huntingdon":"","child_inventory_variation":""},"_links":{"self":[{"href":"http:\/\/wp-pgs-equipements-adrien-phaneuf.elidevapp1aws.elisys-servers.ca\/fr\/wp-json\/wp\/v2\/product\/32185"}],"collection":[{"href":"http:\/\/wp-pgs-equipements-adrien-phaneuf.elidevapp1aws.elisys-servers.ca\/fr\/wp-json\/wp\/v2\/product"}],"about":[{"href":"http:\/\/wp-pgs-equipements-adrien-phaneuf.elidevapp1aws.elisys-servers.ca\/fr\/wp-json\/wp\/v2\/types\/product"}],"wp:featuredmedia":[{"embeddable":true,"href":"http:\/\/wp-pgs-equipements-adrien-phaneuf.elidevapp1aws.elisys-servers.ca\/fr\/wp-json\/wp\/v2\/media\/32186"}],"wp:attachment":[{"href":"http:\/\/wp-pgs-equipements-adrien-phaneuf.elidevapp1aws.elisys-servers.ca\/fr\/wp-json\/wp\/v2\/media?parent=32185"}],"wp:term":[{"taxonomy":"product-sub-category","embeddable":true,"href":"http:\/\/wp-pgs-equipements-adrien-phaneuf.elidevapp1aws.elisys-servers.ca\/fr\/wp-json\/wp\/v2\/product-sub-category?post=32185"},{"taxonomy":"brand","embeddable":true,"href":"http:\/\/wp-pgs-equipements-adrien-phaneuf.elidevapp1aws.elisys-servers.ca\/fr\/wp-json\/wp\/v2\/brand?post=32185"},{"taxonomy":"product-third-category","embeddable":true,"href":"http:\/\/wp-pgs-equipements-adrien-phaneuf.elidevapp1aws.elisys-servers.ca\/fr\/wp-json\/wp\/v2\/product-third-category?post=32185"}],"curies":[{"name":"wp","href":"https:\/\/api.w.org\/{rel}","templated":true}]}}