{"id":32191,"date":"2020-09-30T12:07:12","date_gmt":"2020-09-30T16:07:12","guid":{"rendered":"http:\/\/wp-pgs-equipements-adrien-phaneuf.elidevapp1aws.elisys-servers.ca\/product\/pistolet-a-graisse-caseih-mc5401\/"},"modified":"2024-06-25T15:52:10","modified_gmt":"2024-06-25T19:52:10","slug":"pistolet-a-graisse-caseih-mc5401","status":"publish","type":"product","link":"http:\/\/wp-pgs-equipements-adrien-phaneuf.elidevapp1aws.elisys-servers.ca\/fr\/produit\/pistolet-a-graisse-caseih-mc5401\/","title":{"rendered":"Pistolet \u00e0 graisse CASEIH (MC5401)"},"content":{"rendered":"<p>Levier robuste.<\/p>\n<p>Pistolet \u00e0 graisse haut de gamme con\u00e7u pour les applications lourdes.<\/p>\n<p>La conception de course variable est id\u00e9ale pour les zones confin\u00e9es.<\/p>\n<p>D\u00e9veloppe 10.000 psi, construit dur avec la poign\u00e9e en acier robuste, compl\u00e8te avec 6 \u00a0\u00bb\u00a0d&rsquo;extension en acier et professionnel 4 embouts.<\/p>\n","protected":false},"excerpt":{"rendered":"<p>Levier robuste. Pistolet \u00e0 graisse haut de gamme con\u00e7u pour les applications lourdes. La conception de course variable est id\u00e9ale pour les zones confin\u00e9es. D\u00e9veloppe 10.000 psi, construit dur avec la poign\u00e9e en acier robuste, compl\u00e8te avec 6 \u00a0\u00bb\u00a0d&rsquo;extension en acier et professionnel 4 embouts.<\/p>\n","protected":false},"featured_media":32192,"template":"","meta":[],"product-sub-category":[388],"brand":[111],"product-third-category":[],"acf":{"product_vendor":"CAS","product_stock_upton":"0","product_stock_marieville":"1","product_stock_shefford":"","product_stock_victoriaville":"","product_stock_durantaye":"","product_stock_stematine":"","product_stock_stclet":"","product_stock_huntingdon":"","child_inventory_variation":""},"_links":{"self":[{"href":"http:\/\/wp-pgs-equipements-adrien-phaneuf.elidevapp1aws.elisys-servers.ca\/fr\/wp-json\/wp\/v2\/product\/32191"}],"collection":[{"href":"http:\/\/wp-pgs-equipements-adrien-phaneuf.elidevapp1aws.elisys-servers.ca\/fr\/wp-json\/wp\/v2\/product"}],"about":[{"href":"http:\/\/wp-pgs-equipements-adrien-phaneuf.elidevapp1aws.elisys-servers.ca\/fr\/wp-json\/wp\/v2\/types\/product"}],"wp:featuredmedia":[{"embeddable":true,"href":"http:\/\/wp-pgs-equipements-adrien-phaneuf.elidevapp1aws.elisys-servers.ca\/fr\/wp-json\/wp\/v2\/media\/32192"}],"wp:attachment":[{"href":"http:\/\/wp-pgs-equipements-adrien-phaneuf.elidevapp1aws.elisys-servers.ca\/fr\/wp-json\/wp\/v2\/media?parent=32191"}],"wp:term":[{"taxonomy":"product-sub-category","embeddable":true,"href":"http:\/\/wp-pgs-equipements-adrien-phaneuf.elidevapp1aws.elisys-servers.ca\/fr\/wp-json\/wp\/v2\/product-sub-category?post=32191"},{"taxonomy":"brand","embeddable":true,"href":"http:\/\/wp-pgs-equipements-adrien-phaneuf.elidevapp1aws.elisys-servers.ca\/fr\/wp-json\/wp\/v2\/brand?post=32191"},{"taxonomy":"product-third-category","embeddable":true,"href":"http:\/\/wp-pgs-equipements-adrien-phaneuf.elidevapp1aws.elisys-servers.ca\/fr\/wp-json\/wp\/v2\/product-third-category?post=32191"}],"curies":[{"name":"wp","href":"https:\/\/api.w.org\/{rel}","templated":true}]}}