{"id":32194,"date":"2020-09-30T12:07:12","date_gmt":"2020-09-30T16:07:12","guid":{"rendered":"http:\/\/wp-pgs-equipements-adrien-phaneuf.elidevapp1aws.elisys-servers.ca\/product\/pistolet-a-graisse-caseih-mc5403\/"},"modified":"2025-09-30T06:04:06","modified_gmt":"2025-09-30T10:04:06","slug":"pistolet-a-graisse-caseih-bc100006","status":"publish","type":"product","link":"http:\/\/wp-pgs-equipements-adrien-phaneuf.elidevapp1aws.elisys-servers.ca\/fr\/produit\/pistolet-a-graisse-caseih-bc100006\/","title":{"rendered":"Pistolet \u00e0 graisse CASEIH (BC100006)"},"content":{"rendered":"<p>Poign\u00e9e de type pistolet robuste.<\/p>\n<p>T\u00eate en aluminium moul\u00e9 sous pression r\u00e9sistante avec poign\u00e9e pistolet super-forte.<\/p>\n<p>Remplace le MC5403<\/p>\n","protected":false},"excerpt":{"rendered":"<p>Poign\u00e9e de type pistolet robuste. T\u00eate en aluminium moul\u00e9 sous pression r\u00e9sistante avec poign\u00e9e pistolet super-forte. Remplace le MC5403<\/p>\n","protected":false},"featured_media":51116,"template":"","meta":[],"product-sub-category":[388],"brand":[111],"product-third-category":[],"acf":{"product_vendor":"CAS","product_stock_victoriaville":"5","product_stock_shefford":"2","product_stock_upton":"7","product_stock_durantaye":"0","product_stock_marieville":"3","product_stock_stclet":"1","product_stock_stematine":"0","product_stock_huntingdon":"","child_inventory_variation":""},"_links":{"self":[{"href":"http:\/\/wp-pgs-equipements-adrien-phaneuf.elidevapp1aws.elisys-servers.ca\/fr\/wp-json\/wp\/v2\/product\/32194"}],"collection":[{"href":"http:\/\/wp-pgs-equipements-adrien-phaneuf.elidevapp1aws.elisys-servers.ca\/fr\/wp-json\/wp\/v2\/product"}],"about":[{"href":"http:\/\/wp-pgs-equipements-adrien-phaneuf.elidevapp1aws.elisys-servers.ca\/fr\/wp-json\/wp\/v2\/types\/product"}],"wp:featuredmedia":[{"embeddable":true,"href":"http:\/\/wp-pgs-equipements-adrien-phaneuf.elidevapp1aws.elisys-servers.ca\/fr\/wp-json\/wp\/v2\/media\/51116"}],"wp:attachment":[{"href":"http:\/\/wp-pgs-equipements-adrien-phaneuf.elidevapp1aws.elisys-servers.ca\/fr\/wp-json\/wp\/v2\/media?parent=32194"}],"wp:term":[{"taxonomy":"product-sub-category","embeddable":true,"href":"http:\/\/wp-pgs-equipements-adrien-phaneuf.elidevapp1aws.elisys-servers.ca\/fr\/wp-json\/wp\/v2\/product-sub-category?post=32194"},{"taxonomy":"brand","embeddable":true,"href":"http:\/\/wp-pgs-equipements-adrien-phaneuf.elidevapp1aws.elisys-servers.ca\/fr\/wp-json\/wp\/v2\/brand?post=32194"},{"taxonomy":"product-third-category","embeddable":true,"href":"http:\/\/wp-pgs-equipements-adrien-phaneuf.elidevapp1aws.elisys-servers.ca\/fr\/wp-json\/wp\/v2\/product-third-category?post=32194"}],"curies":[{"name":"wp","href":"https:\/\/api.w.org\/{rel}","templated":true}]}}