{"id":32203,"date":"2020-09-30T12:07:54","date_gmt":"2020-09-30T16:07:54","guid":{"rendered":"http:\/\/wp-pgs-equipements-adrien-phaneuf.elidevapp1aws.elisys-servers.ca\/product\/coupleur-professionnel-4-machoires-caseih-mc5412\/"},"modified":"2025-09-30T06:04:07","modified_gmt":"2025-09-30T10:04:07","slug":"coupleur-professionnel-4-machoires-caseih-mc5412","status":"publish","type":"product","link":"http:\/\/wp-pgs-equipements-adrien-phaneuf.elidevapp1aws.elisys-servers.ca\/fr\/produit\/coupleur-professionnel-4-machoires-caseih-mc5412\/","title":{"rendered":"Coupleur professionnel 4-m\u00e2choires CASEIH (MC5412)"},"content":{"rendered":"<p>Professional coupleur 4 m\u00e2choires\u00a0adapt\u00e9 pour pistolets \u00e0 graisse \u00e0 main.<\/p>\n<p>Pression de service: 6000 psi (413 bar).<\/p>\n<p>1\/8 \u00ab\u00a0NPT.<\/p>\n<p>Le corps de coupleur durci r\u00e9siste \u00e0 haute pression sans d\u00e9formation.<\/p>\n<p>\u00c9crou hexagonal pour un serrage facile.<\/p>\n","protected":false},"excerpt":{"rendered":"<p>Professional coupleur 4 m\u00e2choires\u00a0adapt\u00e9 pour pistolets \u00e0 graisse \u00e0 main. Pression de service: 6000 psi (413 bar). 1\/8 \u00ab\u00a0NPT. Le corps de coupleur durci r\u00e9siste \u00e0 haute pression sans d\u00e9formation. \u00c9crou hexagonal pour un serrage facile.<\/p>\n","protected":false},"featured_media":32204,"template":"","meta":[],"product-sub-category":[236],"brand":[111],"product-third-category":[],"acf":{"product_vendor":"CAS","product_stock_durantaye":"2","product_stock_upton":"0"},"_links":{"self":[{"href":"http:\/\/wp-pgs-equipements-adrien-phaneuf.elidevapp1aws.elisys-servers.ca\/fr\/wp-json\/wp\/v2\/product\/32203"}],"collection":[{"href":"http:\/\/wp-pgs-equipements-adrien-phaneuf.elidevapp1aws.elisys-servers.ca\/fr\/wp-json\/wp\/v2\/product"}],"about":[{"href":"http:\/\/wp-pgs-equipements-adrien-phaneuf.elidevapp1aws.elisys-servers.ca\/fr\/wp-json\/wp\/v2\/types\/product"}],"wp:featuredmedia":[{"embeddable":true,"href":"http:\/\/wp-pgs-equipements-adrien-phaneuf.elidevapp1aws.elisys-servers.ca\/fr\/wp-json\/wp\/v2\/media\/32204"}],"wp:attachment":[{"href":"http:\/\/wp-pgs-equipements-adrien-phaneuf.elidevapp1aws.elisys-servers.ca\/fr\/wp-json\/wp\/v2\/media?parent=32203"}],"wp:term":[{"taxonomy":"product-sub-category","embeddable":true,"href":"http:\/\/wp-pgs-equipements-adrien-phaneuf.elidevapp1aws.elisys-servers.ca\/fr\/wp-json\/wp\/v2\/product-sub-category?post=32203"},{"taxonomy":"brand","embeddable":true,"href":"http:\/\/wp-pgs-equipements-adrien-phaneuf.elidevapp1aws.elisys-servers.ca\/fr\/wp-json\/wp\/v2\/brand?post=32203"},{"taxonomy":"product-third-category","embeddable":true,"href":"http:\/\/wp-pgs-equipements-adrien-phaneuf.elidevapp1aws.elisys-servers.ca\/fr\/wp-json\/wp\/v2\/product-third-category?post=32203"}],"curies":[{"name":"wp","href":"https:\/\/api.w.org\/{rel}","templated":true}]}}