{"id":32209,"date":"2020-09-30T12:07:54","date_gmt":"2020-09-30T16:07:54","guid":{"rendered":"http:\/\/wp-pgs-equipements-adrien-phaneuf.elidevapp1aws.elisys-servers.ca\/product\/aiguille-dinjection-de-graisse-mc5415\/"},"modified":"2025-09-30T06:04:08","modified_gmt":"2025-09-30T10:04:08","slug":"aiguille-dinjection-de-graisse-mc5415","status":"publish","type":"product","link":"http:\/\/wp-pgs-equipements-adrien-phaneuf.elidevapp1aws.elisys-servers.ca\/fr\/produit\/aiguille-dinjection-de-graisse-mc5415\/","title":{"rendered":"Aiguille d&rsquo;injection de graisse (MC5415)"},"content":{"rendered":"<p>Utilisez cette aiguille injecteur de graisse pratique pour lubrifier dans des espaces tr\u00e8s serr\u00e9s, y compris les joints universels et les roulements \u00e9tanches.<\/p>\n<p>L&rsquo;aiguille est \u00e9quip\u00e9e d&rsquo;un graisseur standard, sans le contr\u00f4le de la bille.<\/p>\n<p>Livr\u00e9 avec support plastique.<\/p>\n","protected":false},"excerpt":{"rendered":"<p>Utilisez cette aiguille injecteur de graisse pratique pour lubrifier dans des espaces tr\u00e8s serr\u00e9s, y compris les joints universels et les roulements \u00e9tanches. L&rsquo;aiguille est \u00e9quip\u00e9e d&rsquo;un graisseur standard, sans le contr\u00f4le de la bille. Livr\u00e9 avec support plastique.<\/p>\n","protected":false},"featured_media":32210,"template":"","meta":[],"product-sub-category":[388],"brand":[114],"product-third-category":[],"acf":{"product_vendor":"CAS","product_stock_victoriaville":"3","product_stock_shefford":"1","product_stock_upton":"6","product_stock_marieville":"","product_stock_durantaye":"","product_stock_stematine":"","product_stock_stclet":"","product_stock_huntingdon":"","child_inventory_variation":""},"_links":{"self":[{"href":"http:\/\/wp-pgs-equipements-adrien-phaneuf.elidevapp1aws.elisys-servers.ca\/fr\/wp-json\/wp\/v2\/product\/32209"}],"collection":[{"href":"http:\/\/wp-pgs-equipements-adrien-phaneuf.elidevapp1aws.elisys-servers.ca\/fr\/wp-json\/wp\/v2\/product"}],"about":[{"href":"http:\/\/wp-pgs-equipements-adrien-phaneuf.elidevapp1aws.elisys-servers.ca\/fr\/wp-json\/wp\/v2\/types\/product"}],"wp:featuredmedia":[{"embeddable":true,"href":"http:\/\/wp-pgs-equipements-adrien-phaneuf.elidevapp1aws.elisys-servers.ca\/fr\/wp-json\/wp\/v2\/media\/32210"}],"wp:attachment":[{"href":"http:\/\/wp-pgs-equipements-adrien-phaneuf.elidevapp1aws.elisys-servers.ca\/fr\/wp-json\/wp\/v2\/media?parent=32209"}],"wp:term":[{"taxonomy":"product-sub-category","embeddable":true,"href":"http:\/\/wp-pgs-equipements-adrien-phaneuf.elidevapp1aws.elisys-servers.ca\/fr\/wp-json\/wp\/v2\/product-sub-category?post=32209"},{"taxonomy":"brand","embeddable":true,"href":"http:\/\/wp-pgs-equipements-adrien-phaneuf.elidevapp1aws.elisys-servers.ca\/fr\/wp-json\/wp\/v2\/brand?post=32209"},{"taxonomy":"product-third-category","embeddable":true,"href":"http:\/\/wp-pgs-equipements-adrien-phaneuf.elidevapp1aws.elisys-servers.ca\/fr\/wp-json\/wp\/v2\/product-third-category?post=32209"}],"curies":[{"name":"wp","href":"https:\/\/api.w.org\/{rel}","templated":true}]}}