{"id":32215,"date":"2020-09-30T12:07:54","date_gmt":"2020-09-30T16:07:54","guid":{"rendered":"http:\/\/wp-pgs-equipements-adrien-phaneuf.elidevapp1aws.elisys-servers.ca\/product\/assortiment-pour-graissage-100-pieces-mc5417\/"},"modified":"2025-09-30T06:04:09","modified_gmt":"2025-09-30T10:04:09","slug":"assortiment-pour-graissage-100-pieces-mc5417","status":"publish","type":"product","link":"http:\/\/wp-pgs-equipements-adrien-phaneuf.elidevapp1aws.elisys-servers.ca\/fr\/produit\/assortiment-pour-graissage-100-pieces-mc5417\/","title":{"rendered":"Assortiment pour graissage 100 pi\u00e8ces (MC5417)"},"content":{"rendered":"<p>L&rsquo;assortiment de graisse SAE de 100 pi\u00e8ces de CNH est emball\u00e9 dans un r\u00e9cipient en plastique durable et portable et fournit un assortiment commode de nos graisseurs de qualit\u00e9.<\/p>\n<p>Contient: 30 &#8211; 1\/8 \u00ab\u00a027 PTF droit; 10 &#8211; 1\/8\u00a0\u00bb 27 PTF 45 \u00b0;\u00a010 &#8211; 1\/8 \u00ab\u00a027 PTF 90 \u00b0; 25 &#8211; \u00bc\u00a0\u00bb 28 SAE LT Straight;\u00a05 &#8211; \u00bc \u00ab\u00a028 SAE LT Long droit 10 &#8211; \u00bc\u00a0\u00bb 28 SAE LT 45 \u00b0;\u00a0Et 10 &#8211; \u00bc \u00ab\u00a028 SAE LT 90 \u00b0.<\/p>\n","protected":false},"excerpt":{"rendered":"<p>L&rsquo;assortiment de graisse SAE de 100 pi\u00e8ces de CNH est emball\u00e9 dans un r\u00e9cipient en plastique durable et portable et fournit un assortiment commode de nos graisseurs de qualit\u00e9. Contient: 30 &#8211; 1\/8 \u00ab\u00a027 PTF droit; 10 &#8211; 1\/8\u00a0\u00bb 27 PTF 45 \u00b0;\u00a010 &#8211; 1\/8 \u00ab\u00a027 PTF 90 \u00b0; 25 &#8211; \u00bc\u00a0\u00bb 28 SAE LT &hellip; <a href=\"http:\/\/wp-pgs-equipements-adrien-phaneuf.elidevapp1aws.elisys-servers.ca\/fr\/produit\/assortiment-pour-graissage-100-pieces-mc5417\/\">Suite<\/a><\/p>\n","protected":false},"featured_media":32216,"template":"","meta":[],"product-sub-category":[388],"brand":[114],"product-third-category":[],"acf":{"product_vendor":"CAS","product_stock_victoriaville":"1","product_stock_upton":"1","product_stock_marieville":"2","product_stock_shefford":"","product_stock_durantaye":"","product_stock_stematine":"","product_stock_stclet":"","product_stock_huntingdon":"","child_inventory_variation":""},"_links":{"self":[{"href":"http:\/\/wp-pgs-equipements-adrien-phaneuf.elidevapp1aws.elisys-servers.ca\/fr\/wp-json\/wp\/v2\/product\/32215"}],"collection":[{"href":"http:\/\/wp-pgs-equipements-adrien-phaneuf.elidevapp1aws.elisys-servers.ca\/fr\/wp-json\/wp\/v2\/product"}],"about":[{"href":"http:\/\/wp-pgs-equipements-adrien-phaneuf.elidevapp1aws.elisys-servers.ca\/fr\/wp-json\/wp\/v2\/types\/product"}],"wp:featuredmedia":[{"embeddable":true,"href":"http:\/\/wp-pgs-equipements-adrien-phaneuf.elidevapp1aws.elisys-servers.ca\/fr\/wp-json\/wp\/v2\/media\/32216"}],"wp:attachment":[{"href":"http:\/\/wp-pgs-equipements-adrien-phaneuf.elidevapp1aws.elisys-servers.ca\/fr\/wp-json\/wp\/v2\/media?parent=32215"}],"wp:term":[{"taxonomy":"product-sub-category","embeddable":true,"href":"http:\/\/wp-pgs-equipements-adrien-phaneuf.elidevapp1aws.elisys-servers.ca\/fr\/wp-json\/wp\/v2\/product-sub-category?post=32215"},{"taxonomy":"brand","embeddable":true,"href":"http:\/\/wp-pgs-equipements-adrien-phaneuf.elidevapp1aws.elisys-servers.ca\/fr\/wp-json\/wp\/v2\/brand?post=32215"},{"taxonomy":"product-third-category","embeddable":true,"href":"http:\/\/wp-pgs-equipements-adrien-phaneuf.elidevapp1aws.elisys-servers.ca\/fr\/wp-json\/wp\/v2\/product-third-category?post=32215"}],"curies":[{"name":"wp","href":"https:\/\/api.w.org\/{rel}","templated":true}]}}