{"id":32218,"date":"2020-09-30T12:07:54","date_gmt":"2020-09-30T16:07:54","guid":{"rendered":"http:\/\/wp-pgs-equipements-adrien-phaneuf.elidevapp1aws.elisys-servers.ca\/product\/assortiment-de-graisse-metrique-60-pieces-mc5418\/"},"modified":"2025-09-30T06:04:09","modified_gmt":"2025-09-30T10:04:09","slug":"assortiment-de-graisse-metrique-60-pieces-mc5418","status":"publish","type":"product","link":"http:\/\/wp-pgs-equipements-adrien-phaneuf.elidevapp1aws.elisys-servers.ca\/fr\/produit\/assortiment-de-graisse-metrique-60-pieces-mc5418\/","title":{"rendered":"Assortiment de graisseurs m\u00e9trique 60 pi\u00e8ces (MC5418)"},"content":{"rendered":"<p>CNH 60 pi\u00e8ces METRIC Graisse Assortiment Assortiment est emball\u00e9 dans un conteneur en plastique durable et portable et fournit un assortiment commode de nos graisseurs de haute qualit\u00e9.<\/p>\n<p>Contient: 10 &#8211; M6 x 1 Straight;\u00a05 &#8211; M6 x 1 45 \u00b0;\u00a05 &#8211; M6 x 1 90 \u00b0;\u00a010 &#8211; M8 x 1 Droit;\u00a05 &#8211; M8 x 1 45 \u00b0;\u00a05 &#8211; M8 x 1 90 \u00b0;\u00a010 &#8211; M10 x 1 Droit;\u00a05 &#8211; M10 x 1 45 \u00b0;\u00a0Et 5 &#8211; M10 x 1 90 \u00b0.<\/p>\n","protected":false},"excerpt":{"rendered":"<p>CNH 60 pi\u00e8ces METRIC Graisse Assortiment Assortiment est emball\u00e9 dans un conteneur en plastique durable et portable et fournit un assortiment commode de nos graisseurs de haute qualit\u00e9. Contient: 10 &#8211; M6 x 1 Straight;\u00a05 &#8211; M6 x 1 45 \u00b0;\u00a05 &#8211; M6 x 1 90 \u00b0;\u00a010 &#8211; M8 x 1 Droit;\u00a05 &#8211; M8 x &hellip; <a href=\"http:\/\/wp-pgs-equipements-adrien-phaneuf.elidevapp1aws.elisys-servers.ca\/fr\/produit\/assortiment-de-graisse-metrique-60-pieces-mc5418\/\">Suite<\/a><\/p>\n","protected":false},"featured_media":32219,"template":"","meta":[],"product-sub-category":[388],"brand":[114],"product-third-category":[],"acf":{"product_vendor":"CAS","product_stock_victoriaville":"3","product_stock_upton":"2","product_stock_marieville":"","product_stock_shefford":"","product_stock_durantaye":"","product_stock_stematine":"","product_stock_stclet":"","product_stock_huntingdon":"","child_inventory_variation":""},"_links":{"self":[{"href":"http:\/\/wp-pgs-equipements-adrien-phaneuf.elidevapp1aws.elisys-servers.ca\/fr\/wp-json\/wp\/v2\/product\/32218"}],"collection":[{"href":"http:\/\/wp-pgs-equipements-adrien-phaneuf.elidevapp1aws.elisys-servers.ca\/fr\/wp-json\/wp\/v2\/product"}],"about":[{"href":"http:\/\/wp-pgs-equipements-adrien-phaneuf.elidevapp1aws.elisys-servers.ca\/fr\/wp-json\/wp\/v2\/types\/product"}],"wp:featuredmedia":[{"embeddable":true,"href":"http:\/\/wp-pgs-equipements-adrien-phaneuf.elidevapp1aws.elisys-servers.ca\/fr\/wp-json\/wp\/v2\/media\/32219"}],"wp:attachment":[{"href":"http:\/\/wp-pgs-equipements-adrien-phaneuf.elidevapp1aws.elisys-servers.ca\/fr\/wp-json\/wp\/v2\/media?parent=32218"}],"wp:term":[{"taxonomy":"product-sub-category","embeddable":true,"href":"http:\/\/wp-pgs-equipements-adrien-phaneuf.elidevapp1aws.elisys-servers.ca\/fr\/wp-json\/wp\/v2\/product-sub-category?post=32218"},{"taxonomy":"brand","embeddable":true,"href":"http:\/\/wp-pgs-equipements-adrien-phaneuf.elidevapp1aws.elisys-servers.ca\/fr\/wp-json\/wp\/v2\/brand?post=32218"},{"taxonomy":"product-third-category","embeddable":true,"href":"http:\/\/wp-pgs-equipements-adrien-phaneuf.elidevapp1aws.elisys-servers.ca\/fr\/wp-json\/wp\/v2\/product-third-category?post=32218"}],"curies":[{"name":"wp","href":"https:\/\/api.w.org\/{rel}","templated":true}]}}