{"id":32243,"date":"2020-09-30T12:08:40","date_gmt":"2020-09-30T16:08:40","guid":{"rendered":"http:\/\/wp-pgs-equipements-adrien-phaneuf.elidevapp1aws.elisys-servers.ca\/product\/raccord-de-graissage-1-4-28-sae-lt-90-caseih-mc5425\/"},"modified":"2025-09-30T06:04:11","modified_gmt":"2025-09-30T10:04:11","slug":"raccord-de-graissage-1-4-28-sae-lt-90-caseih-mc5425","status":"publish","type":"product","link":"http:\/\/wp-pgs-equipements-adrien-phaneuf.elidevapp1aws.elisys-servers.ca\/fr\/produit\/raccord-de-graissage-1-4-28-sae-lt-90-caseih-mc5425\/","title":{"rendered":"Raccord de graissage 1\/4 28 SAE LT 90\u00b0 CASEIH (MC5425)"},"content":{"rendered":"<p>Raccord de graissage: 1\/8 \u00ab\u00a0&#8211; 27 Filetages de tuyau PTF, court 45 \u00b0. Longueur effective du filetage: 5,6 mm minimum;<\/p>\n<p>Longueur de la tige: 7,6 mm; Longueur hors tout: 21,8 mm.<\/p>\n<p>Le raccord en acier est galvanis\u00e9 en jaune pour d\u00e9passer les sp\u00e9cifications ASTM B117.<\/p>\n<p>PACK DE 5 RACCORDS.<\/p>\n","protected":false},"excerpt":{"rendered":"<p>Raccord de graissage: 1\/8 \u00ab\u00a0&#8211; 27 Filetages de tuyau PTF, court 45 \u00b0. Longueur effective du filetage: 5,6 mm minimum; Longueur de la tige: 7,6 mm; Longueur hors tout: 21,8 mm. Le raccord en acier est galvanis\u00e9 en jaune pour d\u00e9passer les sp\u00e9cifications ASTM B117. PACK DE 5 RACCORDS.<\/p>\n","protected":false},"featured_media":32244,"template":"","meta":[],"product-sub-category":[388],"brand":[114],"product-third-category":[],"acf":{"product_vendor":"CAS","product_stock_upton":"5","product_stock_marieville":"","product_stock_shefford":"","product_stock_victoriaville":"3","product_stock_durantaye":"","product_stock_stematine":"","product_stock_stclet":"","product_stock_huntingdon":"","child_inventory_variation":""},"_links":{"self":[{"href":"http:\/\/wp-pgs-equipements-adrien-phaneuf.elidevapp1aws.elisys-servers.ca\/fr\/wp-json\/wp\/v2\/product\/32243"}],"collection":[{"href":"http:\/\/wp-pgs-equipements-adrien-phaneuf.elidevapp1aws.elisys-servers.ca\/fr\/wp-json\/wp\/v2\/product"}],"about":[{"href":"http:\/\/wp-pgs-equipements-adrien-phaneuf.elidevapp1aws.elisys-servers.ca\/fr\/wp-json\/wp\/v2\/types\/product"}],"wp:featuredmedia":[{"embeddable":true,"href":"http:\/\/wp-pgs-equipements-adrien-phaneuf.elidevapp1aws.elisys-servers.ca\/fr\/wp-json\/wp\/v2\/media\/32244"}],"wp:attachment":[{"href":"http:\/\/wp-pgs-equipements-adrien-phaneuf.elidevapp1aws.elisys-servers.ca\/fr\/wp-json\/wp\/v2\/media?parent=32243"}],"wp:term":[{"taxonomy":"product-sub-category","embeddable":true,"href":"http:\/\/wp-pgs-equipements-adrien-phaneuf.elidevapp1aws.elisys-servers.ca\/fr\/wp-json\/wp\/v2\/product-sub-category?post=32243"},{"taxonomy":"brand","embeddable":true,"href":"http:\/\/wp-pgs-equipements-adrien-phaneuf.elidevapp1aws.elisys-servers.ca\/fr\/wp-json\/wp\/v2\/brand?post=32243"},{"taxonomy":"product-third-category","embeddable":true,"href":"http:\/\/wp-pgs-equipements-adrien-phaneuf.elidevapp1aws.elisys-servers.ca\/fr\/wp-json\/wp\/v2\/product-third-category?post=32243"}],"curies":[{"name":"wp","href":"https:\/\/api.w.org\/{rel}","templated":true}]}}