{"id":32303,"date":"2020-09-30T12:09:54","date_gmt":"2020-09-30T16:09:54","guid":{"rendered":"http:\/\/wp-pgs-equipements-adrien-phaneuf.elidevapp1aws.elisys-servers.ca\/product\/pulverisateur-a-main-1l-caseih-mc90702001\/"},"modified":"2025-09-30T06:04:13","modified_gmt":"2025-09-30T10:04:13","slug":"pulverisateur-a-main-1l-caseih-mc90702001","status":"publish","type":"product","link":"http:\/\/wp-pgs-equipements-adrien-phaneuf.elidevapp1aws.elisys-servers.ca\/fr\/produit\/pulverisateur-a-main-1l-caseih-mc90702001\/","title":{"rendered":"Pulv\u00e9risateur \u00e0 main 1L CASEIH (MC90702001)"},"content":{"rendered":"<p>L\u00e9ger et facile \u00e0 utiliser<\/p>\n<p>Pompe \u00e0 piston<\/p>\n<p>Embout conique simple<\/p>\n<p>Baguette de pulv\u00e9risation spot facile \u00e0 utiliser<\/p>\n<p>Grande bouche pour faciliter le remplissage<\/p>\n<p>Soupape de limitation de pression<\/p>\n<p>Poign\u00e9e ergonomique<\/p>\n","protected":false},"excerpt":{"rendered":"<p>L\u00e9ger et facile \u00e0 utiliser Pompe \u00e0 piston Embout conique simple Baguette de pulv\u00e9risation spot facile \u00e0 utiliser Grande bouche pour faciliter le remplissage Soupape de limitation de pression Poign\u00e9e ergonomique<\/p>\n","protected":false},"featured_media":32304,"template":"","meta":[],"product-sub-category":[273,257],"brand":[111],"product-third-category":[],"acf":{"product_vendor":"CAS","product_stock_shefford":"0","product_stock_upton":"1","product_stock_marieville":"2","product_stock_durantaye":"2","product_stock_stematine":"0","product_stock_victoriaville":"7"},"_links":{"self":[{"href":"http:\/\/wp-pgs-equipements-adrien-phaneuf.elidevapp1aws.elisys-servers.ca\/fr\/wp-json\/wp\/v2\/product\/32303"}],"collection":[{"href":"http:\/\/wp-pgs-equipements-adrien-phaneuf.elidevapp1aws.elisys-servers.ca\/fr\/wp-json\/wp\/v2\/product"}],"about":[{"href":"http:\/\/wp-pgs-equipements-adrien-phaneuf.elidevapp1aws.elisys-servers.ca\/fr\/wp-json\/wp\/v2\/types\/product"}],"wp:featuredmedia":[{"embeddable":true,"href":"http:\/\/wp-pgs-equipements-adrien-phaneuf.elidevapp1aws.elisys-servers.ca\/fr\/wp-json\/wp\/v2\/media\/32304"}],"wp:attachment":[{"href":"http:\/\/wp-pgs-equipements-adrien-phaneuf.elidevapp1aws.elisys-servers.ca\/fr\/wp-json\/wp\/v2\/media?parent=32303"}],"wp:term":[{"taxonomy":"product-sub-category","embeddable":true,"href":"http:\/\/wp-pgs-equipements-adrien-phaneuf.elidevapp1aws.elisys-servers.ca\/fr\/wp-json\/wp\/v2\/product-sub-category?post=32303"},{"taxonomy":"brand","embeddable":true,"href":"http:\/\/wp-pgs-equipements-adrien-phaneuf.elidevapp1aws.elisys-servers.ca\/fr\/wp-json\/wp\/v2\/brand?post=32303"},{"taxonomy":"product-third-category","embeddable":true,"href":"http:\/\/wp-pgs-equipements-adrien-phaneuf.elidevapp1aws.elisys-servers.ca\/fr\/wp-json\/wp\/v2\/product-third-category?post=32303"}],"curies":[{"name":"wp","href":"https:\/\/api.w.org\/{rel}","templated":true}]}}