{"id":32312,"date":"2020-09-30T12:09:54","date_gmt":"2020-09-30T16:09:54","guid":{"rendered":"http:\/\/wp-pgs-equipements-adrien-phaneuf.elidevapp1aws.elisys-servers.ca\/product\/pulverisateur-a-main-8l-case-ih-mc90702008\/"},"modified":"2025-09-30T06:07:26","modified_gmt":"2025-09-30T10:07:26","slug":"pulverisateur-a-main-8l-case-ih-mc90702008","status":"publish","type":"product","link":"http:\/\/wp-pgs-equipements-adrien-phaneuf.elidevapp1aws.elisys-servers.ca\/fr\/produit\/pulverisateur-a-main-8l-case-ih-mc90702008\/","title":{"rendered":"Pulv\u00e9risateur \u00e0 main 8L CASE IH (MC90702008)"},"content":{"rendered":"<p>L\u00e9ger et facile \u00e0 utiliser<\/p>\n<p>Pompe \u00e0 piston<\/p>\n<p>Embout conique simple<\/p>\n<p>Baguette de pulv\u00e9risation facile \u00e0 utiliser<\/p>\n<p>Grande ouverture\u00a0pour faciliter le remplissage<\/p>\n<p>Soupape de limitation de pression<\/p>\n<p>Poign\u00e9e ergonomique<\/p>\n","protected":false},"excerpt":{"rendered":"<p>L\u00e9ger et facile \u00e0 utiliser Pompe \u00e0 piston Embout conique simple Baguette de pulv\u00e9risation facile \u00e0 utiliser Grande ouverture\u00a0pour faciliter le remplissage Soupape de limitation de pression Poign\u00e9e ergonomique<\/p>\n","protected":false},"featured_media":32313,"template":"","meta":[],"product-sub-category":[257],"brand":[111],"product-third-category":[],"acf":{"product_vendor":"CAS","product_stock_upton":"2","product_stock_durantaye":"3","product_stock_marieville":"0","product_stock_shefford":"0","product_stock_victoriaville":"0"},"_links":{"self":[{"href":"http:\/\/wp-pgs-equipements-adrien-phaneuf.elidevapp1aws.elisys-servers.ca\/fr\/wp-json\/wp\/v2\/product\/32312"}],"collection":[{"href":"http:\/\/wp-pgs-equipements-adrien-phaneuf.elidevapp1aws.elisys-servers.ca\/fr\/wp-json\/wp\/v2\/product"}],"about":[{"href":"http:\/\/wp-pgs-equipements-adrien-phaneuf.elidevapp1aws.elisys-servers.ca\/fr\/wp-json\/wp\/v2\/types\/product"}],"wp:featuredmedia":[{"embeddable":true,"href":"http:\/\/wp-pgs-equipements-adrien-phaneuf.elidevapp1aws.elisys-servers.ca\/fr\/wp-json\/wp\/v2\/media\/32313"}],"wp:attachment":[{"href":"http:\/\/wp-pgs-equipements-adrien-phaneuf.elidevapp1aws.elisys-servers.ca\/fr\/wp-json\/wp\/v2\/media?parent=32312"}],"wp:term":[{"taxonomy":"product-sub-category","embeddable":true,"href":"http:\/\/wp-pgs-equipements-adrien-phaneuf.elidevapp1aws.elisys-servers.ca\/fr\/wp-json\/wp\/v2\/product-sub-category?post=32312"},{"taxonomy":"brand","embeddable":true,"href":"http:\/\/wp-pgs-equipements-adrien-phaneuf.elidevapp1aws.elisys-servers.ca\/fr\/wp-json\/wp\/v2\/brand?post=32312"},{"taxonomy":"product-third-category","embeddable":true,"href":"http:\/\/wp-pgs-equipements-adrien-phaneuf.elidevapp1aws.elisys-servers.ca\/fr\/wp-json\/wp\/v2\/product-third-category?post=32312"}],"curies":[{"name":"wp","href":"https:\/\/api.w.org\/{rel}","templated":true}]}}