{"id":32315,"date":"2020-09-30T12:09:54","date_gmt":"2020-09-30T16:09:54","guid":{"rendered":"http:\/\/wp-pgs-equipements-adrien-phaneuf.elidevapp1aws.elisys-servers.ca\/product\/pulverisateur-a-dos-16l-caseih-mc90704016\/"},"modified":"2025-09-30T06:04:16","modified_gmt":"2025-09-30T10:04:16","slug":"pulverisateur-a-dos-16l-caseih-mc90704016","status":"publish","type":"product","link":"http:\/\/wp-pgs-equipements-adrien-phaneuf.elidevapp1aws.elisys-servers.ca\/fr\/produit\/pulverisateur-a-dos-16l-caseih-mc90704016\/","title":{"rendered":"Pulv\u00e9risateur \u00e0 dos 16L CASEIH (MC90704016)"},"content":{"rendered":"<p>L\u00e9ger et facile \u00e0 utiliser<\/p>\n<p>Livr\u00e9 avec 4 embouts de pulv\u00e9risation<\/p>\n<p>Grand couvercle d&rsquo;ouverture<\/p>\n<p>Courroies rembourr\u00e9es<\/p>\n<p>Poign\u00e9e de transport<\/p>\n<p>Pompe \u00e0 piston \u00e0 levier<\/p>\n<p>Pince \u00e0 baguette<\/p>\n<p>Pinces \u00e0 harnais \u00e0 montage rapide<\/p>\n<p>Ecrans int\u00e9gr\u00e9s<\/p>\n","protected":false},"excerpt":{"rendered":"<p>L\u00e9ger et facile \u00e0 utiliser Livr\u00e9 avec 4 embouts de pulv\u00e9risation Grand couvercle d&rsquo;ouverture Courroies rembourr\u00e9es Poign\u00e9e de transport Pompe \u00e0 piston \u00e0 levier Pince \u00e0 baguette Pinces \u00e0 harnais \u00e0 montage rapide Ecrans int\u00e9gr\u00e9s<\/p>\n","protected":false},"featured_media":32316,"template":"","meta":[],"product-sub-category":[257],"brand":[111],"product-third-category":[],"acf":{"product_vendor":"CAS","product_stock_upton":"2","product_stock_marieville":"0","product_stock_shefford":"0","product_stock_victoriaville":"0"},"_links":{"self":[{"href":"http:\/\/wp-pgs-equipements-adrien-phaneuf.elidevapp1aws.elisys-servers.ca\/fr\/wp-json\/wp\/v2\/product\/32315"}],"collection":[{"href":"http:\/\/wp-pgs-equipements-adrien-phaneuf.elidevapp1aws.elisys-servers.ca\/fr\/wp-json\/wp\/v2\/product"}],"about":[{"href":"http:\/\/wp-pgs-equipements-adrien-phaneuf.elidevapp1aws.elisys-servers.ca\/fr\/wp-json\/wp\/v2\/types\/product"}],"wp:featuredmedia":[{"embeddable":true,"href":"http:\/\/wp-pgs-equipements-adrien-phaneuf.elidevapp1aws.elisys-servers.ca\/fr\/wp-json\/wp\/v2\/media\/32316"}],"wp:attachment":[{"href":"http:\/\/wp-pgs-equipements-adrien-phaneuf.elidevapp1aws.elisys-servers.ca\/fr\/wp-json\/wp\/v2\/media?parent=32315"}],"wp:term":[{"taxonomy":"product-sub-category","embeddable":true,"href":"http:\/\/wp-pgs-equipements-adrien-phaneuf.elidevapp1aws.elisys-servers.ca\/fr\/wp-json\/wp\/v2\/product-sub-category?post=32315"},{"taxonomy":"brand","embeddable":true,"href":"http:\/\/wp-pgs-equipements-adrien-phaneuf.elidevapp1aws.elisys-servers.ca\/fr\/wp-json\/wp\/v2\/brand?post=32315"},{"taxonomy":"product-third-category","embeddable":true,"href":"http:\/\/wp-pgs-equipements-adrien-phaneuf.elidevapp1aws.elisys-servers.ca\/fr\/wp-json\/wp\/v2\/product-third-category?post=32315"}],"curies":[{"name":"wp","href":"https:\/\/api.w.org\/{rel}","templated":true}]}}