{"id":32327,"date":"2020-09-30T12:10:28","date_gmt":"2020-09-30T16:10:28","guid":{"rendered":"http:\/\/wp-pgs-equipements-adrien-phaneuf.elidevapp1aws.elisys-servers.ca\/product\/adhesif-contact-loctite-noir-147ml-mcc30540\/"},"modified":"2025-09-30T06:04:16","modified_gmt":"2025-09-30T10:04:16","slug":"adhesif-contact-loctite-noir-147ml-mcc30540","status":"publish","type":"product","link":"http:\/\/wp-pgs-equipements-adrien-phaneuf.elidevapp1aws.elisys-servers.ca\/fr\/produit\/adhesif-contact-loctite-noir-147ml-mcc30540\/","title":{"rendered":"ADH\u00c9SIF CONTACT Loctite\u00ae NOIR 147ML (MCC30540)"},"content":{"rendered":"<p>Adh\u00e9sif professionnel \u00e0 base de solvants avec caoutchouc de n\u00e9opr\u00e8ne qui se m\u00e9lange avec les tissus de couleur noire, les caoutchoucs, les coupe-froid et autres mat\u00e9riaux poreux<\/p>\n<p>Permet le repositionnement des pi\u00e8ces apr\u00e8s le contact initial<\/p>\n<p>S\u00e9chage rapide et \u00e9tanche.<\/p>\n<p>R\u00e9siste aux temp\u00e9ratures extr\u00eames et r\u00e9siste \u00e0 l&rsquo;essence, au k\u00e9ros\u00e8ne et \u00e0 d&rsquo;autres solvants.<\/p>\n<p>Id\u00e9al pour les applications de coupe-froid, de vinyle, de caoutchouc, de bois et de m\u00e9tal<\/p>\n","protected":false},"excerpt":{"rendered":"<p>Adh\u00e9sif professionnel \u00e0 base de solvants avec caoutchouc de n\u00e9opr\u00e8ne qui se m\u00e9lange avec les tissus de couleur noire, les caoutchoucs, les coupe-froid et autres mat\u00e9riaux poreux Permet le repositionnement des pi\u00e8ces apr\u00e8s le contact initial S\u00e9chage rapide et \u00e9tanche. R\u00e9siste aux temp\u00e9ratures extr\u00eames et r\u00e9siste \u00e0 l&rsquo;essence, au k\u00e9ros\u00e8ne et \u00e0 d&rsquo;autres solvants. Id\u00e9al &hellip; <a href=\"http:\/\/wp-pgs-equipements-adrien-phaneuf.elidevapp1aws.elisys-servers.ca\/fr\/produit\/adhesif-contact-loctite-noir-147ml-mcc30540\/\">Suite<\/a><\/p>\n","protected":false},"featured_media":32328,"template":"","meta":[],"product-sub-category":[265],"brand":[],"product-third-category":[],"acf":{"product_vendor":"CAS","product_stock_upton":"3","product_stock_marieville":"","product_stock_shefford":"","product_stock_victoriaville":"6","product_stock_durantaye":"","product_stock_stematine":"","product_stock_stclet":"","product_stock_huntingdon":"","child_inventory_variation":""},"_links":{"self":[{"href":"http:\/\/wp-pgs-equipements-adrien-phaneuf.elidevapp1aws.elisys-servers.ca\/fr\/wp-json\/wp\/v2\/product\/32327"}],"collection":[{"href":"http:\/\/wp-pgs-equipements-adrien-phaneuf.elidevapp1aws.elisys-servers.ca\/fr\/wp-json\/wp\/v2\/product"}],"about":[{"href":"http:\/\/wp-pgs-equipements-adrien-phaneuf.elidevapp1aws.elisys-servers.ca\/fr\/wp-json\/wp\/v2\/types\/product"}],"wp:featuredmedia":[{"embeddable":true,"href":"http:\/\/wp-pgs-equipements-adrien-phaneuf.elidevapp1aws.elisys-servers.ca\/fr\/wp-json\/wp\/v2\/media\/32328"}],"wp:attachment":[{"href":"http:\/\/wp-pgs-equipements-adrien-phaneuf.elidevapp1aws.elisys-servers.ca\/fr\/wp-json\/wp\/v2\/media?parent=32327"}],"wp:term":[{"taxonomy":"product-sub-category","embeddable":true,"href":"http:\/\/wp-pgs-equipements-adrien-phaneuf.elidevapp1aws.elisys-servers.ca\/fr\/wp-json\/wp\/v2\/product-sub-category?post=32327"},{"taxonomy":"brand","embeddable":true,"href":"http:\/\/wp-pgs-equipements-adrien-phaneuf.elidevapp1aws.elisys-servers.ca\/fr\/wp-json\/wp\/v2\/brand?post=32327"},{"taxonomy":"product-third-category","embeddable":true,"href":"http:\/\/wp-pgs-equipements-adrien-phaneuf.elidevapp1aws.elisys-servers.ca\/fr\/wp-json\/wp\/v2\/product-third-category?post=32327"}],"curies":[{"name":"wp","href":"https:\/\/api.w.org\/{rel}","templated":true}]}}