{"id":32351,"date":"2020-09-30T12:10:28","date_gmt":"2020-09-30T16:10:28","guid":{"rendered":"http:\/\/wp-pgs-equipements-adrien-phaneuf.elidevapp1aws.elisys-servers.ca\/product\/pistolet-pulverisateur-industriel-et-ensemble-de-raccords-caseih-mcnh205026\/"},"modified":"2025-04-15T06:03:45","modified_gmt":"2025-04-15T10:03:45","slug":"pistolet-pulverisateur-industriel-et-ensemble-de-raccords-caseih-mcnh205026","status":"publish","type":"product","link":"http:\/\/wp-pgs-equipements-adrien-phaneuf.elidevapp1aws.elisys-servers.ca\/fr\/produit\/pistolet-pulverisateur-industriel-et-ensemble-de-raccords-caseih-mcnh205026\/","title":{"rendered":"Pistolet pulv\u00e9risateur industriel et ensemble de raccords CASEIH (MCNH205026)"},"content":{"rendered":"<p>Ensemble pistolet \/ pistolet, 36 po, raccords QC<\/p>\n<p>Pression maximale: 5000 ps<\/p>\n<p>D\u00e9bit maximum: 10 GPM<\/p>\n<p>Temp\u00e9rature maximale: 300F<\/p>\n<p>Entr\u00e9e 3\/8 \u00ab\u00a0FNPT<\/p>\n<p>Sortie FNPT 1\/4 \u00ab\u00a0<\/p>\n","protected":false},"excerpt":{"rendered":"<p>Ensemble pistolet \/ pistolet, 36 po, raccords QC Pression maximale: 5000 ps D\u00e9bit maximum: 10 GPM Temp\u00e9rature maximale: 300F Entr\u00e9e 3\/8 \u00ab\u00a0FNPT Sortie FNPT 1\/4 \u00ab\u00a0<\/p>\n","protected":false},"featured_media":32352,"template":"","meta":[],"product-sub-category":[257],"brand":[111],"product-third-category":[],"acf":{"product_vendor":"CAS","product_stock_stematine":"0","product_stock_victoriaville":"0","product_stock_shefford":"1","product_stock_marieville":"0","product_stock_upton":"0","product_stock_stclet":"0","product_stock_durantaye":"","product_stock_huntingdon":"","child_inventory_variation":""},"_links":{"self":[{"href":"http:\/\/wp-pgs-equipements-adrien-phaneuf.elidevapp1aws.elisys-servers.ca\/fr\/wp-json\/wp\/v2\/product\/32351"}],"collection":[{"href":"http:\/\/wp-pgs-equipements-adrien-phaneuf.elidevapp1aws.elisys-servers.ca\/fr\/wp-json\/wp\/v2\/product"}],"about":[{"href":"http:\/\/wp-pgs-equipements-adrien-phaneuf.elidevapp1aws.elisys-servers.ca\/fr\/wp-json\/wp\/v2\/types\/product"}],"wp:featuredmedia":[{"embeddable":true,"href":"http:\/\/wp-pgs-equipements-adrien-phaneuf.elidevapp1aws.elisys-servers.ca\/fr\/wp-json\/wp\/v2\/media\/32352"}],"wp:attachment":[{"href":"http:\/\/wp-pgs-equipements-adrien-phaneuf.elidevapp1aws.elisys-servers.ca\/fr\/wp-json\/wp\/v2\/media?parent=32351"}],"wp:term":[{"taxonomy":"product-sub-category","embeddable":true,"href":"http:\/\/wp-pgs-equipements-adrien-phaneuf.elidevapp1aws.elisys-servers.ca\/fr\/wp-json\/wp\/v2\/product-sub-category?post=32351"},{"taxonomy":"brand","embeddable":true,"href":"http:\/\/wp-pgs-equipements-adrien-phaneuf.elidevapp1aws.elisys-servers.ca\/fr\/wp-json\/wp\/v2\/brand?post=32351"},{"taxonomy":"product-third-category","embeddable":true,"href":"http:\/\/wp-pgs-equipements-adrien-phaneuf.elidevapp1aws.elisys-servers.ca\/fr\/wp-json\/wp\/v2\/product-third-category?post=32351"}],"curies":[{"name":"wp","href":"https:\/\/api.w.org\/{rel}","templated":true}]}}