{"id":32354,"date":"2020-09-30T12:10:28","date_gmt":"2020-09-30T16:10:28","guid":{"rendered":"http:\/\/wp-pgs-equipements-adrien-phaneuf.elidevapp1aws.elisys-servers.ca\/product\/pistolet-a-longue-baguette-caseih-mcnh206018l\/"},"modified":"2025-09-30T06:04:18","modified_gmt":"2025-09-30T10:04:18","slug":"pistolet-a-longue-baguette-caseih-mcnh206018l","status":"publish","type":"product","link":"http:\/\/wp-pgs-equipements-adrien-phaneuf.elidevapp1aws.elisys-servers.ca\/fr\/produit\/pistolet-a-longue-baguette-caseih-mcnh206018l\/","title":{"rendered":"Pistolet \u00e0 longue baguette CASEIH (MCNH206018L)"},"content":{"rendered":"<p>Baguette, Assemblage t\u00e9lescopique, 18 &lsquo;<\/p>\n<p>Pression maximale: 4000 psi<\/p>\n<p>D\u00e9bit maximum: 8 GPM<\/p>\n<p>Longueur minimale: 6 &lsquo;<\/p>\n<p>Longueur maximale: 18 &lsquo;<\/p>\n<p>Colliers \u00e0 levier et \u00e0 connexion rapide pour un ajustement facile en hauteur<\/p>\n<p>Livr\u00e9 complet avec raccords rapides \u00e0 l&rsquo;entr\u00e9e et \u00e0 la sortie<\/p>\n","protected":false},"excerpt":{"rendered":"<p>Baguette, Assemblage t\u00e9lescopique, 18 &lsquo; Pression maximale: 4000 psi D\u00e9bit maximum: 8 GPM Longueur minimale: 6 &lsquo; Longueur maximale: 18 &lsquo; Colliers \u00e0 levier et \u00e0 connexion rapide pour un ajustement facile en hauteur Livr\u00e9 complet avec raccords rapides \u00e0 l&rsquo;entr\u00e9e et \u00e0 la sortie<\/p>\n","protected":false},"featured_media":32355,"template":"","meta":[],"product-sub-category":[247],"brand":[111],"product-third-category":[],"acf":{"product_vendor":"CAS","product_stock_upton":"0","product_stock_victoriaville":"1","product_stock_durantaye":"0","product_stock_marieville":"","product_stock_shefford":"","product_stock_stematine":"1","product_stock_stclet":"","product_stock_huntingdon":"","child_inventory_variation":""},"_links":{"self":[{"href":"http:\/\/wp-pgs-equipements-adrien-phaneuf.elidevapp1aws.elisys-servers.ca\/fr\/wp-json\/wp\/v2\/product\/32354"}],"collection":[{"href":"http:\/\/wp-pgs-equipements-adrien-phaneuf.elidevapp1aws.elisys-servers.ca\/fr\/wp-json\/wp\/v2\/product"}],"about":[{"href":"http:\/\/wp-pgs-equipements-adrien-phaneuf.elidevapp1aws.elisys-servers.ca\/fr\/wp-json\/wp\/v2\/types\/product"}],"wp:featuredmedia":[{"embeddable":true,"href":"http:\/\/wp-pgs-equipements-adrien-phaneuf.elidevapp1aws.elisys-servers.ca\/fr\/wp-json\/wp\/v2\/media\/32355"}],"wp:attachment":[{"href":"http:\/\/wp-pgs-equipements-adrien-phaneuf.elidevapp1aws.elisys-servers.ca\/fr\/wp-json\/wp\/v2\/media?parent=32354"}],"wp:term":[{"taxonomy":"product-sub-category","embeddable":true,"href":"http:\/\/wp-pgs-equipements-adrien-phaneuf.elidevapp1aws.elisys-servers.ca\/fr\/wp-json\/wp\/v2\/product-sub-category?post=32354"},{"taxonomy":"brand","embeddable":true,"href":"http:\/\/wp-pgs-equipements-adrien-phaneuf.elidevapp1aws.elisys-servers.ca\/fr\/wp-json\/wp\/v2\/brand?post=32354"},{"taxonomy":"product-third-category","embeddable":true,"href":"http:\/\/wp-pgs-equipements-adrien-phaneuf.elidevapp1aws.elisys-servers.ca\/fr\/wp-json\/wp\/v2\/product-third-category?post=32354"}],"curies":[{"name":"wp","href":"https:\/\/api.w.org\/{rel}","templated":true}]}}