{"id":32357,"date":"2020-09-30T12:10:54","date_gmt":"2020-09-30T16:10:54","guid":{"rendered":"http:\/\/wp-pgs-equipements-adrien-phaneuf.elidevapp1aws.elisys-servers.ca\/product\/embout-rotatif-turbo-a-connexion-rapide-caseih-mcnh210019\/"},"modified":"2025-09-30T06:04:18","modified_gmt":"2025-09-30T10:04:18","slug":"embout-rotatif-turbo-a-connexion-rapide-caseih-bcnh210140","status":"publish","type":"product","link":"http:\/\/wp-pgs-equipements-adrien-phaneuf.elidevapp1aws.elisys-servers.ca\/fr\/produit\/embout-rotatif-turbo-a-connexion-rapide-caseih-bcnh210140\/","title":{"rendered":"Embout rotatif turbo \u00e0 connexion rapide CASEIH (BCNH210140)"},"content":{"rendered":"<p>Embout rotatif, connexion rapide, ouverture # 035<\/p>\n<p>Embout rotatif \u00e0 fort impact<\/p>\n<p>Impact de 0 degr\u00e9 avec un ventilateur de pulv\u00e9risation de 25 degr\u00e9s<\/p>\n<p>Augmenter l&rsquo;efficacit\u00e9 de nettoyage de 30%<\/p>\n<p>Temp\u00e9rature maximale: 250F<\/p>\n<p>Pression maximale: 5,100 psi<\/p>\n<p>Bo\u00eetier en laiton robuste et filtre \u00e0 eau haute pression inclus<\/p>\n","protected":false},"excerpt":{"rendered":"<p>Embout rotatif, connexion rapide, ouverture # 035 Embout rotatif \u00e0 fort impact Impact de 0 degr\u00e9 avec un ventilateur de pulv\u00e9risation de 25 degr\u00e9s Augmenter l&rsquo;efficacit\u00e9 de nettoyage de 30% Temp\u00e9rature maximale: 250F Pression maximale: 5,100 psi Bo\u00eetier en laiton robuste et filtre \u00e0 eau haute pression inclus<\/p>\n","protected":false},"featured_media":32358,"template":"","meta":[],"product-sub-category":[236],"brand":[111],"product-third-category":[],"acf":{"product_vendor":"CAS","product_stock_upton":"0","product_stock_marieville":"0","product_stock_shefford":"","product_stock_victoriaville":"2","product_stock_durantaye":"","product_stock_stematine":"0","product_stock_stclet":"","product_stock_huntingdon":"","child_inventory_variation":""},"_links":{"self":[{"href":"http:\/\/wp-pgs-equipements-adrien-phaneuf.elidevapp1aws.elisys-servers.ca\/fr\/wp-json\/wp\/v2\/product\/32357"}],"collection":[{"href":"http:\/\/wp-pgs-equipements-adrien-phaneuf.elidevapp1aws.elisys-servers.ca\/fr\/wp-json\/wp\/v2\/product"}],"about":[{"href":"http:\/\/wp-pgs-equipements-adrien-phaneuf.elidevapp1aws.elisys-servers.ca\/fr\/wp-json\/wp\/v2\/types\/product"}],"wp:featuredmedia":[{"embeddable":true,"href":"http:\/\/wp-pgs-equipements-adrien-phaneuf.elidevapp1aws.elisys-servers.ca\/fr\/wp-json\/wp\/v2\/media\/32358"}],"wp:attachment":[{"href":"http:\/\/wp-pgs-equipements-adrien-phaneuf.elidevapp1aws.elisys-servers.ca\/fr\/wp-json\/wp\/v2\/media?parent=32357"}],"wp:term":[{"taxonomy":"product-sub-category","embeddable":true,"href":"http:\/\/wp-pgs-equipements-adrien-phaneuf.elidevapp1aws.elisys-servers.ca\/fr\/wp-json\/wp\/v2\/product-sub-category?post=32357"},{"taxonomy":"brand","embeddable":true,"href":"http:\/\/wp-pgs-equipements-adrien-phaneuf.elidevapp1aws.elisys-servers.ca\/fr\/wp-json\/wp\/v2\/brand?post=32357"},{"taxonomy":"product-third-category","embeddable":true,"href":"http:\/\/wp-pgs-equipements-adrien-phaneuf.elidevapp1aws.elisys-servers.ca\/fr\/wp-json\/wp\/v2\/product-third-category?post=32357"}],"curies":[{"name":"wp","href":"https:\/\/api.w.org\/{rel}","templated":true}]}}