{"id":32360,"date":"2020-09-30T12:10:54","date_gmt":"2020-09-30T16:10:54","guid":{"rendered":"http:\/\/wp-pgs-equipements-adrien-phaneuf.elidevapp1aws.elisys-servers.ca\/product\/embouts-de-pulverisation-a-connexion-rapide-caseih-mcnh210030\/"},"modified":"2025-09-30T06:04:18","modified_gmt":"2025-09-30T10:04:18","slug":"embouts-de-pulverisation-a-connexion-rapide-caseih-mcnh210030","status":"publish","type":"product","link":"http:\/\/wp-pgs-equipements-adrien-phaneuf.elidevapp1aws.elisys-servers.ca\/fr\/produit\/embouts-de-pulverisation-a-connexion-rapide-caseih-mcnh210030\/","title":{"rendered":"Embouts de pulv\u00e9risation \u00e0 connexion rapide CASEIH (MCNH210030)"},"content":{"rendered":"<p>Jeu d&#8217;embouts de pulv\u00e9risation \u00e0 connexion rapide, orifice # 030<\/p>\n<p>Embouts\u00a0haute pression en acier inoxydable<\/p>\n<p>Code de couleur pour diff\u00e9rencier les angles de pulv\u00e9risation<\/p>\n<p>Raccordement rapide 1\/4 \u00a0\u00bb<\/p>\n<p>L&rsquo;ensemble d&#8217;embout\u00a0comprend: 0 degr\u00e9s (rouge), 15 degr\u00e9s (jaune), 40 degr\u00e9s (blanc), noir (noir), (1 de chaque)<\/p>\n<p># 030 \u00e0 utiliser sur les laveuses haute pression jusqu&rsquo;\u00e0 210cc (7 CV)<\/p>\n<p># 035 orifice \u00e0 utiliser sur les laveuses \u00e0 pression sup\u00e9rieure \u00e0 210cc<\/p>\n<p>(7 HP) et jusqu&rsquo;\u00e0 420cc (15 HP)<\/p>\n","protected":false},"excerpt":{"rendered":"<p>Jeu d&#8217;embouts de pulv\u00e9risation \u00e0 connexion rapide, orifice # 030 Embouts\u00a0haute pression en acier inoxydable Code de couleur pour diff\u00e9rencier les angles de pulv\u00e9risation Raccordement rapide 1\/4 \u00a0\u00bb L&rsquo;ensemble d&#8217;embout\u00a0comprend: 0 degr\u00e9s (rouge), 15 degr\u00e9s (jaune), 40 degr\u00e9s (blanc), noir (noir), (1 de chaque) # 030 \u00e0 utiliser sur les laveuses haute pression jusqu&rsquo;\u00e0 210cc &hellip; <a href=\"http:\/\/wp-pgs-equipements-adrien-phaneuf.elidevapp1aws.elisys-servers.ca\/fr\/produit\/embouts-de-pulverisation-a-connexion-rapide-caseih-mcnh210030\/\">Suite<\/a><\/p>\n","protected":false},"featured_media":32361,"template":"","meta":[],"product-sub-category":[236,257],"brand":[],"product-third-category":[],"acf":{"product_vendor":"CAS","product_stock_upton":"0","product_stock_marieville":"0","product_stock_shefford":"1","product_stock_victoriaville":"2","product_stock_durantaye":"0","product_stock_stematine":"0","product_stock_stclet":"","product_stock_huntingdon":"","child_inventory_variation":""},"_links":{"self":[{"href":"http:\/\/wp-pgs-equipements-adrien-phaneuf.elidevapp1aws.elisys-servers.ca\/fr\/wp-json\/wp\/v2\/product\/32360"}],"collection":[{"href":"http:\/\/wp-pgs-equipements-adrien-phaneuf.elidevapp1aws.elisys-servers.ca\/fr\/wp-json\/wp\/v2\/product"}],"about":[{"href":"http:\/\/wp-pgs-equipements-adrien-phaneuf.elidevapp1aws.elisys-servers.ca\/fr\/wp-json\/wp\/v2\/types\/product"}],"wp:featuredmedia":[{"embeddable":true,"href":"http:\/\/wp-pgs-equipements-adrien-phaneuf.elidevapp1aws.elisys-servers.ca\/fr\/wp-json\/wp\/v2\/media\/32361"}],"wp:attachment":[{"href":"http:\/\/wp-pgs-equipements-adrien-phaneuf.elidevapp1aws.elisys-servers.ca\/fr\/wp-json\/wp\/v2\/media?parent=32360"}],"wp:term":[{"taxonomy":"product-sub-category","embeddable":true,"href":"http:\/\/wp-pgs-equipements-adrien-phaneuf.elidevapp1aws.elisys-servers.ca\/fr\/wp-json\/wp\/v2\/product-sub-category?post=32360"},{"taxonomy":"brand","embeddable":true,"href":"http:\/\/wp-pgs-equipements-adrien-phaneuf.elidevapp1aws.elisys-servers.ca\/fr\/wp-json\/wp\/v2\/brand?post=32360"},{"taxonomy":"product-third-category","embeddable":true,"href":"http:\/\/wp-pgs-equipements-adrien-phaneuf.elidevapp1aws.elisys-servers.ca\/fr\/wp-json\/wp\/v2\/product-third-category?post=32360"}],"curies":[{"name":"wp","href":"https:\/\/api.w.org\/{rel}","templated":true}]}}