{"id":32363,"date":"2020-09-30T12:10:54","date_gmt":"2020-09-30T16:10:54","guid":{"rendered":"http:\/\/wp-pgs-equipements-adrien-phaneuf.elidevapp1aws.elisys-servers.ca\/product\/jeu-dembouts-de-pulverisation-a-connexion-rapide-mcnh210035\/"},"modified":"2025-09-30T06:04:19","modified_gmt":"2025-09-30T10:04:19","slug":"jeu-dembouts-de-pulverisation-a-connexion-rapide-mcnh210035","status":"publish","type":"product","link":"http:\/\/wp-pgs-equipements-adrien-phaneuf.elidevapp1aws.elisys-servers.ca\/fr\/produit\/jeu-dembouts-de-pulverisation-a-connexion-rapide-mcnh210035\/","title":{"rendered":"Jeu d&#8217;embouts de pulv\u00e9risation \u00e0 connexion rapide (MCNH210035)"},"content":{"rendered":"<p>Jeu d&#8217;embouts de pulv\u00e9risation \u00e0 connexion rapide, ouverture # 035<\/p>\n<p>Embouts haute pression en acier inoxydable<\/p>\n<p>Code de couleur pour diff\u00e9rencier les angles de pulv\u00e9risation<\/p>\n<p>Raccordement rapide 1\/4 \u00a0\u00bb<\/p>\n<p>L&rsquo;ensemble d&#8217;embout comprend: 0 degr\u00e9 (rouge), 15 degr\u00e9s (jaune), 40 degr\u00e9s (blanc), soaper (noir), (1 de chaque)<\/p>\n<p># 030 \u00e0 utiliser sur les laveuses haute pression jusqu&rsquo;\u00e0 210cc (7 CV)<\/p>\n<p># 035 \u00e0 utiliser sur des laveuses \u00e0 pression sup\u00e9rieures \u00e0 210cc (7 HP) et jusqu&rsquo;\u00e0 420cc (15 HP)<\/p>\n","protected":false},"excerpt":{"rendered":"<p>Jeu d&#8217;embouts de pulv\u00e9risation \u00e0 connexion rapide, ouverture # 035 Embouts haute pression en acier inoxydable Code de couleur pour diff\u00e9rencier les angles de pulv\u00e9risation Raccordement rapide 1\/4 \u00a0\u00bb L&rsquo;ensemble d&#8217;embout comprend: 0 degr\u00e9 (rouge), 15 degr\u00e9s (jaune), 40 degr\u00e9s (blanc), soaper (noir), (1 de chaque) # 030 \u00e0 utiliser sur les laveuses haute pression &hellip; <a href=\"http:\/\/wp-pgs-equipements-adrien-phaneuf.elidevapp1aws.elisys-servers.ca\/fr\/produit\/jeu-dembouts-de-pulverisation-a-connexion-rapide-mcnh210035\/\">Suite<\/a><\/p>\n","protected":false},"featured_media":32364,"template":"","meta":[],"product-sub-category":[236,257],"brand":[],"product-third-category":[],"acf":{"product_vendor":"CAS","product_stock_upton":"0","product_stock_marieville":"0","product_stock_shefford":"1","product_stock_victoriaville":"2","product_stock_durantaye":"0","product_stock_stematine":"2","product_stock_stclet":"5","product_stock_huntingdon":"","child_inventory_variation":""},"_links":{"self":[{"href":"http:\/\/wp-pgs-equipements-adrien-phaneuf.elidevapp1aws.elisys-servers.ca\/fr\/wp-json\/wp\/v2\/product\/32363"}],"collection":[{"href":"http:\/\/wp-pgs-equipements-adrien-phaneuf.elidevapp1aws.elisys-servers.ca\/fr\/wp-json\/wp\/v2\/product"}],"about":[{"href":"http:\/\/wp-pgs-equipements-adrien-phaneuf.elidevapp1aws.elisys-servers.ca\/fr\/wp-json\/wp\/v2\/types\/product"}],"wp:featuredmedia":[{"embeddable":true,"href":"http:\/\/wp-pgs-equipements-adrien-phaneuf.elidevapp1aws.elisys-servers.ca\/fr\/wp-json\/wp\/v2\/media\/32364"}],"wp:attachment":[{"href":"http:\/\/wp-pgs-equipements-adrien-phaneuf.elidevapp1aws.elisys-servers.ca\/fr\/wp-json\/wp\/v2\/media?parent=32363"}],"wp:term":[{"taxonomy":"product-sub-category","embeddable":true,"href":"http:\/\/wp-pgs-equipements-adrien-phaneuf.elidevapp1aws.elisys-servers.ca\/fr\/wp-json\/wp\/v2\/product-sub-category?post=32363"},{"taxonomy":"brand","embeddable":true,"href":"http:\/\/wp-pgs-equipements-adrien-phaneuf.elidevapp1aws.elisys-servers.ca\/fr\/wp-json\/wp\/v2\/brand?post=32363"},{"taxonomy":"product-third-category","embeddable":true,"href":"http:\/\/wp-pgs-equipements-adrien-phaneuf.elidevapp1aws.elisys-servers.ca\/fr\/wp-json\/wp\/v2\/product-third-category?post=32363"}],"curies":[{"name":"wp","href":"https:\/\/api.w.org\/{rel}","templated":true}]}}