{"id":32369,"date":"2020-09-30T12:10:54","date_gmt":"2020-09-30T16:10:54","guid":{"rendered":"http:\/\/wp-pgs-equipements-adrien-phaneuf.elidevapp1aws.elisys-servers.ca\/product\/tuyau-50-x-3-8-caseih-mcnh238151\/"},"modified":"2025-09-30T06:04:20","modified_gmt":"2025-09-30T10:04:20","slug":"tuyau-50-x-3-8-caseih-mcnh238151","status":"publish","type":"product","link":"http:\/\/wp-pgs-equipements-adrien-phaneuf.elidevapp1aws.elisys-servers.ca\/fr\/produit\/tuyau-50-x-3-8-caseih-mcnh238151\/","title":{"rendered":"Tuyau, 50 &lsquo;x 3\/8 CASEIH  (MCNH238151)"},"content":{"rendered":"<p>50 pieds x 3\/8 pouce<\/p>\n<p>pression max 4000 PSI<\/p>\n<p>temp\u00e9rature max 200 degr\u00e9s F<\/p>\n<p>Livr\u00e9 complet avec raccords rapides<\/p>\n","protected":false},"excerpt":{"rendered":"<p>50 pieds x 3\/8 pouce pression max 4000 PSI temp\u00e9rature max 200 degr\u00e9s F Livr\u00e9 complet avec raccords rapides<\/p>\n","protected":false},"featured_media":32370,"template":"","meta":[],"product-sub-category":[236],"brand":[],"product-third-category":[],"acf":{"product_vendor":"CAS","product_stock_upton":"2","product_stock_marieville":"0","product_stock_shefford":"","product_stock_victoriaville":"1","product_stock_durantaye":"0","product_stock_stematine":"0","product_stock_stclet":"1","product_stock_huntingdon":"","child_inventory_variation":""},"_links":{"self":[{"href":"http:\/\/wp-pgs-equipements-adrien-phaneuf.elidevapp1aws.elisys-servers.ca\/fr\/wp-json\/wp\/v2\/product\/32369"}],"collection":[{"href":"http:\/\/wp-pgs-equipements-adrien-phaneuf.elidevapp1aws.elisys-servers.ca\/fr\/wp-json\/wp\/v2\/product"}],"about":[{"href":"http:\/\/wp-pgs-equipements-adrien-phaneuf.elidevapp1aws.elisys-servers.ca\/fr\/wp-json\/wp\/v2\/types\/product"}],"wp:featuredmedia":[{"embeddable":true,"href":"http:\/\/wp-pgs-equipements-adrien-phaneuf.elidevapp1aws.elisys-servers.ca\/fr\/wp-json\/wp\/v2\/media\/32370"}],"wp:attachment":[{"href":"http:\/\/wp-pgs-equipements-adrien-phaneuf.elidevapp1aws.elisys-servers.ca\/fr\/wp-json\/wp\/v2\/media?parent=32369"}],"wp:term":[{"taxonomy":"product-sub-category","embeddable":true,"href":"http:\/\/wp-pgs-equipements-adrien-phaneuf.elidevapp1aws.elisys-servers.ca\/fr\/wp-json\/wp\/v2\/product-sub-category?post=32369"},{"taxonomy":"brand","embeddable":true,"href":"http:\/\/wp-pgs-equipements-adrien-phaneuf.elidevapp1aws.elisys-servers.ca\/fr\/wp-json\/wp\/v2\/brand?post=32369"},{"taxonomy":"product-third-category","embeddable":true,"href":"http:\/\/wp-pgs-equipements-adrien-phaneuf.elidevapp1aws.elisys-servers.ca\/fr\/wp-json\/wp\/v2\/product-third-category?post=32369"}],"curies":[{"name":"wp","href":"https:\/\/api.w.org\/{rel}","templated":true}]}}