{"id":32387,"date":"2020-09-30T12:11:21","date_gmt":"2020-09-30T16:11:21","guid":{"rendered":"http:\/\/wp-pgs-equipements-adrien-phaneuf.elidevapp1aws.elisys-servers.ca\/product\/kit-de-connexion-rapide-manometre-caseih-mcnh305001\/"},"modified":"2024-05-01T06:03:40","modified_gmt":"2024-05-01T10:03:40","slug":"kit-de-connexion-rapide-manometre-caseih-mcnh305001","status":"publish","type":"product","link":"http:\/\/wp-pgs-equipements-adrien-phaneuf.elidevapp1aws.elisys-servers.ca\/fr\/produit\/kit-de-connexion-rapide-manometre-caseih-mcnh305001\/","title":{"rendered":"Kit de connexion rapide manom\u00e8tre, CASEIH (MCNH305001)"},"content":{"rendered":"<p>Manom\u00e8tre rempli de glyc\u00e9rine<\/p>\n<p>Configuration rapide pour une pr\u00e9cision optimale<\/p>\n<p>Peut \u00eatre raccord\u00e9 entre la pompe et le flexible ou entre le tuyau et le pistolet<\/p>\n<p>Attache \u00e0 l&rsquo;ensemble pistolet \/ baguette<\/p>\n","protected":false},"excerpt":{"rendered":"<p>Manom\u00e8tre rempli de glyc\u00e9rine Configuration rapide pour une pr\u00e9cision optimale Peut \u00eatre raccord\u00e9 entre la pompe et le flexible ou entre le tuyau et le pistolet Attache \u00e0 l&rsquo;ensemble pistolet \/ baguette<\/p>\n","protected":false},"featured_media":32388,"template":"","meta":[],"product-sub-category":[236],"brand":[114],"product-third-category":[],"acf":{"product_vendor":"CAS","product_stock_victoriaville":"0","product_stock_shefford":"0","product_stock_marieville":"0"},"_links":{"self":[{"href":"http:\/\/wp-pgs-equipements-adrien-phaneuf.elidevapp1aws.elisys-servers.ca\/fr\/wp-json\/wp\/v2\/product\/32387"}],"collection":[{"href":"http:\/\/wp-pgs-equipements-adrien-phaneuf.elidevapp1aws.elisys-servers.ca\/fr\/wp-json\/wp\/v2\/product"}],"about":[{"href":"http:\/\/wp-pgs-equipements-adrien-phaneuf.elidevapp1aws.elisys-servers.ca\/fr\/wp-json\/wp\/v2\/types\/product"}],"wp:featuredmedia":[{"embeddable":true,"href":"http:\/\/wp-pgs-equipements-adrien-phaneuf.elidevapp1aws.elisys-servers.ca\/fr\/wp-json\/wp\/v2\/media\/32388"}],"wp:attachment":[{"href":"http:\/\/wp-pgs-equipements-adrien-phaneuf.elidevapp1aws.elisys-servers.ca\/fr\/wp-json\/wp\/v2\/media?parent=32387"}],"wp:term":[{"taxonomy":"product-sub-category","embeddable":true,"href":"http:\/\/wp-pgs-equipements-adrien-phaneuf.elidevapp1aws.elisys-servers.ca\/fr\/wp-json\/wp\/v2\/product-sub-category?post=32387"},{"taxonomy":"brand","embeddable":true,"href":"http:\/\/wp-pgs-equipements-adrien-phaneuf.elidevapp1aws.elisys-servers.ca\/fr\/wp-json\/wp\/v2\/brand?post=32387"},{"taxonomy":"product-third-category","embeddable":true,"href":"http:\/\/wp-pgs-equipements-adrien-phaneuf.elidevapp1aws.elisys-servers.ca\/fr\/wp-json\/wp\/v2\/product-third-category?post=32387"}],"curies":[{"name":"wp","href":"https:\/\/api.w.org\/{rel}","templated":true}]}}