{"id":32393,"date":"2020-09-30T12:11:21","date_gmt":"2020-09-30T16:11:21","guid":{"rendered":"http:\/\/wp-pgs-equipements-adrien-phaneuf.elidevapp1aws.elisys-servers.ca\/product\/ensemble-3-marqueurs-a-peinture-indelebile-caseih-mcnh7200\/"},"modified":"2025-09-30T06:04:22","modified_gmt":"2025-09-30T10:04:22","slug":"ensemble-3-marqueurs-a-peinture-indelebile-caseih-mcnh7200","status":"publish","type":"product","link":"http:\/\/wp-pgs-equipements-adrien-phaneuf.elidevapp1aws.elisys-servers.ca\/fr\/produit\/ensemble-3-marqueurs-a-peinture-indelebile-caseih-mcnh7200\/","title":{"rendered":"Ensemble 3 marqueurs \u00e0 peinture ind\u00e9l\u00e9bile CASEIH (MCNH7200)"},"content":{"rendered":"<p>Pointe de fibre permanente de qualit\u00e9 industrielle<\/p>\n<p>Avec l&rsquo;action de la pompe<\/p>\n<p>Jaune, blanc et noir<\/p>\n","protected":false},"excerpt":{"rendered":"<p>Pointe de fibre permanente de qualit\u00e9 industrielle Avec l&rsquo;action de la pompe Jaune, blanc et noir<\/p>\n","protected":false},"featured_media":32394,"template":"","meta":[],"product-sub-category":[236,248],"brand":[114],"product-third-category":[],"acf":{"product_vendor":"CAS","product_stock_victoriaville":"1","product_stock_upton":"0"},"_links":{"self":[{"href":"http:\/\/wp-pgs-equipements-adrien-phaneuf.elidevapp1aws.elisys-servers.ca\/fr\/wp-json\/wp\/v2\/product\/32393"}],"collection":[{"href":"http:\/\/wp-pgs-equipements-adrien-phaneuf.elidevapp1aws.elisys-servers.ca\/fr\/wp-json\/wp\/v2\/product"}],"about":[{"href":"http:\/\/wp-pgs-equipements-adrien-phaneuf.elidevapp1aws.elisys-servers.ca\/fr\/wp-json\/wp\/v2\/types\/product"}],"wp:featuredmedia":[{"embeddable":true,"href":"http:\/\/wp-pgs-equipements-adrien-phaneuf.elidevapp1aws.elisys-servers.ca\/fr\/wp-json\/wp\/v2\/media\/32394"}],"wp:attachment":[{"href":"http:\/\/wp-pgs-equipements-adrien-phaneuf.elidevapp1aws.elisys-servers.ca\/fr\/wp-json\/wp\/v2\/media?parent=32393"}],"wp:term":[{"taxonomy":"product-sub-category","embeddable":true,"href":"http:\/\/wp-pgs-equipements-adrien-phaneuf.elidevapp1aws.elisys-servers.ca\/fr\/wp-json\/wp\/v2\/product-sub-category?post=32393"},{"taxonomy":"brand","embeddable":true,"href":"http:\/\/wp-pgs-equipements-adrien-phaneuf.elidevapp1aws.elisys-servers.ca\/fr\/wp-json\/wp\/v2\/brand?post=32393"},{"taxonomy":"product-third-category","embeddable":true,"href":"http:\/\/wp-pgs-equipements-adrien-phaneuf.elidevapp1aws.elisys-servers.ca\/fr\/wp-json\/wp\/v2\/product-third-category?post=32393"}],"curies":[{"name":"wp","href":"https:\/\/api.w.org\/{rel}","templated":true}]}}