{"id":32414,"date":"2020-09-30T12:11:21","date_gmt":"2020-09-30T16:11:21","guid":{"rendered":"http:\/\/wp-pgs-equipements-adrien-phaneuf.elidevapp1aws.elisys-servers.ca\/product\/ensemble-de-4-verres-caseih-mh9413\/"},"modified":"2025-09-30T06:04:22","modified_gmt":"2025-09-30T10:04:22","slug":"ensemble-de-4-verres-caseih-mh9413","status":"publish","type":"product","link":"http:\/\/wp-pgs-equipements-adrien-phaneuf.elidevapp1aws.elisys-servers.ca\/fr\/produit\/ensemble-de-4-verres-caseih-mh9413\/","title":{"rendered":"Ensemble de 4 verres CASEIH (MH9413)"},"content":{"rendered":"<p>5 1\/4 \u00ab\u00a0de hauteur, 16 oz<\/p>\n<p>Fait de 100% de m\u00e9lamine<\/p>\n<p>R\u00e9chaud sup\u00e9rieur Lavable au lave-vaisselle<\/p>\n","protected":false},"excerpt":{"rendered":"<p>5 1\/4 \u00ab\u00a0de hauteur, 16 oz Fait de 100% de m\u00e9lamine R\u00e9chaud sup\u00e9rieur Lavable au lave-vaisselle<\/p>\n","protected":false},"featured_media":32415,"template":"","meta":[],"product-sub-category":[263],"brand":[114],"product-third-category":[],"acf":{"product_vendor":"CAS","product_stock_upton":"0","product_stock_marieville":"1","product_stock_shefford":"","product_stock_victoriaville":"","product_stock_durantaye":"","product_stock_stematine":"","product_stock_stclet":"","product_stock_huntingdon":"","child_inventory_variation":""},"_links":{"self":[{"href":"http:\/\/wp-pgs-equipements-adrien-phaneuf.elidevapp1aws.elisys-servers.ca\/fr\/wp-json\/wp\/v2\/product\/32414"}],"collection":[{"href":"http:\/\/wp-pgs-equipements-adrien-phaneuf.elidevapp1aws.elisys-servers.ca\/fr\/wp-json\/wp\/v2\/product"}],"about":[{"href":"http:\/\/wp-pgs-equipements-adrien-phaneuf.elidevapp1aws.elisys-servers.ca\/fr\/wp-json\/wp\/v2\/types\/product"}],"wp:featuredmedia":[{"embeddable":true,"href":"http:\/\/wp-pgs-equipements-adrien-phaneuf.elidevapp1aws.elisys-servers.ca\/fr\/wp-json\/wp\/v2\/media\/32415"}],"wp:attachment":[{"href":"http:\/\/wp-pgs-equipements-adrien-phaneuf.elidevapp1aws.elisys-servers.ca\/fr\/wp-json\/wp\/v2\/media?parent=32414"}],"wp:term":[{"taxonomy":"product-sub-category","embeddable":true,"href":"http:\/\/wp-pgs-equipements-adrien-phaneuf.elidevapp1aws.elisys-servers.ca\/fr\/wp-json\/wp\/v2\/product-sub-category?post=32414"},{"taxonomy":"brand","embeddable":true,"href":"http:\/\/wp-pgs-equipements-adrien-phaneuf.elidevapp1aws.elisys-servers.ca\/fr\/wp-json\/wp\/v2\/brand?post=32414"},{"taxonomy":"product-third-category","embeddable":true,"href":"http:\/\/wp-pgs-equipements-adrien-phaneuf.elidevapp1aws.elisys-servers.ca\/fr\/wp-json\/wp\/v2\/product-third-category?post=32414"}],"curies":[{"name":"wp","href":"https:\/\/api.w.org\/{rel}","templated":true}]}}