{"id":32441,"date":"2020-09-30T12:12:00","date_gmt":"2020-09-30T16:12:00","guid":{"rendered":"http:\/\/wp-pgs-equipements-adrien-phaneuf.elidevapp1aws.elisys-servers.ca\/product\/g43-crochet-a-glissiere-5-16-avec-loquet-caseih-pcc8016366\/"},"modified":"2023-08-08T20:00:55","modified_gmt":"2023-08-09T00:00:55","slug":"g43-crochet-a-glissiere-5-16-avec-loquet-caseih-pcc8016366","status":"publish","type":"product","link":"http:\/\/wp-pgs-equipements-adrien-phaneuf.elidevapp1aws.elisys-servers.ca\/fr\/produit\/g43-crochet-a-glissiere-5-16-avec-loquet-caseih-pcc8016366\/","title":{"rendered":"G43 Crochet \u00e0 glissi\u00e8re 5\/16 avec loquet CASEIH (PCC8016366)"},"content":{"rendered":"<p>Acier alli\u00e9 forg\u00e9 ou acier au carbone.<\/p>\n<p>\u00c9tanche et tremp\u00e9.<\/p>\n<p>Convient pour cha\u00eene G70 ou cha\u00eene G43.<\/p>\n<p>Non pour le levage, seulement pour l&rsquo;amarrage ou la traction.<\/p>\n<p>Charge maximale 3900lbs.<\/p>\n","protected":false},"excerpt":{"rendered":"<p>Acier alli\u00e9 forg\u00e9 ou acier au carbone. \u00c9tanche et tremp\u00e9. Convient pour cha\u00eene G70 ou cha\u00eene G43. Non pour le levage, seulement pour l&rsquo;amarrage ou la traction. Charge maximale 3900lbs.<\/p>\n","protected":false},"featured_media":32442,"template":"","meta":[],"product-sub-category":[256,260],"brand":[],"product-third-category":[],"acf":{"product_vendor":"CAS","product_stock_upton":"0","product_stock_marieville":"","product_stock_shefford":"","product_stock_victoriaville":"0","product_stock_durantaye":"","product_stock_stematine":"","product_stock_stclet":"","product_stock_huntingdon":"","child_inventory_variation":""},"_links":{"self":[{"href":"http:\/\/wp-pgs-equipements-adrien-phaneuf.elidevapp1aws.elisys-servers.ca\/fr\/wp-json\/wp\/v2\/product\/32441"}],"collection":[{"href":"http:\/\/wp-pgs-equipements-adrien-phaneuf.elidevapp1aws.elisys-servers.ca\/fr\/wp-json\/wp\/v2\/product"}],"about":[{"href":"http:\/\/wp-pgs-equipements-adrien-phaneuf.elidevapp1aws.elisys-servers.ca\/fr\/wp-json\/wp\/v2\/types\/product"}],"wp:featuredmedia":[{"embeddable":true,"href":"http:\/\/wp-pgs-equipements-adrien-phaneuf.elidevapp1aws.elisys-servers.ca\/fr\/wp-json\/wp\/v2\/media\/32442"}],"wp:attachment":[{"href":"http:\/\/wp-pgs-equipements-adrien-phaneuf.elidevapp1aws.elisys-servers.ca\/fr\/wp-json\/wp\/v2\/media?parent=32441"}],"wp:term":[{"taxonomy":"product-sub-category","embeddable":true,"href":"http:\/\/wp-pgs-equipements-adrien-phaneuf.elidevapp1aws.elisys-servers.ca\/fr\/wp-json\/wp\/v2\/product-sub-category?post=32441"},{"taxonomy":"brand","embeddable":true,"href":"http:\/\/wp-pgs-equipements-adrien-phaneuf.elidevapp1aws.elisys-servers.ca\/fr\/wp-json\/wp\/v2\/brand?post=32441"},{"taxonomy":"product-third-category","embeddable":true,"href":"http:\/\/wp-pgs-equipements-adrien-phaneuf.elidevapp1aws.elisys-servers.ca\/fr\/wp-json\/wp\/v2\/product-third-category?post=32441"}],"curies":[{"name":"wp","href":"https:\/\/api.w.org\/{rel}","templated":true}]}}