{"id":32453,"date":"2020-09-30T12:12:37","date_gmt":"2020-09-30T16:12:37","guid":{"rendered":"http:\/\/wp-pgs-equipements-adrien-phaneuf.elidevapp1aws.elisys-servers.ca\/product\/crochet-a-chaine-de-1-4-g43-caseih-pcc8023235\/"},"modified":"2025-09-30T06:04:23","modified_gmt":"2025-09-30T10:04:23","slug":"crochet-a-chaine-de-1-4-g43-caseih-pcc8023235","status":"publish","type":"product","link":"http:\/\/wp-pgs-equipements-adrien-phaneuf.elidevapp1aws.elisys-servers.ca\/fr\/produit\/crochet-a-chaine-de-1-4-g43-caseih-pcc8023235\/","title":{"rendered":"Crochet \u00e0 cha\u00eene de 1\/4 G43 CASEIH (PCC8023235)"},"content":{"rendered":"<p>Acier alli\u00e9 forg\u00e9 ou acier au carbone.<\/p>\n<p>\u00c9tanche et tremp\u00e9.<\/p>\n<p>Convient pour cha\u00eene G70 ou cha\u00eene G43.<\/p>\n<p>Non pour le levage, seulement pour l&rsquo;amarrage ou la traction.<\/p>\n<p>Charge maximale 2600 lbs.<\/p>\n","protected":false},"excerpt":{"rendered":"<p>Acier alli\u00e9 forg\u00e9 ou acier au carbone. \u00c9tanche et tremp\u00e9. Convient pour cha\u00eene G70 ou cha\u00eene G43. Non pour le levage, seulement pour l&rsquo;amarrage ou la traction. Charge maximale 2600 lbs.<\/p>\n","protected":false},"featured_media":32454,"template":"","meta":[],"product-sub-category":[256,260],"brand":[],"product-third-category":[],"acf":{"product_vendor":"CAS","product_stock_upton":"","product_stock_marieville":"","product_stock_shefford":"","product_stock_victoriaville":"2","product_stock_durantaye":"","product_stock_stematine":"","product_stock_stclet":"","product_stock_huntingdon":"","child_inventory_variation":""},"_links":{"self":[{"href":"http:\/\/wp-pgs-equipements-adrien-phaneuf.elidevapp1aws.elisys-servers.ca\/fr\/wp-json\/wp\/v2\/product\/32453"}],"collection":[{"href":"http:\/\/wp-pgs-equipements-adrien-phaneuf.elidevapp1aws.elisys-servers.ca\/fr\/wp-json\/wp\/v2\/product"}],"about":[{"href":"http:\/\/wp-pgs-equipements-adrien-phaneuf.elidevapp1aws.elisys-servers.ca\/fr\/wp-json\/wp\/v2\/types\/product"}],"wp:featuredmedia":[{"embeddable":true,"href":"http:\/\/wp-pgs-equipements-adrien-phaneuf.elidevapp1aws.elisys-servers.ca\/fr\/wp-json\/wp\/v2\/media\/32454"}],"wp:attachment":[{"href":"http:\/\/wp-pgs-equipements-adrien-phaneuf.elidevapp1aws.elisys-servers.ca\/fr\/wp-json\/wp\/v2\/media?parent=32453"}],"wp:term":[{"taxonomy":"product-sub-category","embeddable":true,"href":"http:\/\/wp-pgs-equipements-adrien-phaneuf.elidevapp1aws.elisys-servers.ca\/fr\/wp-json\/wp\/v2\/product-sub-category?post=32453"},{"taxonomy":"brand","embeddable":true,"href":"http:\/\/wp-pgs-equipements-adrien-phaneuf.elidevapp1aws.elisys-servers.ca\/fr\/wp-json\/wp\/v2\/brand?post=32453"},{"taxonomy":"product-third-category","embeddable":true,"href":"http:\/\/wp-pgs-equipements-adrien-phaneuf.elidevapp1aws.elisys-servers.ca\/fr\/wp-json\/wp\/v2\/product-third-category?post=32453"}],"curies":[{"name":"wp","href":"https:\/\/api.w.org\/{rel}","templated":true}]}}