{"id":32483,"date":"2020-09-30T12:13:07","date_gmt":"2020-09-30T16:13:07","guid":{"rendered":"http:\/\/wp-pgs-equipements-adrien-phaneuf.elidevapp1aws.elisys-servers.ca\/product\/plaque-diamant-pour-voiture-case-ih-plaque\/"},"modified":"2025-09-02T06:04:25","modified_gmt":"2025-09-02T10:04:25","slug":"plaque-diamant-pour-voiture-case-ih-plaque","status":"publish","type":"product","link":"http:\/\/wp-pgs-equipements-adrien-phaneuf.elidevapp1aws.elisys-servers.ca\/fr\/produit\/plaque-diamant-pour-voiture-case-ih-plaque\/","title":{"rendered":"PLAQUE DIAMANT POUR VOITURE CASE IH (plaque)"},"content":{"rendered":"<p>Affichez cette plaque d&rsquo;immatriculation robuste et diamant\u00e9e sur votre camion pour montrer \u00e0 tous ceux qui se trouvent sur la route votre fiert\u00e9 Case IH!<\/p>\n<p>La plaque d&rsquo;immatriculation standard est con\u00e7ue avec un grand logo Case IH au centre pour \u00eatre facilement lu \u00e0 une plus grande distance.<\/p>\n<p>Assurez-vous d&rsquo;en ajouter un \u00e0 tous vos v\u00e9hicules personnels et agricoles.<\/p>\n","protected":false},"excerpt":{"rendered":"<p>Affichez cette plaque d&rsquo;immatriculation robuste et diamant\u00e9e sur votre camion pour montrer \u00e0 tous ceux qui se trouvent sur la route votre fiert\u00e9 Case IH! La plaque d&rsquo;immatriculation standard est con\u00e7ue avec un grand logo Case IH au centre pour \u00eatre facilement lu \u00e0 une plus grande distance. Assurez-vous d&rsquo;en ajouter un \u00e0 tous vos &hellip; <a href=\"http:\/\/wp-pgs-equipements-adrien-phaneuf.elidevapp1aws.elisys-servers.ca\/fr\/produit\/plaque-diamant-pour-voiture-case-ih-plaque\/\">Suite<\/a><\/p>\n","protected":false},"featured_media":32484,"template":"","meta":[],"product-sub-category":[263],"brand":[111],"product-third-category":[],"acf":{"product_vendor":"div","product_stock_upton":"0","product_stock_marieville":"0","product_stock_shefford":"0","product_stock_victoriaville":"0","product_stock_durantaye":"0","product_stock_stematine":"0","product_stock_stclet":"0","product_stock_huntingdon":"","child_inventory_variation":""},"_links":{"self":[{"href":"http:\/\/wp-pgs-equipements-adrien-phaneuf.elidevapp1aws.elisys-servers.ca\/fr\/wp-json\/wp\/v2\/product\/32483"}],"collection":[{"href":"http:\/\/wp-pgs-equipements-adrien-phaneuf.elidevapp1aws.elisys-servers.ca\/fr\/wp-json\/wp\/v2\/product"}],"about":[{"href":"http:\/\/wp-pgs-equipements-adrien-phaneuf.elidevapp1aws.elisys-servers.ca\/fr\/wp-json\/wp\/v2\/types\/product"}],"wp:featuredmedia":[{"embeddable":true,"href":"http:\/\/wp-pgs-equipements-adrien-phaneuf.elidevapp1aws.elisys-servers.ca\/fr\/wp-json\/wp\/v2\/media\/32484"}],"wp:attachment":[{"href":"http:\/\/wp-pgs-equipements-adrien-phaneuf.elidevapp1aws.elisys-servers.ca\/fr\/wp-json\/wp\/v2\/media?parent=32483"}],"wp:term":[{"taxonomy":"product-sub-category","embeddable":true,"href":"http:\/\/wp-pgs-equipements-adrien-phaneuf.elidevapp1aws.elisys-servers.ca\/fr\/wp-json\/wp\/v2\/product-sub-category?post=32483"},{"taxonomy":"brand","embeddable":true,"href":"http:\/\/wp-pgs-equipements-adrien-phaneuf.elidevapp1aws.elisys-servers.ca\/fr\/wp-json\/wp\/v2\/brand?post=32483"},{"taxonomy":"product-third-category","embeddable":true,"href":"http:\/\/wp-pgs-equipements-adrien-phaneuf.elidevapp1aws.elisys-servers.ca\/fr\/wp-json\/wp\/v2\/product-third-category?post=32483"}],"curies":[{"name":"wp","href":"https:\/\/api.w.org\/{rel}","templated":true}]}}