{"id":32524,"date":"2020-09-30T12:14:26","date_gmt":"2020-09-30T16:14:26","guid":{"rendered":"http:\/\/wp-pgs-equipements-adrien-phaneuf.elidevapp1aws.elisys-servers.ca\/product\/pistolet-a-air-rouge-caseih-sc1025ag\/"},"modified":"2024-07-02T06:03:42","modified_gmt":"2024-07-02T10:03:42","slug":"pistolet-a-air-rouge-caseih-sc1025ag","status":"publish","type":"product","link":"http:\/\/wp-pgs-equipements-adrien-phaneuf.elidevapp1aws.elisys-servers.ca\/fr\/produit\/pistolet-a-air-rouge-caseih-sc1025ag\/","title":{"rendered":"Pistolet \u00e0 air rouge CASEIH (SC1025AG)"},"content":{"rendered":"<p>Poign\u00e9e pistolet pour le confort et le contr\u00f4le<\/p>\n<p>Full-size, d\u00e9clencheur avant-exploit\u00e9 offre le d\u00e9bit d&rsquo;air variable \u00e0 l&rsquo;infini<\/p>\n","protected":false},"excerpt":{"rendered":"<p>Poign\u00e9e pistolet pour le confort et le contr\u00f4le Full-size, d\u00e9clencheur avant-exploit\u00e9 offre le d\u00e9bit d&rsquo;air variable \u00e0 l&rsquo;infini<\/p>\n","protected":false},"featured_media":32525,"template":"","meta":[],"product-sub-category":[236,257],"brand":[114],"product-third-category":[],"acf":{"product_vendor":"CAS","product_stock_stematine":"0","product_stock_upton":"","product_stock_marieville":"","product_stock_shefford":"","product_stock_victoriaville":"","product_stock_durantaye":"","product_stock_stclet":"","product_stock_huntingdon":"1","child_inventory_variation":""},"_links":{"self":[{"href":"http:\/\/wp-pgs-equipements-adrien-phaneuf.elidevapp1aws.elisys-servers.ca\/fr\/wp-json\/wp\/v2\/product\/32524"}],"collection":[{"href":"http:\/\/wp-pgs-equipements-adrien-phaneuf.elidevapp1aws.elisys-servers.ca\/fr\/wp-json\/wp\/v2\/product"}],"about":[{"href":"http:\/\/wp-pgs-equipements-adrien-phaneuf.elidevapp1aws.elisys-servers.ca\/fr\/wp-json\/wp\/v2\/types\/product"}],"wp:featuredmedia":[{"embeddable":true,"href":"http:\/\/wp-pgs-equipements-adrien-phaneuf.elidevapp1aws.elisys-servers.ca\/fr\/wp-json\/wp\/v2\/media\/32525"}],"wp:attachment":[{"href":"http:\/\/wp-pgs-equipements-adrien-phaneuf.elidevapp1aws.elisys-servers.ca\/fr\/wp-json\/wp\/v2\/media?parent=32524"}],"wp:term":[{"taxonomy":"product-sub-category","embeddable":true,"href":"http:\/\/wp-pgs-equipements-adrien-phaneuf.elidevapp1aws.elisys-servers.ca\/fr\/wp-json\/wp\/v2\/product-sub-category?post=32524"},{"taxonomy":"brand","embeddable":true,"href":"http:\/\/wp-pgs-equipements-adrien-phaneuf.elidevapp1aws.elisys-servers.ca\/fr\/wp-json\/wp\/v2\/brand?post=32524"},{"taxonomy":"product-third-category","embeddable":true,"href":"http:\/\/wp-pgs-equipements-adrien-phaneuf.elidevapp1aws.elisys-servers.ca\/fr\/wp-json\/wp\/v2\/product-third-category?post=32524"}],"curies":[{"name":"wp","href":"https:\/\/api.w.org\/{rel}","templated":true}]}}