{"id":32548,"date":"2020-09-30T12:14:57","date_gmt":"2020-09-30T16:14:57","guid":{"rendered":"http:\/\/wp-pgs-equipements-adrien-phaneuf.elidevapp1aws.elisys-servers.ca\/product\/ensemble-de-barres-a-levier-4-pces-caseih-sc16001\/"},"modified":"2025-09-30T06:04:25","modified_gmt":"2025-09-30T10:04:25","slug":"ensemble-de-barres-a-levier-4-pces-caseih-sc16001","status":"publish","type":"product","link":"http:\/\/wp-pgs-equipements-adrien-phaneuf.elidevapp1aws.elisys-servers.ca\/fr\/produit\/ensemble-de-barres-a-levier-4-pces-caseih-sc16001\/","title":{"rendered":"Ensemble de barres \u00e0 levier &#8211; 4 pces CASEIH (SC16001)"},"content":{"rendered":"<p>Ensemble de quatre pi\u00e8ces comprenant des barres de levier de 7\/16 \u00ab\u00a0x 8\u00a0\u00bb, 5\/8 \u00ab\u00a0x 12\u00a0\u00bb, 23\/32 \u00ab\u00a0x 18\u00a0\u00bb et 13\/16 \u00ab\u00a0x 24\u00a0\u00bb.<\/p>\n<p>Poign\u00e9es de confort bi-moule confort offrent un potentiel de levier plus \u00e9lev\u00e9 tout en maintenant une utilisation confortable.<\/p>\n","protected":false},"excerpt":{"rendered":"<p>Ensemble de quatre pi\u00e8ces comprenant des barres de levier de 7\/16 \u00ab\u00a0x 8\u00a0\u00bb, 5\/8 \u00ab\u00a0x 12\u00a0\u00bb, 23\/32 \u00ab\u00a0x 18\u00a0\u00bb et 13\/16 \u00ab\u00a0x 24\u00a0\u00bb. Poign\u00e9es de confort bi-moule confort offrent un potentiel de levier plus \u00e9lev\u00e9 tout en maintenant une utilisation confortable.<\/p>\n","protected":false},"featured_media":32549,"template":"","meta":[],"product-sub-category":[236],"brand":[111],"product-third-category":[],"acf":{"product_vendor":"CAS","product_stock_stematine":"0","product_stock_upton":"1","product_stock_marieville":"","product_stock_shefford":"","product_stock_victoriaville":"","product_stock_durantaye":"","product_stock_stclet":"","product_stock_huntingdon":"","child_inventory_variation":""},"_links":{"self":[{"href":"http:\/\/wp-pgs-equipements-adrien-phaneuf.elidevapp1aws.elisys-servers.ca\/fr\/wp-json\/wp\/v2\/product\/32548"}],"collection":[{"href":"http:\/\/wp-pgs-equipements-adrien-phaneuf.elidevapp1aws.elisys-servers.ca\/fr\/wp-json\/wp\/v2\/product"}],"about":[{"href":"http:\/\/wp-pgs-equipements-adrien-phaneuf.elidevapp1aws.elisys-servers.ca\/fr\/wp-json\/wp\/v2\/types\/product"}],"wp:featuredmedia":[{"embeddable":true,"href":"http:\/\/wp-pgs-equipements-adrien-phaneuf.elidevapp1aws.elisys-servers.ca\/fr\/wp-json\/wp\/v2\/media\/32549"}],"wp:attachment":[{"href":"http:\/\/wp-pgs-equipements-adrien-phaneuf.elidevapp1aws.elisys-servers.ca\/fr\/wp-json\/wp\/v2\/media?parent=32548"}],"wp:term":[{"taxonomy":"product-sub-category","embeddable":true,"href":"http:\/\/wp-pgs-equipements-adrien-phaneuf.elidevapp1aws.elisys-servers.ca\/fr\/wp-json\/wp\/v2\/product-sub-category?post=32548"},{"taxonomy":"brand","embeddable":true,"href":"http:\/\/wp-pgs-equipements-adrien-phaneuf.elidevapp1aws.elisys-servers.ca\/fr\/wp-json\/wp\/v2\/brand?post=32548"},{"taxonomy":"product-third-category","embeddable":true,"href":"http:\/\/wp-pgs-equipements-adrien-phaneuf.elidevapp1aws.elisys-servers.ca\/fr\/wp-json\/wp\/v2\/product-third-category?post=32548"}],"curies":[{"name":"wp","href":"https:\/\/api.w.org\/{rel}","templated":true}]}}