{"id":32614,"date":"2020-09-30T12:15:56","date_gmt":"2020-09-30T16:15:56","guid":{"rendered":"http:\/\/wp-pgs-equipements-adrien-phaneuf.elidevapp1aws.elisys-servers.ca\/product\/ensemble-de-pinces-a-anneaux-4-pces-caseih-sc90004\/"},"modified":"2025-09-30T06:04:26","modified_gmt":"2025-09-30T10:04:26","slug":"ensemble-de-pinces-a-anneaux-4-pces-caseih-sc90004","status":"publish","type":"product","link":"http:\/\/wp-pgs-equipements-adrien-phaneuf.elidevapp1aws.elisys-servers.ca\/fr\/produit\/ensemble-de-pinces-a-anneaux-4-pces-caseih-sc90004\/","title":{"rendered":"Ensemble de pinces \u00e0 anneaux &#8211; 4 pces. CASEIH (SC90004)"},"content":{"rendered":"<p>Ensemble de quatre pi\u00e8ces<\/p>\n<p>.038 et .070 diam\u00e8tre des pointes avec 18 degr\u00e9s<\/p>\n<p>Pince \u00e0 anneau \u00e0 angle d&rsquo;angle de 90 degr\u00e9s<\/p>\n","protected":false},"excerpt":{"rendered":"<p>Ensemble de quatre pi\u00e8ces .038 et .070 diam\u00e8tre des pointes avec 18 degr\u00e9s Pince \u00e0 anneau \u00e0 angle d&rsquo;angle de 90 degr\u00e9s<\/p>\n","protected":false},"featured_media":32615,"template":"","meta":[],"product-sub-category":[229],"brand":[111],"product-third-category":[],"acf":{"product_vendor":"CAS","product_stock_upton":"0","product_stock_stematine":"0","product_stock_huntingdon":"1","product_stock_marieville":"0"},"_links":{"self":[{"href":"http:\/\/wp-pgs-equipements-adrien-phaneuf.elidevapp1aws.elisys-servers.ca\/fr\/wp-json\/wp\/v2\/product\/32614"}],"collection":[{"href":"http:\/\/wp-pgs-equipements-adrien-phaneuf.elidevapp1aws.elisys-servers.ca\/fr\/wp-json\/wp\/v2\/product"}],"about":[{"href":"http:\/\/wp-pgs-equipements-adrien-phaneuf.elidevapp1aws.elisys-servers.ca\/fr\/wp-json\/wp\/v2\/types\/product"}],"wp:featuredmedia":[{"embeddable":true,"href":"http:\/\/wp-pgs-equipements-adrien-phaneuf.elidevapp1aws.elisys-servers.ca\/fr\/wp-json\/wp\/v2\/media\/32615"}],"wp:attachment":[{"href":"http:\/\/wp-pgs-equipements-adrien-phaneuf.elidevapp1aws.elisys-servers.ca\/fr\/wp-json\/wp\/v2\/media?parent=32614"}],"wp:term":[{"taxonomy":"product-sub-category","embeddable":true,"href":"http:\/\/wp-pgs-equipements-adrien-phaneuf.elidevapp1aws.elisys-servers.ca\/fr\/wp-json\/wp\/v2\/product-sub-category?post=32614"},{"taxonomy":"brand","embeddable":true,"href":"http:\/\/wp-pgs-equipements-adrien-phaneuf.elidevapp1aws.elisys-servers.ca\/fr\/wp-json\/wp\/v2\/brand?post=32614"},{"taxonomy":"product-third-category","embeddable":true,"href":"http:\/\/wp-pgs-equipements-adrien-phaneuf.elidevapp1aws.elisys-servers.ca\/fr\/wp-json\/wp\/v2\/product-third-category?post=32614"}],"curies":[{"name":"wp","href":"https:\/\/api.w.org\/{rel}","templated":true}]}}