{"id":32617,"date":"2020-09-30T12:15:56","date_gmt":"2020-09-30T16:15:56","guid":{"rendered":"http:\/\/wp-pgs-equipements-adrien-phaneuf.elidevapp1aws.elisys-servers.ca\/product\/pince-de-verrouillage-5-pces-caseih-sc90005\/"},"modified":"2025-09-30T06:04:26","modified_gmt":"2025-09-30T10:04:26","slug":"pince-de-verrouillage-5-pces-caseih-sc90005","status":"publish","type":"product","link":"http:\/\/wp-pgs-equipements-adrien-phaneuf.elidevapp1aws.elisys-servers.ca\/fr\/produit\/pince-de-verrouillage-5-pces-caseih-sc90005\/","title":{"rendered":"Pince de verrouillage &#8211; 5 pces. CASEIH (SC90005)"},"content":{"rendered":"<p>Ensemble de cinq pi\u00e8ces comprenant m\u00e2choire droite de 5 \u00ab\u00a0et 10\u00a0\u00bb, m\u00e2choire incurv\u00e9e de 7 \u00ab\u00a0et 10\u00a0\u00bb, et pince de serrage de tuyau<\/p>\n<p>Enduit pour une r\u00e9sistance suppl\u00e9mentaire \u00e0 la corrosion tandis que la construction en acier lamin\u00e9 \u00e0 froid et les m\u00e2choires forg\u00e9s donnent une r\u00e9sistance et une durabilit\u00e9 accrues<\/p>\n","protected":false},"excerpt":{"rendered":"<p>Ensemble de cinq pi\u00e8ces comprenant m\u00e2choire droite de 5 \u00ab\u00a0et 10\u00a0\u00bb, m\u00e2choire incurv\u00e9e de 7 \u00ab\u00a0et 10\u00a0\u00bb, et pince de serrage de tuyau Enduit pour une r\u00e9sistance suppl\u00e9mentaire \u00e0 la corrosion tandis que la construction en acier lamin\u00e9 \u00e0 froid et les m\u00e2choires forg\u00e9s donnent une r\u00e9sistance et une durabilit\u00e9 accrues<\/p>\n","protected":false},"featured_media":32618,"template":"","meta":[],"product-sub-category":[229],"brand":[111],"product-third-category":[],"acf":{"product_vendor":"CAS","product_stock_stematine":"0","product_stock_shefford":"0","product_stock_huntingdon":"1","product_stock_upton":"1","product_stock_marieville":"","product_stock_victoriaville":"","product_stock_durantaye":"","product_stock_stclet":"","child_inventory_variation":""},"_links":{"self":[{"href":"http:\/\/wp-pgs-equipements-adrien-phaneuf.elidevapp1aws.elisys-servers.ca\/fr\/wp-json\/wp\/v2\/product\/32617"}],"collection":[{"href":"http:\/\/wp-pgs-equipements-adrien-phaneuf.elidevapp1aws.elisys-servers.ca\/fr\/wp-json\/wp\/v2\/product"}],"about":[{"href":"http:\/\/wp-pgs-equipements-adrien-phaneuf.elidevapp1aws.elisys-servers.ca\/fr\/wp-json\/wp\/v2\/types\/product"}],"wp:featuredmedia":[{"embeddable":true,"href":"http:\/\/wp-pgs-equipements-adrien-phaneuf.elidevapp1aws.elisys-servers.ca\/fr\/wp-json\/wp\/v2\/media\/32618"}],"wp:attachment":[{"href":"http:\/\/wp-pgs-equipements-adrien-phaneuf.elidevapp1aws.elisys-servers.ca\/fr\/wp-json\/wp\/v2\/media?parent=32617"}],"wp:term":[{"taxonomy":"product-sub-category","embeddable":true,"href":"http:\/\/wp-pgs-equipements-adrien-phaneuf.elidevapp1aws.elisys-servers.ca\/fr\/wp-json\/wp\/v2\/product-sub-category?post=32617"},{"taxonomy":"brand","embeddable":true,"href":"http:\/\/wp-pgs-equipements-adrien-phaneuf.elidevapp1aws.elisys-servers.ca\/fr\/wp-json\/wp\/v2\/brand?post=32617"},{"taxonomy":"product-third-category","embeddable":true,"href":"http:\/\/wp-pgs-equipements-adrien-phaneuf.elidevapp1aws.elisys-servers.ca\/fr\/wp-json\/wp\/v2\/product-third-category?post=32617"}],"curies":[{"name":"wp","href":"https:\/\/api.w.org\/{rel}","templated":true}]}}