{"id":32623,"date":"2020-09-30T12:15:56","date_gmt":"2020-09-30T16:15:56","guid":{"rendered":"http:\/\/wp-pgs-equipements-adrien-phaneuf.elidevapp1aws.elisys-servers.ca\/product\/douille-de-montage-pour-sigle-vehicule-a-deplacement-lent-caseih-smv25\/"},"modified":"2025-09-30T06:04:27","modified_gmt":"2025-09-30T10:04:27","slug":"douille-de-montage-pour-sigle-vehicule-a-deplacement-lent-caseih-smv25","status":"publish","type":"product","link":"http:\/\/wp-pgs-equipements-adrien-phaneuf.elidevapp1aws.elisys-servers.ca\/fr\/produit\/douille-de-montage-pour-sigle-vehicule-a-deplacement-lent-caseih-smv25\/","title":{"rendered":"Douille de montage pour sigle v\u00e9hicule \u00e0 d\u00e9placement lent CASEIH (DA5060-16)"},"content":{"rendered":"<p>Installation facile<\/p>\n<p>Utiliser avec l&#8217;embl\u00e8me du v\u00e9hicule lent<\/p>\n<p>Embl\u00e8me lui-m\u00eame n&rsquo;est pas inclus avec ce support<\/p>\n","protected":false},"excerpt":{"rendered":"<p>Installation facile Utiliser avec l&#8217;embl\u00e8me du v\u00e9hicule lent Embl\u00e8me lui-m\u00eame n&rsquo;est pas inclus avec ce support<\/p>\n","protected":false},"featured_media":32624,"template":"","meta":[],"product-sub-category":[236,110],"brand":[111],"product-third-category":[],"acf":{"product_vendor":"mor","product_stock_upton":"","product_stock_marieville":"7","product_stock_shefford":"","product_stock_victoriaville":"4","product_stock_durantaye":"0","product_stock_stematine":"9","product_stock_stclet":"8","product_stock_huntingdon":"6","child_inventory_variation":""},"_links":{"self":[{"href":"http:\/\/wp-pgs-equipements-adrien-phaneuf.elidevapp1aws.elisys-servers.ca\/fr\/wp-json\/wp\/v2\/product\/32623"}],"collection":[{"href":"http:\/\/wp-pgs-equipements-adrien-phaneuf.elidevapp1aws.elisys-servers.ca\/fr\/wp-json\/wp\/v2\/product"}],"about":[{"href":"http:\/\/wp-pgs-equipements-adrien-phaneuf.elidevapp1aws.elisys-servers.ca\/fr\/wp-json\/wp\/v2\/types\/product"}],"wp:featuredmedia":[{"embeddable":true,"href":"http:\/\/wp-pgs-equipements-adrien-phaneuf.elidevapp1aws.elisys-servers.ca\/fr\/wp-json\/wp\/v2\/media\/32624"}],"wp:attachment":[{"href":"http:\/\/wp-pgs-equipements-adrien-phaneuf.elidevapp1aws.elisys-servers.ca\/fr\/wp-json\/wp\/v2\/media?parent=32623"}],"wp:term":[{"taxonomy":"product-sub-category","embeddable":true,"href":"http:\/\/wp-pgs-equipements-adrien-phaneuf.elidevapp1aws.elisys-servers.ca\/fr\/wp-json\/wp\/v2\/product-sub-category?post=32623"},{"taxonomy":"brand","embeddable":true,"href":"http:\/\/wp-pgs-equipements-adrien-phaneuf.elidevapp1aws.elisys-servers.ca\/fr\/wp-json\/wp\/v2\/brand?post=32623"},{"taxonomy":"product-third-category","embeddable":true,"href":"http:\/\/wp-pgs-equipements-adrien-phaneuf.elidevapp1aws.elisys-servers.ca\/fr\/wp-json\/wp\/v2\/product-third-category?post=32623"}],"curies":[{"name":"wp","href":"https:\/\/api.w.org\/{rel}","templated":true}]}}