{"id":32632,"date":"2020-09-30T12:15:56","date_gmt":"2020-09-30T16:15:56","guid":{"rendered":"http:\/\/wp-pgs-equipements-adrien-phaneuf.elidevapp1aws.elisys-servers.ca\/product\/116-kit-de-construction-metallique-tronico-case-ih-magnum-t10072\/"},"modified":"2025-09-30T06:04:27","modified_gmt":"2025-09-30T10:04:27","slug":"116-kit-de-construction-metallique-tronico-case-ih-magnum-t10072","status":"publish","type":"product","link":"http:\/\/wp-pgs-equipements-adrien-phaneuf.elidevapp1aws.elisys-servers.ca\/fr\/produit\/116-kit-de-construction-metallique-tronico-case-ih-magnum-t10072\/","title":{"rendered":"1:16 KIT DE CONSTRUCTION M\u00c9TALLIQUE TRONICO CASE IH MAGNUM (T10072)"},"content":{"rendered":"<p>Case IH Magnum<\/p>\n<p>Contient 1007 pi\u00e8ces<\/p>\n<p>Comprend les outils n\u00e9cessaires \u00e0 la construction<\/p>\n<p>\u00c2ge 12 ans plus<\/p>\n","protected":false},"excerpt":{"rendered":"<p>Case IH Magnum Contient 1007 pi\u00e8ces Comprend les outils n\u00e9cessaires \u00e0 la construction \u00c2ge 12 ans plus<\/p>\n","protected":false},"featured_media":32633,"template":"","meta":[],"product-sub-category":[227],"brand":[111],"product-third-category":[],"acf":{"product_vendor":"CAS","product_stock_victoriaville":"0","product_stock_shefford":"0","product_stock_upton":"1","product_stock_huntingdon":"0","product_stock_durantaye":"0","product_stock_stclet":"0","product_stock_marieville":"","product_stock_stematine":"","child_inventory_variation":""},"_links":{"self":[{"href":"http:\/\/wp-pgs-equipements-adrien-phaneuf.elidevapp1aws.elisys-servers.ca\/fr\/wp-json\/wp\/v2\/product\/32632"}],"collection":[{"href":"http:\/\/wp-pgs-equipements-adrien-phaneuf.elidevapp1aws.elisys-servers.ca\/fr\/wp-json\/wp\/v2\/product"}],"about":[{"href":"http:\/\/wp-pgs-equipements-adrien-phaneuf.elidevapp1aws.elisys-servers.ca\/fr\/wp-json\/wp\/v2\/types\/product"}],"wp:featuredmedia":[{"embeddable":true,"href":"http:\/\/wp-pgs-equipements-adrien-phaneuf.elidevapp1aws.elisys-servers.ca\/fr\/wp-json\/wp\/v2\/media\/32633"}],"wp:attachment":[{"href":"http:\/\/wp-pgs-equipements-adrien-phaneuf.elidevapp1aws.elisys-servers.ca\/fr\/wp-json\/wp\/v2\/media?parent=32632"}],"wp:term":[{"taxonomy":"product-sub-category","embeddable":true,"href":"http:\/\/wp-pgs-equipements-adrien-phaneuf.elidevapp1aws.elisys-servers.ca\/fr\/wp-json\/wp\/v2\/product-sub-category?post=32632"},{"taxonomy":"brand","embeddable":true,"href":"http:\/\/wp-pgs-equipements-adrien-phaneuf.elidevapp1aws.elisys-servers.ca\/fr\/wp-json\/wp\/v2\/brand?post=32632"},{"taxonomy":"product-third-category","embeddable":true,"href":"http:\/\/wp-pgs-equipements-adrien-phaneuf.elidevapp1aws.elisys-servers.ca\/fr\/wp-json\/wp\/v2\/product-third-category?post=32632"}],"curies":[{"name":"wp","href":"https:\/\/api.w.org\/{rel}","templated":true}]}}