{"id":32638,"date":"2020-09-30T12:16:24","date_gmt":"2020-09-30T16:16:24","guid":{"rendered":"http:\/\/wp-pgs-equipements-adrien-phaneuf.elidevapp1aws.elisys-servers.ca\/product\/164-tronico-case-ih-magnum-avec-trailer-kit-de-construction-metallique-t9580\/"},"modified":"2023-08-08T20:00:57","modified_gmt":"2023-08-09T00:00:57","slug":"164-tronico-case-ih-magnum-avec-trailer-kit-de-construction-metallique-t9580","status":"publish","type":"product","link":"http:\/\/wp-pgs-equipements-adrien-phaneuf.elidevapp1aws.elisys-servers.ca\/fr\/produit\/164-tronico-case-ih-magnum-avec-trailer-kit-de-construction-metallique-t9580\/","title":{"rendered":"1:64 TRONICO CASE IH MAGNUM AVEC TRAILER KIT DE CONSTRUCTION M\u00c9TALLIQUE (T9580)"},"content":{"rendered":"<p>Magnum avec remorque en m\u00e9tal<\/p>\n<p>Contient 580 pi\u00e8ces<\/p>\n<p>Comprend les outils n\u00e9cessaires \u00e0 la construction<\/p>\n<p>\u00c2ge 12 ans plus<\/p>\n","protected":false},"excerpt":{"rendered":"<p>Magnum avec remorque en m\u00e9tal Contient 580 pi\u00e8ces Comprend les outils n\u00e9cessaires \u00e0 la construction \u00c2ge 12 ans plus<\/p>\n","protected":false},"featured_media":32639,"template":"","meta":[],"product-sub-category":[227],"brand":[111],"product-third-category":[],"acf":{"product_vendor":"CAS","product_stock_victoriaville":"0","product_stock_upton":"0"},"_links":{"self":[{"href":"http:\/\/wp-pgs-equipements-adrien-phaneuf.elidevapp1aws.elisys-servers.ca\/fr\/wp-json\/wp\/v2\/product\/32638"}],"collection":[{"href":"http:\/\/wp-pgs-equipements-adrien-phaneuf.elidevapp1aws.elisys-servers.ca\/fr\/wp-json\/wp\/v2\/product"}],"about":[{"href":"http:\/\/wp-pgs-equipements-adrien-phaneuf.elidevapp1aws.elisys-servers.ca\/fr\/wp-json\/wp\/v2\/types\/product"}],"wp:featuredmedia":[{"embeddable":true,"href":"http:\/\/wp-pgs-equipements-adrien-phaneuf.elidevapp1aws.elisys-servers.ca\/fr\/wp-json\/wp\/v2\/media\/32639"}],"wp:attachment":[{"href":"http:\/\/wp-pgs-equipements-adrien-phaneuf.elidevapp1aws.elisys-servers.ca\/fr\/wp-json\/wp\/v2\/media?parent=32638"}],"wp:term":[{"taxonomy":"product-sub-category","embeddable":true,"href":"http:\/\/wp-pgs-equipements-adrien-phaneuf.elidevapp1aws.elisys-servers.ca\/fr\/wp-json\/wp\/v2\/product-sub-category?post=32638"},{"taxonomy":"brand","embeddable":true,"href":"http:\/\/wp-pgs-equipements-adrien-phaneuf.elidevapp1aws.elisys-servers.ca\/fr\/wp-json\/wp\/v2\/brand?post=32638"},{"taxonomy":"product-third-category","embeddable":true,"href":"http:\/\/wp-pgs-equipements-adrien-phaneuf.elidevapp1aws.elisys-servers.ca\/fr\/wp-json\/wp\/v2\/product-third-category?post=32638"}],"curies":[{"name":"wp","href":"https:\/\/api.w.org\/{rel}","templated":true}]}}