{"id":32644,"date":"2020-09-30T12:16:24","date_gmt":"2020-09-30T16:16:24","guid":{"rendered":"http:\/\/wp-pgs-equipements-adrien-phaneuf.elidevapp1aws.elisys-servers.ca\/product\/liquide-synthetique-pour-direction-assistee-caseih-thdss\/"},"modified":"2025-09-30T06:04:27","modified_gmt":"2025-09-30T10:04:27","slug":"liquide-synthetique-pour-direction-assistee-caseih-thdss","status":"publish","type":"product","link":"http:\/\/wp-pgs-equipements-adrien-phaneuf.elidevapp1aws.elisys-servers.ca\/fr\/produit\/liquide-synthetique-pour-direction-assistee-caseih-thdss\/","title":{"rendered":"Liquide synth\u00e9tique pour direction assist\u00e9e CASEIH (THDSS)"},"content":{"rendered":"<p>Liquide synth\u00e9tique pour\u00a0servodirection<\/p>\n","protected":false},"excerpt":{"rendered":"<p>Liquide synth\u00e9tique pour\u00a0servodirection<\/p>\n","protected":false},"featured_media":32645,"template":"","meta":[],"product-sub-category":[242],"brand":[111],"product-third-category":[],"acf":{"product_vendor":"CAS","product_stock_shefford":"5","product_stock_durantaye":"5","product_stock_upton":"","product_stock_marieville":"","product_stock_victoriaville":"","product_stock_stematine":"","product_stock_stclet":"","product_stock_huntingdon":"","child_inventory_variation":""},"_links":{"self":[{"href":"http:\/\/wp-pgs-equipements-adrien-phaneuf.elidevapp1aws.elisys-servers.ca\/fr\/wp-json\/wp\/v2\/product\/32644"}],"collection":[{"href":"http:\/\/wp-pgs-equipements-adrien-phaneuf.elidevapp1aws.elisys-servers.ca\/fr\/wp-json\/wp\/v2\/product"}],"about":[{"href":"http:\/\/wp-pgs-equipements-adrien-phaneuf.elidevapp1aws.elisys-servers.ca\/fr\/wp-json\/wp\/v2\/types\/product"}],"wp:featuredmedia":[{"embeddable":true,"href":"http:\/\/wp-pgs-equipements-adrien-phaneuf.elidevapp1aws.elisys-servers.ca\/fr\/wp-json\/wp\/v2\/media\/32645"}],"wp:attachment":[{"href":"http:\/\/wp-pgs-equipements-adrien-phaneuf.elidevapp1aws.elisys-servers.ca\/fr\/wp-json\/wp\/v2\/media?parent=32644"}],"wp:term":[{"taxonomy":"product-sub-category","embeddable":true,"href":"http:\/\/wp-pgs-equipements-adrien-phaneuf.elidevapp1aws.elisys-servers.ca\/fr\/wp-json\/wp\/v2\/product-sub-category?post=32644"},{"taxonomy":"brand","embeddable":true,"href":"http:\/\/wp-pgs-equipements-adrien-phaneuf.elidevapp1aws.elisys-servers.ca\/fr\/wp-json\/wp\/v2\/brand?post=32644"},{"taxonomy":"product-third-category","embeddable":true,"href":"http:\/\/wp-pgs-equipements-adrien-phaneuf.elidevapp1aws.elisys-servers.ca\/fr\/wp-json\/wp\/v2\/product-third-category?post=32644"}],"curies":[{"name":"wp","href":"https:\/\/api.w.org\/{rel}","templated":true}]}}