{"id":32650,"date":"2020-09-30T12:16:24","date_gmt":"2020-09-30T16:16:24","guid":{"rendered":"http:\/\/wp-pgs-equipements-adrien-phaneuf.elidevapp1aws.elisys-servers.ca\/product\/132-case-ih-farmall-80-avec-rops-canopy-uh2978\/"},"modified":"2024-01-08T06:03:47","modified_gmt":"2024-01-08T11:03:47","slug":"132-case-ih-farmall-80-avec-rops-canopy-uh2978","status":"publish","type":"product","link":"http:\/\/wp-pgs-equipements-adrien-phaneuf.elidevapp1aws.elisys-servers.ca\/fr\/produit\/132-case-ih-farmall-80-avec-rops-canopy-uh2978\/","title":{"rendered":"1:32 Case IH Farmall 80 avec ROPS &#038; Canopy (UH2978)"},"content":{"rendered":"<p>1:32 Mod\u00e8le \u00e0 l&rsquo;\u00e9chelle\u00a0<\/p>\n<p>R\u00e9plique Die Cast\u00a0<\/p>\n<p>Fabriqu\u00e9 par Universal Hobbies<\/p>\n","protected":false},"excerpt":{"rendered":"<p>1:32 Mod\u00e8le \u00e0 l&rsquo;\u00e9chelle\u00a0 R\u00e9plique Die Cast\u00a0 Fabriqu\u00e9 par Universal Hobbies<\/p>\n","protected":false},"featured_media":32651,"template":"","meta":[],"product-sub-category":[227],"brand":[111],"product-third-category":[],"acf":{"product_vendor":"CAS","product_stock_victoriaville":"0","product_stock_upton":"0","product_stock_huntingdon":"0","product_stock_shefford":"0"},"_links":{"self":[{"href":"http:\/\/wp-pgs-equipements-adrien-phaneuf.elidevapp1aws.elisys-servers.ca\/fr\/wp-json\/wp\/v2\/product\/32650"}],"collection":[{"href":"http:\/\/wp-pgs-equipements-adrien-phaneuf.elidevapp1aws.elisys-servers.ca\/fr\/wp-json\/wp\/v2\/product"}],"about":[{"href":"http:\/\/wp-pgs-equipements-adrien-phaneuf.elidevapp1aws.elisys-servers.ca\/fr\/wp-json\/wp\/v2\/types\/product"}],"wp:featuredmedia":[{"embeddable":true,"href":"http:\/\/wp-pgs-equipements-adrien-phaneuf.elidevapp1aws.elisys-servers.ca\/fr\/wp-json\/wp\/v2\/media\/32651"}],"wp:attachment":[{"href":"http:\/\/wp-pgs-equipements-adrien-phaneuf.elidevapp1aws.elisys-servers.ca\/fr\/wp-json\/wp\/v2\/media?parent=32650"}],"wp:term":[{"taxonomy":"product-sub-category","embeddable":true,"href":"http:\/\/wp-pgs-equipements-adrien-phaneuf.elidevapp1aws.elisys-servers.ca\/fr\/wp-json\/wp\/v2\/product-sub-category?post=32650"},{"taxonomy":"brand","embeddable":true,"href":"http:\/\/wp-pgs-equipements-adrien-phaneuf.elidevapp1aws.elisys-servers.ca\/fr\/wp-json\/wp\/v2\/brand?post=32650"},{"taxonomy":"product-third-category","embeddable":true,"href":"http:\/\/wp-pgs-equipements-adrien-phaneuf.elidevapp1aws.elisys-servers.ca\/fr\/wp-json\/wp\/v2\/product-third-category?post=32650"}],"curies":[{"name":"wp","href":"https:\/\/api.w.org\/{rel}","templated":true}]}}