{"id":32762,"date":"2020-09-30T12:19:01","date_gmt":"2020-09-30T16:19:01","guid":{"rendered":"http:\/\/wp-pgs-equipements-adrien-phaneuf.elidevapp1aws.elisys-servers.ca\/product\/cable-de-camera-25-pieds-caseih-zaecec25hd\/"},"modified":"2023-08-08T20:00:58","modified_gmt":"2023-08-09T00:00:58","slug":"cable-de-camera-25-pieds-caseih-zaecec25hd","status":"publish","type":"product","link":"http:\/\/wp-pgs-equipements-adrien-phaneuf.elidevapp1aws.elisys-servers.ca\/fr\/produit\/cable-de-camera-25-pieds-caseih-zaecec25hd\/","title":{"rendered":"C\u00e2ble de cam\u00e9ra, 25 pieds CASEIH (ZAECEC25HD)"},"content":{"rendered":"<p>Connecteurs de verrouillage<\/p>\n<p>Des connecteurs \u00e0 l&rsquo;\u00e9preuve des intemp\u00e9ries aux deux extr\u00e9mit\u00e9s permettent de raccorder plusieurs cha\u00eenes en s\u00e9rie jusqu&rsquo;\u00e0 200 pi.<\/p>\n<p>Le c\u00e2ble de la cam\u00e9ra est imperm\u00e9able aux produits chimiques, aux huiles, \u00e0 l&rsquo;essence, au sel, etc.<\/p>\n","protected":false},"excerpt":{"rendered":"<p>Connecteurs de verrouillage Des connecteurs \u00e0 l&rsquo;\u00e9preuve des intemp\u00e9ries aux deux extr\u00e9mit\u00e9s permettent de raccorder plusieurs cha\u00eenes en s\u00e9rie jusqu&rsquo;\u00e0 200 pi. Le c\u00e2ble de la cam\u00e9ra est imperm\u00e9able aux produits chimiques, aux huiles, \u00e0 l&rsquo;essence, au sel, etc.<\/p>\n","protected":false},"featured_media":32763,"template":"","meta":[],"product-sub-category":[231],"brand":[],"product-third-category":[],"acf":{"product_vendor":"CAS","product_stock_upton":"","product_stock_marieville":"","product_stock_shefford":"","product_stock_victoriaville":"","product_stock_durantaye":"0","product_stock_stematine":"","product_stock_stclet":"","product_stock_huntingdon":"","child_inventory_variation":""},"_links":{"self":[{"href":"http:\/\/wp-pgs-equipements-adrien-phaneuf.elidevapp1aws.elisys-servers.ca\/fr\/wp-json\/wp\/v2\/product\/32762"}],"collection":[{"href":"http:\/\/wp-pgs-equipements-adrien-phaneuf.elidevapp1aws.elisys-servers.ca\/fr\/wp-json\/wp\/v2\/product"}],"about":[{"href":"http:\/\/wp-pgs-equipements-adrien-phaneuf.elidevapp1aws.elisys-servers.ca\/fr\/wp-json\/wp\/v2\/types\/product"}],"wp:featuredmedia":[{"embeddable":true,"href":"http:\/\/wp-pgs-equipements-adrien-phaneuf.elidevapp1aws.elisys-servers.ca\/fr\/wp-json\/wp\/v2\/media\/32763"}],"wp:attachment":[{"href":"http:\/\/wp-pgs-equipements-adrien-phaneuf.elidevapp1aws.elisys-servers.ca\/fr\/wp-json\/wp\/v2\/media?parent=32762"}],"wp:term":[{"taxonomy":"product-sub-category","embeddable":true,"href":"http:\/\/wp-pgs-equipements-adrien-phaneuf.elidevapp1aws.elisys-servers.ca\/fr\/wp-json\/wp\/v2\/product-sub-category?post=32762"},{"taxonomy":"brand","embeddable":true,"href":"http:\/\/wp-pgs-equipements-adrien-phaneuf.elidevapp1aws.elisys-servers.ca\/fr\/wp-json\/wp\/v2\/brand?post=32762"},{"taxonomy":"product-third-category","embeddable":true,"href":"http:\/\/wp-pgs-equipements-adrien-phaneuf.elidevapp1aws.elisys-servers.ca\/fr\/wp-json\/wp\/v2\/product-third-category?post=32762"}],"curies":[{"name":"wp","href":"https:\/\/api.w.org\/{rel}","templated":true}]}}