{"id":32771,"date":"2020-09-30T12:19:01","date_gmt":"2020-09-30T16:19:01","guid":{"rendered":"http:\/\/wp-pgs-equipements-adrien-phaneuf.elidevapp1aws.elisys-servers.ca\/product\/radio-jensen-haute-performance-avec-usb-caseih-zaejhd1630hd\/"},"modified":"2024-03-29T06:03:58","modified_gmt":"2024-03-29T10:03:58","slug":"radio-jensen-haute-performance-avec-usb-caseih-zaejhd1630hd","status":"publish","type":"product","link":"http:\/\/wp-pgs-equipements-adrien-phaneuf.elidevapp1aws.elisys-servers.ca\/fr\/produit\/radio-jensen-haute-performance-avec-usb-caseih-zaejhd1630hd\/","title":{"rendered":"Radio Jensen Haute-performance avec USB CASEIH (ZAEJHD1630HD)"},"content":{"rendered":"<p>Haut-parleurs AM \/ FM \/ WB \/ iPod et SIRIUS<\/p>\n<p>Accordeur Weatherband 7 canaux NOAA complet avec Alerte M\u00e9t\u00e9o<\/p>\n<p>M\u00caME. (Codage de message de zone sp\u00e9cifique)<\/p>\n<p>SIRIUS Satellite Radio Ready Gen 3.0 (N\u00e9cessite le tuner et l&rsquo;antenne SIRIUS)<\/p>\n<p>Pr\u00eat pour iPod et iPhone<\/p>\n<p>Tuner AM \/ FM US \/ Euro avec RBDS<\/p>\n<p>CD changeur pr\u00eat<\/p>\n<p>Amplificateur de puissance 4 canaux de 180 watts (4x45W)<\/p>\n<p>Entr\u00e9e auxiliaire avant et arri\u00e8re, plus ligne de sortie pr\u00e9ampli<\/p>\n<p>Grands contr\u00f4les et boutons conviviaux<\/p>\n<p>Affichage matriciel \u00e0 haute visibilit\u00e9 avec r\u00e9tro-\u00e9clairage LED blanc<\/p>\n<p>Boutons du panneau de contr\u00f4le r\u00e9tro\u00e9clair\u00e9 orange<\/p>\n","protected":false},"excerpt":{"rendered":"<p>Haut-parleurs AM \/ FM \/ WB \/ iPod et SIRIUS Accordeur Weatherband 7 canaux NOAA complet avec Alerte M\u00e9t\u00e9o M\u00caME. (Codage de message de zone sp\u00e9cifique) SIRIUS Satellite Radio Ready Gen 3.0 (N\u00e9cessite le tuner et l&rsquo;antenne SIRIUS) Pr\u00eat pour iPod et iPhone Tuner AM \/ FM US \/ Euro avec RBDS CD changeur pr\u00eat &hellip; <a href=\"http:\/\/wp-pgs-equipements-adrien-phaneuf.elidevapp1aws.elisys-servers.ca\/fr\/produit\/radio-jensen-haute-performance-avec-usb-caseih-zaejhd1630hd\/\">Suite<\/a><\/p>\n","protected":false},"featured_media":32772,"template":"","meta":[],"product-sub-category":[379],"brand":[],"product-third-category":[],"acf":{"product_vendor":"CAS","product_stock_upton":"0","product_stock_marieville":"0","product_stock_shefford":"0","product_stock_victoriaville":"","product_stock_durantaye":"","product_stock_stematine":"","product_stock_stclet":"","product_stock_huntingdon":"","child_inventory_variation":""},"_links":{"self":[{"href":"http:\/\/wp-pgs-equipements-adrien-phaneuf.elidevapp1aws.elisys-servers.ca\/fr\/wp-json\/wp\/v2\/product\/32771"}],"collection":[{"href":"http:\/\/wp-pgs-equipements-adrien-phaneuf.elidevapp1aws.elisys-servers.ca\/fr\/wp-json\/wp\/v2\/product"}],"about":[{"href":"http:\/\/wp-pgs-equipements-adrien-phaneuf.elidevapp1aws.elisys-servers.ca\/fr\/wp-json\/wp\/v2\/types\/product"}],"wp:featuredmedia":[{"embeddable":true,"href":"http:\/\/wp-pgs-equipements-adrien-phaneuf.elidevapp1aws.elisys-servers.ca\/fr\/wp-json\/wp\/v2\/media\/32772"}],"wp:attachment":[{"href":"http:\/\/wp-pgs-equipements-adrien-phaneuf.elidevapp1aws.elisys-servers.ca\/fr\/wp-json\/wp\/v2\/media?parent=32771"}],"wp:term":[{"taxonomy":"product-sub-category","embeddable":true,"href":"http:\/\/wp-pgs-equipements-adrien-phaneuf.elidevapp1aws.elisys-servers.ca\/fr\/wp-json\/wp\/v2\/product-sub-category?post=32771"},{"taxonomy":"brand","embeddable":true,"href":"http:\/\/wp-pgs-equipements-adrien-phaneuf.elidevapp1aws.elisys-servers.ca\/fr\/wp-json\/wp\/v2\/brand?post=32771"},{"taxonomy":"product-third-category","embeddable":true,"href":"http:\/\/wp-pgs-equipements-adrien-phaneuf.elidevapp1aws.elisys-servers.ca\/fr\/wp-json\/wp\/v2\/product-third-category?post=32771"}],"curies":[{"name":"wp","href":"https:\/\/api.w.org\/{rel}","templated":true}]}}