{"id":32774,"date":"2020-09-30T12:19:01","date_gmt":"2020-09-30T16:19:01","guid":{"rendered":"http:\/\/wp-pgs-equipements-adrien-phaneuf.elidevapp1aws.elisys-servers.ca\/product\/kit-de-montage-universel-pour-la-radio-et-les-accessoires-caseihzaejhd910hd\/"},"modified":"2023-10-27T06:03:45","modified_gmt":"2023-10-27T10:03:45","slug":"kit-de-montage-universel-pour-la-radio-et-les-accessoires-caseihzaejhd910hd","status":"publish","type":"product","link":"http:\/\/wp-pgs-equipements-adrien-phaneuf.elidevapp1aws.elisys-servers.ca\/fr\/produit\/kit-de-montage-universel-pour-la-radio-et-les-accessoires-caseihzaejhd910hd\/","title":{"rendered":"Kit de montage universel pour la radio et les accessoires CASEIH(ZAEJHD910HD)"},"content":{"rendered":"<p>Comprend les supports de montage, le faisceau complet de 2 haut-parleurs, le mat\u00e9riel et les instructions<\/p>\n<p>Id\u00e9al pour les skid steers, les v\u00e9hicules utilitaires et tous les \u00e9quipements ouverts sans barre ROPS<\/p>\n<p>Le support monte la radio ZAEJHD910HD, les enceintes ZAEJXHD35HD, l&rsquo;antenne ZAE1181039HD et les \u00e9couteurs ZAE1HPHD (vendus s\u00e9par\u00e9ment)<\/p>\n","protected":false},"excerpt":{"rendered":"<p>Comprend les supports de montage, le faisceau complet de 2 haut-parleurs, le mat\u00e9riel et les instructions Id\u00e9al pour les skid steers, les v\u00e9hicules utilitaires et tous les \u00e9quipements ouverts sans barre ROPS Le support monte la radio ZAEJHD910HD, les enceintes ZAEJXHD35HD, l&rsquo;antenne ZAE1181039HD et les \u00e9couteurs ZAE1HPHD (vendus s\u00e9par\u00e9ment)<\/p>\n","protected":false},"featured_media":32775,"template":"","meta":[],"product-sub-category":[379],"brand":[],"product-third-category":[],"acf":{"product_vendor":"CAS","product_stock_upton":"","product_stock_marieville":"","product_stock_shefford":"","product_stock_victoriaville":"0","product_stock_durantaye":"0","product_stock_stematine":"","product_stock_stclet":"","product_stock_huntingdon":"","child_inventory_variation":""},"_links":{"self":[{"href":"http:\/\/wp-pgs-equipements-adrien-phaneuf.elidevapp1aws.elisys-servers.ca\/fr\/wp-json\/wp\/v2\/product\/32774"}],"collection":[{"href":"http:\/\/wp-pgs-equipements-adrien-phaneuf.elidevapp1aws.elisys-servers.ca\/fr\/wp-json\/wp\/v2\/product"}],"about":[{"href":"http:\/\/wp-pgs-equipements-adrien-phaneuf.elidevapp1aws.elisys-servers.ca\/fr\/wp-json\/wp\/v2\/types\/product"}],"wp:featuredmedia":[{"embeddable":true,"href":"http:\/\/wp-pgs-equipements-adrien-phaneuf.elidevapp1aws.elisys-servers.ca\/fr\/wp-json\/wp\/v2\/media\/32775"}],"wp:attachment":[{"href":"http:\/\/wp-pgs-equipements-adrien-phaneuf.elidevapp1aws.elisys-servers.ca\/fr\/wp-json\/wp\/v2\/media?parent=32774"}],"wp:term":[{"taxonomy":"product-sub-category","embeddable":true,"href":"http:\/\/wp-pgs-equipements-adrien-phaneuf.elidevapp1aws.elisys-servers.ca\/fr\/wp-json\/wp\/v2\/product-sub-category?post=32774"},{"taxonomy":"brand","embeddable":true,"href":"http:\/\/wp-pgs-equipements-adrien-phaneuf.elidevapp1aws.elisys-servers.ca\/fr\/wp-json\/wp\/v2\/brand?post=32774"},{"taxonomy":"product-third-category","embeddable":true,"href":"http:\/\/wp-pgs-equipements-adrien-phaneuf.elidevapp1aws.elisys-servers.ca\/fr\/wp-json\/wp\/v2\/product-third-category?post=32774"}],"curies":[{"name":"wp","href":"https:\/\/api.w.org\/{rel}","templated":true}]}}