{"id":32777,"date":"2020-09-30T12:19:01","date_gmt":"2020-09-30T16:19:01","guid":{"rendered":"http:\/\/wp-pgs-equipements-adrien-phaneuf.elidevapp1aws.elisys-servers.ca\/product\/haut-parleurs-etanches-a-lepreuve-des-intemperies-caseih-zaejxhd35hd\/"},"modified":"2023-10-27T06:03:45","modified_gmt":"2023-10-27T10:03:45","slug":"haut-parleurs-etanches-a-lepreuve-des-intemperies-caseih-zaejxhd35hd","status":"publish","type":"product","link":"http:\/\/wp-pgs-equipements-adrien-phaneuf.elidevapp1aws.elisys-servers.ca\/fr\/produit\/haut-parleurs-etanches-a-lepreuve-des-intemperies-caseih-zaejxhd35hd\/","title":{"rendered":"Haut-parleurs \u00e9tanches \u00e0 l&rsquo;\u00e9preuve des intemp\u00e9ries CASEIH (ZAEJXHD35HD)"},"content":{"rendered":"<p>Haut-parleurs \u00e0 montage ext\u00e9rieur<\/p>\n<p>Puissance max .: 30 Watts<\/p>\n<p>ASTM B117 Exposition aux pulv\u00e9risations de sel Conformit\u00e9 aux normes<\/p>\n<p>Conformit\u00e9 aux normes d&rsquo;exposition aux rayons UV ASTM D4329<\/p>\n<p>Vendu comme paire<\/p>\n","protected":false},"excerpt":{"rendered":"<p>Haut-parleurs \u00e0 montage ext\u00e9rieur Puissance max .: 30 Watts ASTM B117 Exposition aux pulv\u00e9risations de sel Conformit\u00e9 aux normes Conformit\u00e9 aux normes d&rsquo;exposition aux rayons UV ASTM D4329 Vendu comme paire<\/p>\n","protected":false},"featured_media":32778,"template":"","meta":[],"product-sub-category":[379],"brand":[],"product-third-category":[],"acf":{"product_vendor":"CAS","product_stock_upton":"","product_stock_marieville":"","product_stock_shefford":"","product_stock_victoriaville":"0","product_stock_durantaye":"","product_stock_stematine":"","product_stock_stclet":"","product_stock_huntingdon":"","child_inventory_variation":""},"_links":{"self":[{"href":"http:\/\/wp-pgs-equipements-adrien-phaneuf.elidevapp1aws.elisys-servers.ca\/fr\/wp-json\/wp\/v2\/product\/32777"}],"collection":[{"href":"http:\/\/wp-pgs-equipements-adrien-phaneuf.elidevapp1aws.elisys-servers.ca\/fr\/wp-json\/wp\/v2\/product"}],"about":[{"href":"http:\/\/wp-pgs-equipements-adrien-phaneuf.elidevapp1aws.elisys-servers.ca\/fr\/wp-json\/wp\/v2\/types\/product"}],"wp:featuredmedia":[{"embeddable":true,"href":"http:\/\/wp-pgs-equipements-adrien-phaneuf.elidevapp1aws.elisys-servers.ca\/fr\/wp-json\/wp\/v2\/media\/32778"}],"wp:attachment":[{"href":"http:\/\/wp-pgs-equipements-adrien-phaneuf.elidevapp1aws.elisys-servers.ca\/fr\/wp-json\/wp\/v2\/media?parent=32777"}],"wp:term":[{"taxonomy":"product-sub-category","embeddable":true,"href":"http:\/\/wp-pgs-equipements-adrien-phaneuf.elidevapp1aws.elisys-servers.ca\/fr\/wp-json\/wp\/v2\/product-sub-category?post=32777"},{"taxonomy":"brand","embeddable":true,"href":"http:\/\/wp-pgs-equipements-adrien-phaneuf.elidevapp1aws.elisys-servers.ca\/fr\/wp-json\/wp\/v2\/brand?post=32777"},{"taxonomy":"product-third-category","embeddable":true,"href":"http:\/\/wp-pgs-equipements-adrien-phaneuf.elidevapp1aws.elisys-servers.ca\/fr\/wp-json\/wp\/v2\/product-third-category?post=32777"}],"curies":[{"name":"wp","href":"https:\/\/api.w.org\/{rel}","templated":true}]}}