{"id":32889,"date":"2020-09-30T12:21:41","date_gmt":"2020-09-30T16:21:41","guid":{"rendered":"http:\/\/wp-pgs-equipements-adrien-phaneuf.elidevapp1aws.elisys-servers.ca\/product\/164-case-ih-magnum-7110-avec-pelle-zfn14930\/"},"modified":"2023-08-08T20:00:59","modified_gmt":"2023-08-09T00:00:59","slug":"164-case-ih-magnum-7110-avec-pelle-zfn14930","status":"publish","type":"product","link":"http:\/\/wp-pgs-equipements-adrien-phaneuf.elidevapp1aws.elisys-servers.ca\/fr\/produit\/164-case-ih-magnum-7110-avec-pelle-zfn14930\/","title":{"rendered":"1:64 CASE IH MAGNUM 7110 AVEC PELLE (ZFN14930)"},"content":{"rendered":"<p>1\/64 Magnum 7110 avec pelle<\/p>\n<p>La pelle s\u2019\u00e9l\u00e8ve, descend et pivote pour d\u00e9charger.<\/p>\n<p>Enfants 3 ans et plus.<\/p>\n","protected":false},"excerpt":{"rendered":"<p>1\/64 Magnum 7110 avec pelle La pelle s\u2019\u00e9l\u00e8ve, descend et pivote pour d\u00e9charger. Enfants 3 ans et plus.<\/p>\n","protected":false},"featured_media":32890,"template":"","meta":[],"product-sub-category":[227],"brand":[111],"product-third-category":[],"acf":{"product_vendor":"CAS","product_stock_stematine":"0","product_stock_victoriaville":"0","product_stock_upton":"0","product_stock_huntingdon":"0","product_stock_durantaye":"0","product_stock_marieville":"0","product_stock_stclet":"0","product_stock_shefford":"0"},"_links":{"self":[{"href":"http:\/\/wp-pgs-equipements-adrien-phaneuf.elidevapp1aws.elisys-servers.ca\/fr\/wp-json\/wp\/v2\/product\/32889"}],"collection":[{"href":"http:\/\/wp-pgs-equipements-adrien-phaneuf.elidevapp1aws.elisys-servers.ca\/fr\/wp-json\/wp\/v2\/product"}],"about":[{"href":"http:\/\/wp-pgs-equipements-adrien-phaneuf.elidevapp1aws.elisys-servers.ca\/fr\/wp-json\/wp\/v2\/types\/product"}],"wp:featuredmedia":[{"embeddable":true,"href":"http:\/\/wp-pgs-equipements-adrien-phaneuf.elidevapp1aws.elisys-servers.ca\/fr\/wp-json\/wp\/v2\/media\/32890"}],"wp:attachment":[{"href":"http:\/\/wp-pgs-equipements-adrien-phaneuf.elidevapp1aws.elisys-servers.ca\/fr\/wp-json\/wp\/v2\/media?parent=32889"}],"wp:term":[{"taxonomy":"product-sub-category","embeddable":true,"href":"http:\/\/wp-pgs-equipements-adrien-phaneuf.elidevapp1aws.elisys-servers.ca\/fr\/wp-json\/wp\/v2\/product-sub-category?post=32889"},{"taxonomy":"brand","embeddable":true,"href":"http:\/\/wp-pgs-equipements-adrien-phaneuf.elidevapp1aws.elisys-servers.ca\/fr\/wp-json\/wp\/v2\/brand?post=32889"},{"taxonomy":"product-third-category","embeddable":true,"href":"http:\/\/wp-pgs-equipements-adrien-phaneuf.elidevapp1aws.elisys-servers.ca\/fr\/wp-json\/wp\/v2\/product-third-category?post=32889"}],"curies":[{"name":"wp","href":"https:\/\/api.w.org\/{rel}","templated":true}]}}