{"id":32901,"date":"2020-09-30T12:21:41","date_gmt":"2020-09-30T16:21:41","guid":{"rendered":"http:\/\/wp-pgs-equipements-adrien-phaneuf.elidevapp1aws.elisys-servers.ca\/product\/164-magnum-380-avec-chenille-caseih-zfn14936\/"},"modified":"2025-01-27T06:03:45","modified_gmt":"2025-01-27T11:03:45","slug":"164-magnum-380-avec-chenille-caseih-zfn14936","status":"publish","type":"product","link":"http:\/\/wp-pgs-equipements-adrien-phaneuf.elidevapp1aws.elisys-servers.ca\/fr\/produit\/164-magnum-380-avec-chenille-caseih-zfn14936\/","title":{"rendered":"1:64 MAGNUM 380 AVEC CHENILLE CASEIH (ZFN14936)"},"content":{"rendered":"<p>1\/64 Magnum 380 avec chenille<\/p>\n<p>Nouveau Tier 4B chemin\u00e9e d\u2019\u00e9chappement, filtre \u00e0 air, r\u00e9servoirs d\u2019essence \u00e0 gauche et droite, chenilles 120\u2019\u2019.<\/p>\n<p>Enfants 3 ans et plus.<\/p>\n","protected":false},"excerpt":{"rendered":"<p>1\/64 Magnum 380 avec chenille Nouveau Tier 4B chemin\u00e9e d\u2019\u00e9chappement, filtre \u00e0 air, r\u00e9servoirs d\u2019essence \u00e0 gauche et droite, chenilles 120\u2019\u2019. Enfants 3 ans et plus.<\/p>\n","protected":false},"featured_media":32902,"template":"","meta":[],"product-sub-category":[227],"brand":[111],"product-third-category":[],"acf":{"product_vendor":"CAS","product_stock_stematine":"0","product_stock_victoriaville":"0","product_stock_shefford":"0","product_stock_upton":"0","product_stock_huntingdon":"0","product_stock_marieville":"0","product_stock_stclet":"0"},"_links":{"self":[{"href":"http:\/\/wp-pgs-equipements-adrien-phaneuf.elidevapp1aws.elisys-servers.ca\/fr\/wp-json\/wp\/v2\/product\/32901"}],"collection":[{"href":"http:\/\/wp-pgs-equipements-adrien-phaneuf.elidevapp1aws.elisys-servers.ca\/fr\/wp-json\/wp\/v2\/product"}],"about":[{"href":"http:\/\/wp-pgs-equipements-adrien-phaneuf.elidevapp1aws.elisys-servers.ca\/fr\/wp-json\/wp\/v2\/types\/product"}],"wp:featuredmedia":[{"embeddable":true,"href":"http:\/\/wp-pgs-equipements-adrien-phaneuf.elidevapp1aws.elisys-servers.ca\/fr\/wp-json\/wp\/v2\/media\/32902"}],"wp:attachment":[{"href":"http:\/\/wp-pgs-equipements-adrien-phaneuf.elidevapp1aws.elisys-servers.ca\/fr\/wp-json\/wp\/v2\/media?parent=32901"}],"wp:term":[{"taxonomy":"product-sub-category","embeddable":true,"href":"http:\/\/wp-pgs-equipements-adrien-phaneuf.elidevapp1aws.elisys-servers.ca\/fr\/wp-json\/wp\/v2\/product-sub-category?post=32901"},{"taxonomy":"brand","embeddable":true,"href":"http:\/\/wp-pgs-equipements-adrien-phaneuf.elidevapp1aws.elisys-servers.ca\/fr\/wp-json\/wp\/v2\/brand?post=32901"},{"taxonomy":"product-third-category","embeddable":true,"href":"http:\/\/wp-pgs-equipements-adrien-phaneuf.elidevapp1aws.elisys-servers.ca\/fr\/wp-json\/wp\/v2\/product-third-category?post=32901"}],"curies":[{"name":"wp","href":"https:\/\/api.w.org\/{rel}","templated":true}]}}