{"id":32934,"date":"2020-09-30T12:22:24","date_gmt":"2020-09-30T16:22:24","guid":{"rendered":"http:\/\/wp-pgs-equipements-adrien-phaneuf.elidevapp1aws.elisys-servers.ca\/product\/116-tracteur-puma-avec-lumieres-son-caseih-zfn35634\/"},"modified":"2024-11-29T06:03:41","modified_gmt":"2024-11-29T11:03:41","slug":"116-tracteur-puma-avec-lumieres-son-caseih-zfn35634","status":"publish","type":"product","link":"http:\/\/wp-pgs-equipements-adrien-phaneuf.elidevapp1aws.elisys-servers.ca\/fr\/produit\/116-tracteur-puma-avec-lumieres-son-caseih-zfn35634\/","title":{"rendered":"1:16 Tracteur PUMA avec Lumi\u00e8res &#038; Son CASEIH (ZFN35634)"},"content":{"rendered":"<p>1:16 Case IH Puma Tracteur avec \u00e9clairage et son<\/p>\n<p>Cabine amovible avec dossier ouvert pour acc\u00e8s<\/p>\n<p>Attelage r\u00e9glable<\/p>\n<p>N\u00e9cessite 3 piles \u00ab\u00a0AAA\u00a0\u00bb<\/p>\n","protected":false},"excerpt":{"rendered":"<p>1:16 Case IH Puma Tracteur avec \u00e9clairage et son Cabine amovible avec dossier ouvert pour acc\u00e8s Attelage r\u00e9glable N\u00e9cessite 3 piles \u00ab\u00a0AAA\u00a0\u00bb<\/p>\n","protected":false},"featured_media":32935,"template":"","meta":[],"product-sub-category":[227],"brand":[111],"product-third-category":[],"acf":{"product_vendor":"CAS","product_stock_stematine":"0","product_stock_victoriaville":"0","product_stock_shefford":"0","product_stock_upton":"0","product_stock_huntingdon":"1","product_stock_durantaye":"0","product_stock_stclet":"0","product_stock_marieville":"0"},"_links":{"self":[{"href":"http:\/\/wp-pgs-equipements-adrien-phaneuf.elidevapp1aws.elisys-servers.ca\/fr\/wp-json\/wp\/v2\/product\/32934"}],"collection":[{"href":"http:\/\/wp-pgs-equipements-adrien-phaneuf.elidevapp1aws.elisys-servers.ca\/fr\/wp-json\/wp\/v2\/product"}],"about":[{"href":"http:\/\/wp-pgs-equipements-adrien-phaneuf.elidevapp1aws.elisys-servers.ca\/fr\/wp-json\/wp\/v2\/types\/product"}],"wp:featuredmedia":[{"embeddable":true,"href":"http:\/\/wp-pgs-equipements-adrien-phaneuf.elidevapp1aws.elisys-servers.ca\/fr\/wp-json\/wp\/v2\/media\/32935"}],"wp:attachment":[{"href":"http:\/\/wp-pgs-equipements-adrien-phaneuf.elidevapp1aws.elisys-servers.ca\/fr\/wp-json\/wp\/v2\/media?parent=32934"}],"wp:term":[{"taxonomy":"product-sub-category","embeddable":true,"href":"http:\/\/wp-pgs-equipements-adrien-phaneuf.elidevapp1aws.elisys-servers.ca\/fr\/wp-json\/wp\/v2\/product-sub-category?post=32934"},{"taxonomy":"brand","embeddable":true,"href":"http:\/\/wp-pgs-equipements-adrien-phaneuf.elidevapp1aws.elisys-servers.ca\/fr\/wp-json\/wp\/v2\/brand?post=32934"},{"taxonomy":"product-third-category","embeddable":true,"href":"http:\/\/wp-pgs-equipements-adrien-phaneuf.elidevapp1aws.elisys-servers.ca\/fr\/wp-json\/wp\/v2\/product-third-category?post=32934"}],"curies":[{"name":"wp","href":"https:\/\/api.w.org\/{rel}","templated":true}]}}