{"id":32961,"date":"2020-09-30T12:23:24","date_gmt":"2020-09-30T16:23:24","guid":{"rendered":"http:\/\/wp-pgs-equipements-adrien-phaneuf.elidevapp1aws.elisys-servers.ca\/product\/tracteur-case-ih-a-batterie-12-volt-avec-remorque\/"},"modified":"2024-01-29T06:03:56","modified_gmt":"2024-01-29T11:03:56","slug":"tracteur-case-ih-a-batterie-12-volt-avec-remorque","status":"publish","type":"product","link":"http:\/\/wp-pgs-equipements-adrien-phaneuf.elidevapp1aws.elisys-servers.ca\/fr\/produit\/tracteur-case-ih-a-batterie-12-volt-avec-remorque\/","title":{"rendered":"Tracteur Case IH \u00e0 batterie 12 Volt avec remorque"},"content":{"rendered":"<p>Tracteur Case IH \u00e0 batterie 12 Volt avec remorque<br \/>\n\u2022 2 vitesses plus reculons 3,75 et 7,5 km\/h (verrouillage du 7,5 km\/h pour les tout-petits)<br \/>\n\u2022 Remorque extra grande<br \/>\n\u2022 Roues de tracteur de ferme \u00e0 bonne traction sur gazon, terre, gravier ou pav\u00e9<br \/>\n\u2022 La p\u00e9dale d&rsquo;acc\u00e9l\u00e9rateur avec les freins automatiques<br \/>\n\u2022 Si\u00e8ge r\u00e9glable avec appui-bras \u00e0 rabat<br \/>\n\u2022 2\u00e8me ann\u00e9e de garantie gratuite avec participation du consommateur<br \/>\n\u2022 Batterie rechargeable de 12 volts avec chargeur compris<br \/>\n\u2022 \u00c2ges : 3 ans et plus<br \/>\n\u2022 Poids maximal : 38,6 kg (85 lb)\u00a0<br \/>\n\u2022 Dimensions du produit assembl\u00e9 : 67,50 l x 26,50 P x 24,50 L po x 43 p livres<\/p>\n","protected":false},"excerpt":{"rendered":"<p>Tracteur Case IH \u00e0 batterie 12 Volt avec remorque \u2022 2 vitesses plus reculons 3,75 et 7,5 km\/h (verrouillage du 7,5 km\/h pour les tout-petits) \u2022 Remorque extra grande \u2022 Roues de tracteur de ferme \u00e0 bonne traction sur gazon, terre, gravier ou pav\u00e9 \u2022 La p\u00e9dale d&rsquo;acc\u00e9l\u00e9rateur avec les freins automatiques \u2022 Si\u00e8ge r\u00e9glable &hellip; <a href=\"http:\/\/wp-pgs-equipements-adrien-phaneuf.elidevapp1aws.elisys-servers.ca\/fr\/produit\/tracteur-case-ih-a-batterie-12-volt-avec-remorque\/\">Suite<\/a><\/p>\n","protected":false},"featured_media":32962,"template":"","meta":[],"product-sub-category":[227],"brand":[111],"product-third-category":[],"acf":{"product_vendor":"CAS","product_stock_victoriaville":"0","product_stock_shefford":"0","product_stock_upton":"0","product_stock_durantaye":"0","product_stock_marieville":"0","product_stock_stclet":"0"},"_links":{"self":[{"href":"http:\/\/wp-pgs-equipements-adrien-phaneuf.elidevapp1aws.elisys-servers.ca\/fr\/wp-json\/wp\/v2\/product\/32961"}],"collection":[{"href":"http:\/\/wp-pgs-equipements-adrien-phaneuf.elidevapp1aws.elisys-servers.ca\/fr\/wp-json\/wp\/v2\/product"}],"about":[{"href":"http:\/\/wp-pgs-equipements-adrien-phaneuf.elidevapp1aws.elisys-servers.ca\/fr\/wp-json\/wp\/v2\/types\/product"}],"wp:featuredmedia":[{"embeddable":true,"href":"http:\/\/wp-pgs-equipements-adrien-phaneuf.elidevapp1aws.elisys-servers.ca\/fr\/wp-json\/wp\/v2\/media\/32962"}],"wp:attachment":[{"href":"http:\/\/wp-pgs-equipements-adrien-phaneuf.elidevapp1aws.elisys-servers.ca\/fr\/wp-json\/wp\/v2\/media?parent=32961"}],"wp:term":[{"taxonomy":"product-sub-category","embeddable":true,"href":"http:\/\/wp-pgs-equipements-adrien-phaneuf.elidevapp1aws.elisys-servers.ca\/fr\/wp-json\/wp\/v2\/product-sub-category?post=32961"},{"taxonomy":"brand","embeddable":true,"href":"http:\/\/wp-pgs-equipements-adrien-phaneuf.elidevapp1aws.elisys-servers.ca\/fr\/wp-json\/wp\/v2\/brand?post=32961"},{"taxonomy":"product-third-category","embeddable":true,"href":"http:\/\/wp-pgs-equipements-adrien-phaneuf.elidevapp1aws.elisys-servers.ca\/fr\/wp-json\/wp\/v2\/product-third-category?post=32961"}],"curies":[{"name":"wp","href":"https:\/\/api.w.org\/{rel}","templated":true}]}}