{"id":32966,"date":"2020-09-30T12:23:24","date_gmt":"2020-09-30T16:23:24","guid":{"rendered":"http:\/\/wp-pgs-equipements-adrien-phaneuf.elidevapp1aws.elisys-servers.ca\/product\/lil-tracteur-wagon-6-volt-peg-perego-case-ih-zfn44063\/"},"modified":"2023-08-08T20:00:59","modified_gmt":"2023-08-09T00:00:59","slug":"lil-tracteur-wagon-6-volt-peg-perego-case-ih-zfn44063","status":"publish","type":"product","link":"http:\/\/wp-pgs-equipements-adrien-phaneuf.elidevapp1aws.elisys-servers.ca\/fr\/produit\/lil-tracteur-wagon-6-volt-peg-perego-case-ih-zfn44063\/","title":{"rendered":"LIL &lsquo;TRACTEUR \/ WAGON 6 VOLT PEG PEREGO CASE IH (ZFN44063)"},"content":{"rendered":"<p>&#8211; 2 1\/4 MPH<br \/>\n&#8211; Si\u00e8ge r\u00e9glable<br \/>\n&#8211; Batterie et chargeur inclus<br \/>\n&#8211; Garantie prolong\u00e9e de 2 ans<br \/>\n&#8211; Age de 2 \u00e0 4 ans<br \/>\n&#8211; Limite de poids 55 lbs<\/p>\n","protected":false},"excerpt":{"rendered":"<p>&#8211; 2 1\/4 MPH &#8211; Si\u00e8ge r\u00e9glable &#8211; Batterie et chargeur inclus &#8211; Garantie prolong\u00e9e de 2 ans &#8211; Age de 2 \u00e0 4 ans &#8211; Limite de poids 55 lbs<\/p>\n","protected":false},"featured_media":32967,"template":"","meta":[],"product-sub-category":[227],"brand":[111],"product-third-category":[],"acf":{"product_vendor":"CAS","product_stock_victoriaville":"0","product_stock_durantaye":"0","product_stock_marieville":"0","product_stock_upton":"0"},"_links":{"self":[{"href":"http:\/\/wp-pgs-equipements-adrien-phaneuf.elidevapp1aws.elisys-servers.ca\/fr\/wp-json\/wp\/v2\/product\/32966"}],"collection":[{"href":"http:\/\/wp-pgs-equipements-adrien-phaneuf.elidevapp1aws.elisys-servers.ca\/fr\/wp-json\/wp\/v2\/product"}],"about":[{"href":"http:\/\/wp-pgs-equipements-adrien-phaneuf.elidevapp1aws.elisys-servers.ca\/fr\/wp-json\/wp\/v2\/types\/product"}],"wp:featuredmedia":[{"embeddable":true,"href":"http:\/\/wp-pgs-equipements-adrien-phaneuf.elidevapp1aws.elisys-servers.ca\/fr\/wp-json\/wp\/v2\/media\/32967"}],"wp:attachment":[{"href":"http:\/\/wp-pgs-equipements-adrien-phaneuf.elidevapp1aws.elisys-servers.ca\/fr\/wp-json\/wp\/v2\/media?parent=32966"}],"wp:term":[{"taxonomy":"product-sub-category","embeddable":true,"href":"http:\/\/wp-pgs-equipements-adrien-phaneuf.elidevapp1aws.elisys-servers.ca\/fr\/wp-json\/wp\/v2\/product-sub-category?post=32966"},{"taxonomy":"brand","embeddable":true,"href":"http:\/\/wp-pgs-equipements-adrien-phaneuf.elidevapp1aws.elisys-servers.ca\/fr\/wp-json\/wp\/v2\/brand?post=32966"},{"taxonomy":"product-third-category","embeddable":true,"href":"http:\/\/wp-pgs-equipements-adrien-phaneuf.elidevapp1aws.elisys-servers.ca\/fr\/wp-json\/wp\/v2\/product-third-category?post=32966"}],"curies":[{"name":"wp","href":"https:\/\/api.w.org\/{rel}","templated":true}]}}