{"id":32969,"date":"2020-09-30T12:23:24","date_gmt":"2020-09-30T16:23:24","guid":{"rendered":"http:\/\/wp-pgs-equipements-adrien-phaneuf.elidevapp1aws.elisys-servers.ca\/product\/tracteur-case-ih-a-batterie-12-volt-avec-remorque-zfn44065\/"},"modified":"2024-08-30T06:03:53","modified_gmt":"2024-08-30T10:03:53","slug":"tracteur-case-ih-a-batterie-12-volt-avec-remorque-zfn44065","status":"publish","type":"product","link":"http:\/\/wp-pgs-equipements-adrien-phaneuf.elidevapp1aws.elisys-servers.ca\/fr\/produit\/tracteur-case-ih-a-batterie-12-volt-avec-remorque-zfn44065\/","title":{"rendered":"TRACTEUR CASE IH \u00c0 BATTERIE 12 VOLT AVEC REMORQUE (ZFN44065)"},"content":{"rendered":"<p>2 vitesses plus reculons 3,75 et 7,5 km\/h (verrouillage du 7,5 km\/h pour les tout-petits)<\/p>\n<p>Remorque extra grande<\/p>\n<p>Roues de tracteur de ferme \u00e0 bonne traction sur gazon, terre, gravier ou pav\u00e9<\/p>\n<p>La p\u00e9dale d&rsquo;acc\u00e9l\u00e9rateur avec les freins automatiques<\/p>\n<p>Si\u00e8ge r\u00e9glable avec appui-bras \u00e0 rabat<\/p>\n<p>2\u00e8me ann\u00e9e de garantie gratuite avec participation du consommateur<\/p>\n<p>Batterie rechargeable de 12 volts avec chargeur compris<\/p>\n<p>\u00c2ges : 3 ans et plus<\/p>\n<p>Poids maximal : 38,6 kg (85 lb)\u00a0<\/p>\n<p>Dimensions du produit assembl\u00e9 : 67,50 l x 26,50 P x 24,50 L po x 43 p livres<\/p>\n","protected":false},"excerpt":{"rendered":"<p>2 vitesses plus reculons 3,75 et 7,5 km\/h (verrouillage du 7,5 km\/h pour les tout-petits) Remorque extra grande Roues de tracteur de ferme \u00e0 bonne traction sur gazon, terre, gravier ou pav\u00e9 La p\u00e9dale d&rsquo;acc\u00e9l\u00e9rateur avec les freins automatiques Si\u00e8ge r\u00e9glable avec appui-bras \u00e0 rabat 2\u00e8me ann\u00e9e de garantie gratuite avec participation du consommateur Batterie &hellip; <a href=\"http:\/\/wp-pgs-equipements-adrien-phaneuf.elidevapp1aws.elisys-servers.ca\/fr\/produit\/tracteur-case-ih-a-batterie-12-volt-avec-remorque-zfn44065\/\">Suite<\/a><\/p>\n","protected":false},"featured_media":32970,"template":"","meta":[],"product-sub-category":[227],"brand":[111],"product-third-category":[],"acf":{"product_vendor":"CAS","product_stock_victoriaville":"0","product_stock_durantaye":"0","product_stock_marieville":"0","product_stock_upton":"0"},"_links":{"self":[{"href":"http:\/\/wp-pgs-equipements-adrien-phaneuf.elidevapp1aws.elisys-servers.ca\/fr\/wp-json\/wp\/v2\/product\/32969"}],"collection":[{"href":"http:\/\/wp-pgs-equipements-adrien-phaneuf.elidevapp1aws.elisys-servers.ca\/fr\/wp-json\/wp\/v2\/product"}],"about":[{"href":"http:\/\/wp-pgs-equipements-adrien-phaneuf.elidevapp1aws.elisys-servers.ca\/fr\/wp-json\/wp\/v2\/types\/product"}],"wp:featuredmedia":[{"embeddable":true,"href":"http:\/\/wp-pgs-equipements-adrien-phaneuf.elidevapp1aws.elisys-servers.ca\/fr\/wp-json\/wp\/v2\/media\/32970"}],"wp:attachment":[{"href":"http:\/\/wp-pgs-equipements-adrien-phaneuf.elidevapp1aws.elisys-servers.ca\/fr\/wp-json\/wp\/v2\/media?parent=32969"}],"wp:term":[{"taxonomy":"product-sub-category","embeddable":true,"href":"http:\/\/wp-pgs-equipements-adrien-phaneuf.elidevapp1aws.elisys-servers.ca\/fr\/wp-json\/wp\/v2\/product-sub-category?post=32969"},{"taxonomy":"brand","embeddable":true,"href":"http:\/\/wp-pgs-equipements-adrien-phaneuf.elidevapp1aws.elisys-servers.ca\/fr\/wp-json\/wp\/v2\/brand?post=32969"},{"taxonomy":"product-third-category","embeddable":true,"href":"http:\/\/wp-pgs-equipements-adrien-phaneuf.elidevapp1aws.elisys-servers.ca\/fr\/wp-json\/wp\/v2\/product-third-category?post=32969"}],"curies":[{"name":"wp","href":"https:\/\/api.w.org\/{rel}","templated":true}]}}