{"id":32984,"date":"2020-09-30T12:23:24","date_gmt":"2020-09-30T16:23:24","guid":{"rendered":"http:\/\/wp-pgs-equipements-adrien-phaneuf.elidevapp1aws.elisys-servers.ca\/product\/116-tracteur-puma-180-caseih-zfn46072\/"},"modified":"2025-09-30T06:04:35","modified_gmt":"2025-09-30T10:04:35","slug":"116-tracteur-puma-180-caseih-zfn46072","status":"publish","type":"product","link":"http:\/\/wp-pgs-equipements-adrien-phaneuf.elidevapp1aws.elisys-servers.ca\/fr\/produit\/116-tracteur-puma-180-caseih-zfn46072\/","title":{"rendered":"1:16 TRACTEUR PUMA 180 CASEIH (ZFN46072)"},"content":{"rendered":"<p>1\/16 Puma 180<\/p>\n<p>Lumi\u00e8res et sons<\/p>\n<p>Cabine d\u00e9tachable avec porte arri\u00e8re ouvrant pour acc\u00e8s,<\/p>\n<p>Attelage ajustable pour autres pi\u00e8ces, grandeur 1\/16.<\/p>\n<p>Requiert batteries AAA (incluses).<\/p>\n<p>Enfants 3 ans et plus.<\/p>\n","protected":false},"excerpt":{"rendered":"<p>1\/16 Puma 180 Lumi\u00e8res et sons Cabine d\u00e9tachable avec porte arri\u00e8re ouvrant pour acc\u00e8s, Attelage ajustable pour autres pi\u00e8ces, grandeur 1\/16. Requiert batteries AAA (incluses). Enfants 3 ans et plus.<\/p>\n","protected":false},"featured_media":32985,"template":"","meta":[],"product-sub-category":[227],"brand":[111],"product-third-category":[],"acf":{"product_vendor":"CAS","product_stock_stematine":"0","product_stock_victoriaville":"4","product_stock_shefford":"1","product_stock_huntingdon":"0","product_stock_marieville":"4","product_stock_stclet":"1","product_stock_upton":"2","product_stock_durantaye":"1"},"_links":{"self":[{"href":"http:\/\/wp-pgs-equipements-adrien-phaneuf.elidevapp1aws.elisys-servers.ca\/fr\/wp-json\/wp\/v2\/product\/32984"}],"collection":[{"href":"http:\/\/wp-pgs-equipements-adrien-phaneuf.elidevapp1aws.elisys-servers.ca\/fr\/wp-json\/wp\/v2\/product"}],"about":[{"href":"http:\/\/wp-pgs-equipements-adrien-phaneuf.elidevapp1aws.elisys-servers.ca\/fr\/wp-json\/wp\/v2\/types\/product"}],"wp:featuredmedia":[{"embeddable":true,"href":"http:\/\/wp-pgs-equipements-adrien-phaneuf.elidevapp1aws.elisys-servers.ca\/fr\/wp-json\/wp\/v2\/media\/32985"}],"wp:attachment":[{"href":"http:\/\/wp-pgs-equipements-adrien-phaneuf.elidevapp1aws.elisys-servers.ca\/fr\/wp-json\/wp\/v2\/media?parent=32984"}],"wp:term":[{"taxonomy":"product-sub-category","embeddable":true,"href":"http:\/\/wp-pgs-equipements-adrien-phaneuf.elidevapp1aws.elisys-servers.ca\/fr\/wp-json\/wp\/v2\/product-sub-category?post=32984"},{"taxonomy":"brand","embeddable":true,"href":"http:\/\/wp-pgs-equipements-adrien-phaneuf.elidevapp1aws.elisys-servers.ca\/fr\/wp-json\/wp\/v2\/brand?post=32984"},{"taxonomy":"product-third-category","embeddable":true,"href":"http:\/\/wp-pgs-equipements-adrien-phaneuf.elidevapp1aws.elisys-servers.ca\/fr\/wp-json\/wp\/v2\/product-third-category?post=32984"}],"curies":[{"name":"wp","href":"https:\/\/api.w.org\/{rel}","templated":true}]}}