{"id":32990,"date":"2020-09-30T12:24:08","date_gmt":"2020-09-30T16:24:08","guid":{"rendered":"http:\/\/wp-pgs-equipements-adrien-phaneuf.elidevapp1aws.elisys-servers.ca\/product\/zfn46184-116-big-farm-camion-peterbilt-367-avec-boite-a-grain\/"},"modified":"2024-11-10T06:03:36","modified_gmt":"2024-11-10T11:03:36","slug":"zfn46184-116-big-farm-camion-peterbilt-367-avec-boite-a-grain","status":"publish","type":"product","link":"http:\/\/wp-pgs-equipements-adrien-phaneuf.elidevapp1aws.elisys-servers.ca\/fr\/produit\/zfn46184-116-big-farm-camion-peterbilt-367-avec-boite-a-grain\/","title":{"rendered":"ZFN46184 1:16 Big Farm Camion Peterbilt 367 avec bo\u00eete \u00e0 grain"},"content":{"rendered":"<p>1\/16 Camion Peterbilt 367 Big Farm avec bo\u00eete \u00e0 grain &#8211; Incluant remorque \u00e0 grain \u2013 45\u2019\u2019 L x 6.5\u2019\u2019 L x 7.5\u2019\u2019 H. Camion comprend lumi\u00e8res et sons, portes de cabine ouvrantes, roues avant amovibles. Remorque comprend toile ouvrante, porte \u00e0 grain ouvrante. Requiert batteries AAA (incluses). Enfants 3 ans et plus.<\/p>\n","protected":false},"excerpt":{"rendered":"<p>1\/16 Camion Peterbilt 367 Big Farm avec bo\u00eete \u00e0 grain &#8211; Incluant remorque \u00e0 grain \u2013 45\u2019\u2019 L x 6.5\u2019\u2019 L x 7.5\u2019\u2019 H. Camion comprend lumi\u00e8res et sons, portes de cabine ouvrantes, roues avant amovibles. Remorque comprend toile ouvrante, porte \u00e0 grain ouvrante. Requiert batteries AAA (incluses). Enfants 3 ans et plus.<\/p>\n","protected":false},"featured_media":32991,"template":"","meta":[],"product-sub-category":[227],"brand":[111],"product-third-category":[],"acf":{"product_vendor":"CAS","product_stock_victoriaville":"0","product_stock_huntingdon":"0","product_stock_marieville":"0","product_stock_stclet":"0"},"_links":{"self":[{"href":"http:\/\/wp-pgs-equipements-adrien-phaneuf.elidevapp1aws.elisys-servers.ca\/fr\/wp-json\/wp\/v2\/product\/32990"}],"collection":[{"href":"http:\/\/wp-pgs-equipements-adrien-phaneuf.elidevapp1aws.elisys-servers.ca\/fr\/wp-json\/wp\/v2\/product"}],"about":[{"href":"http:\/\/wp-pgs-equipements-adrien-phaneuf.elidevapp1aws.elisys-servers.ca\/fr\/wp-json\/wp\/v2\/types\/product"}],"wp:featuredmedia":[{"embeddable":true,"href":"http:\/\/wp-pgs-equipements-adrien-phaneuf.elidevapp1aws.elisys-servers.ca\/fr\/wp-json\/wp\/v2\/media\/32991"}],"wp:attachment":[{"href":"http:\/\/wp-pgs-equipements-adrien-phaneuf.elidevapp1aws.elisys-servers.ca\/fr\/wp-json\/wp\/v2\/media?parent=32990"}],"wp:term":[{"taxonomy":"product-sub-category","embeddable":true,"href":"http:\/\/wp-pgs-equipements-adrien-phaneuf.elidevapp1aws.elisys-servers.ca\/fr\/wp-json\/wp\/v2\/product-sub-category?post=32990"},{"taxonomy":"brand","embeddable":true,"href":"http:\/\/wp-pgs-equipements-adrien-phaneuf.elidevapp1aws.elisys-servers.ca\/fr\/wp-json\/wp\/v2\/brand?post=32990"},{"taxonomy":"product-third-category","embeddable":true,"href":"http:\/\/wp-pgs-equipements-adrien-phaneuf.elidevapp1aws.elisys-servers.ca\/fr\/wp-json\/wp\/v2\/product-third-category?post=32990"}],"curies":[{"name":"wp","href":"https:\/\/api.w.org\/{rel}","templated":true}]}}