{"id":33023,"date":"2020-09-30T12:24:46","date_gmt":"2020-09-30T16:24:46","guid":{"rendered":"http:\/\/wp-pgs-equipements-adrien-phaneuf.elidevapp1aws.elisys-servers.ca\/product\/132-peterbilt-579-avec-remorque-a-grain\/"},"modified":"2024-03-26T06:07:10","modified_gmt":"2024-03-26T10:07:10","slug":"132-peterbilt-579-avec-remorque-a-grain","status":"publish","type":"product","link":"http:\/\/wp-pgs-equipements-adrien-phaneuf.elidevapp1aws.elisys-servers.ca\/fr\/produit\/132-peterbilt-579-avec-remorque-a-grain\/","title":{"rendered":"1:32 Peterbilt 579 avec Remorque \u00c0 Grain"},"content":{"rendered":"<p>Tr\u00e9mie de travail<br \/>\nOuverture de la b\u00e2che<br \/>\nRemorque \u00e0 Grain D\u00e9tachable<br \/>\nCompatible avec d&rsquo;autres jouets 1\/32<br \/>\nPour les 3 ans et plus<\/p>\n","protected":false},"excerpt":{"rendered":"<p>Tr\u00e9mie de travail Ouverture de la b\u00e2che Remorque \u00e0 Grain D\u00e9tachable Compatible avec d&rsquo;autres jouets 1\/32 Pour les 3 ans et plus<\/p>\n","protected":false},"featured_media":33024,"template":"","meta":[],"product-sub-category":[227],"brand":[111],"product-third-category":[],"acf":{"product_vendor":"CAS","product_stock_huntingdon":"0"},"_links":{"self":[{"href":"http:\/\/wp-pgs-equipements-adrien-phaneuf.elidevapp1aws.elisys-servers.ca\/fr\/wp-json\/wp\/v2\/product\/33023"}],"collection":[{"href":"http:\/\/wp-pgs-equipements-adrien-phaneuf.elidevapp1aws.elisys-servers.ca\/fr\/wp-json\/wp\/v2\/product"}],"about":[{"href":"http:\/\/wp-pgs-equipements-adrien-phaneuf.elidevapp1aws.elisys-servers.ca\/fr\/wp-json\/wp\/v2\/types\/product"}],"wp:featuredmedia":[{"embeddable":true,"href":"http:\/\/wp-pgs-equipements-adrien-phaneuf.elidevapp1aws.elisys-servers.ca\/fr\/wp-json\/wp\/v2\/media\/33024"}],"wp:attachment":[{"href":"http:\/\/wp-pgs-equipements-adrien-phaneuf.elidevapp1aws.elisys-servers.ca\/fr\/wp-json\/wp\/v2\/media?parent=33023"}],"wp:term":[{"taxonomy":"product-sub-category","embeddable":true,"href":"http:\/\/wp-pgs-equipements-adrien-phaneuf.elidevapp1aws.elisys-servers.ca\/fr\/wp-json\/wp\/v2\/product-sub-category?post=33023"},{"taxonomy":"brand","embeddable":true,"href":"http:\/\/wp-pgs-equipements-adrien-phaneuf.elidevapp1aws.elisys-servers.ca\/fr\/wp-json\/wp\/v2\/brand?post=33023"},{"taxonomy":"product-third-category","embeddable":true,"href":"http:\/\/wp-pgs-equipements-adrien-phaneuf.elidevapp1aws.elisys-servers.ca\/fr\/wp-json\/wp\/v2\/product-third-category?post=33023"}],"curies":[{"name":"wp","href":"https:\/\/api.w.org\/{rel}","templated":true}]}}